{"id":2559,"date":"2022-03-22T09:39:53","date_gmt":"2022-03-22T08:39:53","guid":{"rendered":"https:\/\/www.mosquetas.com\/prodotto\/omegarosa-copia-2\/"},"modified":"2024-11-18T12:12:27","modified_gmt":"2024-11-18T11:12:27","slug":"omegarosa-copia-2","status":"publish","type":"product","link":"https:\/\/www.mosquetas.com\/fr\/pr\/omegarosa-copia-2\/","title":{"rendered":"OMEGAROSA\u00ae X2 + Livre GRATUIT"},"content":{"rendered":"<p><strong>Capsules d\u2019huile vierge dynamis\u00e9e de Rose Musqu\u00e9e biologique<\/strong>, est l\u2019une des rares sources v\u00e9g\u00e9tales des deux acides gras essentiels\u00a0<strong>Omega 3<\/strong>\u00a0\u2013<strong>\u00a0Omega 6<\/strong>\u00a0en proportion \u00e9lev\u00e9e et \u00e9quilibr\u00e9e (35% \u2013 45%).<\/p>\n<p>90 capsules X2 + Livre GRATUIT (\u00e9dition italienne)<\/p>\n","protected":false},"excerpt":{"rendered":"<p>Capsules d\u2019huile vierge dynamis\u00e9e de Rose Musqu\u00e9e biologique<\/p>\n","protected":false},"featured_media":2594,"template":"","meta":[],"product_brand":[],"product_cat":[238,243,414],"product_tag":[],"class_list":{"0":"post-2559","1":"product","2":"type-product","3":"status-publish","4":"has-post-thumbnail","6":"product_cat-complements-alimentaires","7":"product_cat-livres","8":"product_cat-promos","10":"first","11":"instock","12":"taxable","13":"shipping-taxable","14":"purchasable","15":"product-type-simple"},"_links":{"self":[{"href":"https:\/\/www.mosquetas.com\/fr\/wp-json\/wp\/v2\/product\/2559","targetHints":{"allow":["GET"]}}],"collection":[{"href":"https:\/\/www.mosquetas.com\/fr\/wp-json\/wp\/v2\/product"}],"about":[{"href":"https:\/\/www.mosquetas.com\/fr\/wp-json\/wp\/v2\/types\/product"}],"wp:featuredmedia":[{"embeddable":true,"href":"https:\/\/www.mosquetas.com\/fr\/wp-json\/wp\/v2\/media\/2594"}],"wp:attachment":[{"href":"https:\/\/www.mosquetas.com\/fr\/wp-json\/wp\/v2\/media?parent=2559"}],"wp:term":[{"taxonomy":"product_brand","embeddable":true,"href":"https:\/\/www.mosquetas.com\/fr\/wp-json\/wp\/v2\/product_brand?post=2559"},{"taxonomy":"product_cat","embeddable":true,"href":"https:\/\/www.mosquetas.com\/fr\/wp-json\/wp\/v2\/product_cat?post=2559"},{"taxonomy":"product_tag","embeddable":true,"href":"https:\/\/www.mosquetas.com\/fr\/wp-json\/wp\/v2\/product_tag?post=2559"}],"curies":[{"name":"wp","href":"https:\/\/api.w.org\/{rel}","templated":true}]}}