{"id":2539,"date":"2015-06-04T09:12:59","date_gmt":"2015-06-04T07:12:59","guid":{"rendered":"https:\/\/www.mosquetas.com\/prodotto\/huile-essentielle-pure-dimmortelle-helichrysum-italicum-de-recolte-sauvage\/"},"modified":"2024-05-22T14:34:41","modified_gmt":"2024-05-22T12:34:41","slug":"huile-essentielle-pure-dimmortelle-helichrysum-italicum-de-recolte-sauvage","status":"publish","type":"product","link":"https:\/\/www.mosquetas.com\/fr\/pr\/huile-essentielle-pure-dimmortelle-helichrysum-italicum-de-recolte-sauvage\/","title":{"rendered":"Huile essentielle pure d\u2019Immortelle"},"content":{"rendered":"<p><strong>Huile essentielle pure d\u2019Immortelle<\/strong>\u00a0(Helichrysum italicum), particuli\u00e8rement pr\u00e9cieuse vu ses nombreuses propri\u00e9t\u00e9s. Il est extr\u00eamement utile de l\u2019avoir avec soi, \u00e0 la maison aussi bien qu\u2019en voyage.<\/p>\n<p><strong>5 ml<\/strong><\/p>\n","protected":false},"excerpt":{"rendered":"<p>Huile essentielle pure d\u2019Immortelle (Helichrysum italicum) de r\u00e9colte sauvage. 5 ml<\/p>\n","protected":false},"featured_media":2876,"template":"","meta":[],"product_brand":[],"product_cat":[387,247],"product_tag":[],"class_list":{"0":"post-2539","1":"product","2":"type-product","3":"status-publish","4":"has-post-thumbnail","6":"product_cat-huiles-2","7":"product_cat-ligne-elicrisia","9":"first","10":"instock","11":"taxable","12":"shipping-taxable","13":"purchasable","14":"product-type-simple"},"_links":{"self":[{"href":"https:\/\/www.mosquetas.com\/fr\/wp-json\/wp\/v2\/product\/2539","targetHints":{"allow":["GET"]}}],"collection":[{"href":"https:\/\/www.mosquetas.com\/fr\/wp-json\/wp\/v2\/product"}],"about":[{"href":"https:\/\/www.mosquetas.com\/fr\/wp-json\/wp\/v2\/types\/product"}],"wp:featuredmedia":[{"embeddable":true,"href":"https:\/\/www.mosquetas.com\/fr\/wp-json\/wp\/v2\/media\/2876"}],"wp:attachment":[{"href":"https:\/\/www.mosquetas.com\/fr\/wp-json\/wp\/v2\/media?parent=2539"}],"wp:term":[{"taxonomy":"product_brand","embeddable":true,"href":"https:\/\/www.mosquetas.com\/fr\/wp-json\/wp\/v2\/product_brand?post=2539"},{"taxonomy":"product_cat","embeddable":true,"href":"https:\/\/www.mosquetas.com\/fr\/wp-json\/wp\/v2\/product_cat?post=2539"},{"taxonomy":"product_tag","embeddable":true,"href":"https:\/\/www.mosquetas.com\/fr\/wp-json\/wp\/v2\/product_tag?post=2539"}],"curies":[{"name":"wp","href":"https:\/\/api.w.org\/{rel}","templated":true}]}}