{"id":2531,"date":"2015-06-04T15:53:47","date_gmt":"2015-06-04T13:53:47","guid":{"rendered":"https:\/\/www.mosquetas.com\/prodotto\/eau-de-soin-fraicheur-bio\/"},"modified":"2025-04-21T12:52:38","modified_gmt":"2025-04-21T10:52:38","slug":"eau-de-soin-fraicheur-bio","status":"publish","type":"product","link":"https:\/\/www.mosquetas.com\/fr\/pr\/eau-de-soin-fraicheur-bio\/","title":{"rendered":"Eau de Soin Fra\u00eecheur &#8211; Bio"},"content":{"rendered":"<p><strong>Sans alcool<\/strong>. Exerce une action apaisante, hydratante, dynamisante et anti-oxydante gr\u00e2ce \u00e0 ses pr\u00e9cieux actifs: hydrolats de Tilleul*, Millepertuis*, Hamam\u00e9lis*, extraits de Rose Musqu\u00e9e* et de Camomille, et au jus d\u2019Aloe Vera*. Conseill\u00e9e\u00a0<strong>pour rafra\u00eechir et stimuler la peau fatigu\u00e9e<\/strong>\u00a0\u00e0 tout moment de la journ\u00e9e.<\/p>\n<p>200ml<\/p>\n<p>*issu de l\u2019agriculture biologique<\/p>\n","protected":false},"excerpt":{"rendered":"<p><strong>Sans alcool<\/strong>. Exerce une action apaisante, hydratante, dynamisante et anti-oxydante gr\u00e2ce \u00e0 ses pr\u00e9cieux actifs BIO. \u00a0 200 ml<\/p>\n","protected":false},"featured_media":2866,"template":"","meta":[],"product_brand":[],"product_cat":[250,407],"product_tag":[],"class_list":{"0":"post-2531","1":"product","2":"type-product","3":"status-publish","4":"has-post-thumbnail","6":"product_cat-ligne-rose","7":"product_cat-nettoyage-et-traitement","9":"first","10":"outofstock","11":"taxable","12":"shipping-taxable","13":"purchasable","14":"product-type-simple"},"_links":{"self":[{"href":"https:\/\/www.mosquetas.com\/fr\/wp-json\/wp\/v2\/product\/2531","targetHints":{"allow":["GET"]}}],"collection":[{"href":"https:\/\/www.mosquetas.com\/fr\/wp-json\/wp\/v2\/product"}],"about":[{"href":"https:\/\/www.mosquetas.com\/fr\/wp-json\/wp\/v2\/types\/product"}],"wp:featuredmedia":[{"embeddable":true,"href":"https:\/\/www.mosquetas.com\/fr\/wp-json\/wp\/v2\/media\/2866"}],"wp:attachment":[{"href":"https:\/\/www.mosquetas.com\/fr\/wp-json\/wp\/v2\/media?parent=2531"}],"wp:term":[{"taxonomy":"product_brand","embeddable":true,"href":"https:\/\/www.mosquetas.com\/fr\/wp-json\/wp\/v2\/product_brand?post=2531"},{"taxonomy":"product_cat","embeddable":true,"href":"https:\/\/www.mosquetas.com\/fr\/wp-json\/wp\/v2\/product_cat?post=2531"},{"taxonomy":"product_tag","embeddable":true,"href":"https:\/\/www.mosquetas.com\/fr\/wp-json\/wp\/v2\/product_tag?post=2531"}],"curies":[{"name":"wp","href":"https:\/\/api.w.org\/{rel}","templated":true}]}}