{"id":2527,"date":"2015-07-29T08:48:03","date_gmt":"2015-07-29T06:48:03","guid":{"rendered":"https:\/\/www.mosquetas.com\/prodotto\/gommage-doux-bio\/"},"modified":"2025-04-21T12:52:37","modified_gmt":"2025-04-21T10:52:37","slug":"gommage-doux-bio","status":"publish","type":"product","link":"https:\/\/www.mosquetas.com\/fr\/pr\/gommage-doux-bio\/","title":{"rendered":"Gommage Doux &#8211; Bio"},"content":{"rendered":"<p>Essentiel pour\u00a0<strong>la r\u00e9g\u00e9n\u00e9ration de l\u2019\u00e9piderme<\/strong>. Elimine les impuret\u00e9s et les cellules mortes et \u00e9claircit le teint. L\u2019exfoliation tr\u00e8s douce (gr\u00e2ce aux particules de riz), associ\u00e9e \u00e0 l\u2019action des huiles de Rose Musqu\u00e9e* (r\u00e9g\u00e9n\u00e9rante) et de S\u00e9same* (\u00e9molliente) laisse la peau nette et douce sans l\u2019agresser.<\/p>\n<p>75ml<\/p>\n<p>*issu de l\u2019agriculture biologique<\/p>\n","protected":false},"excerpt":{"rendered":"<p>Essentiel pour\u00a0la r\u00e9g\u00e9n\u00e9ration de l\u2019\u00e9piderme. Elimine les impuret\u00e9s et les cellules mortes et \u00e9claircit le teint<\/p>\n","protected":false},"featured_media":2861,"template":"","meta":[],"product_brand":[],"product_cat":[250,407],"product_tag":[],"class_list":{"0":"post-2527","1":"product","2":"type-product","3":"status-publish","4":"has-post-thumbnail","6":"product_cat-ligne-rose","7":"product_cat-nettoyage-et-traitement","9":"first","10":"outofstock","11":"taxable","12":"shipping-taxable","13":"purchasable","14":"product-type-simple"},"_links":{"self":[{"href":"https:\/\/www.mosquetas.com\/fr\/wp-json\/wp\/v2\/product\/2527","targetHints":{"allow":["GET"]}}],"collection":[{"href":"https:\/\/www.mosquetas.com\/fr\/wp-json\/wp\/v2\/product"}],"about":[{"href":"https:\/\/www.mosquetas.com\/fr\/wp-json\/wp\/v2\/types\/product"}],"wp:featuredmedia":[{"embeddable":true,"href":"https:\/\/www.mosquetas.com\/fr\/wp-json\/wp\/v2\/media\/2861"}],"wp:attachment":[{"href":"https:\/\/www.mosquetas.com\/fr\/wp-json\/wp\/v2\/media?parent=2527"}],"wp:term":[{"taxonomy":"product_brand","embeddable":true,"href":"https:\/\/www.mosquetas.com\/fr\/wp-json\/wp\/v2\/product_brand?post=2527"},{"taxonomy":"product_cat","embeddable":true,"href":"https:\/\/www.mosquetas.com\/fr\/wp-json\/wp\/v2\/product_cat?post=2527"},{"taxonomy":"product_tag","embeddable":true,"href":"https:\/\/www.mosquetas.com\/fr\/wp-json\/wp\/v2\/product_tag?post=2527"}],"curies":[{"name":"wp","href":"https:\/\/api.w.org\/{rel}","templated":true}]}}