{"id":2523,"date":"2015-07-29T08:54:00","date_gmt":"2015-07-29T06:54:00","guid":{"rendered":"https:\/\/www.mosquetas.com\/prodotto\/masque-fraicheur-bio\/"},"modified":"2025-04-21T12:52:38","modified_gmt":"2025-04-21T10:52:38","slug":"masque-fraicheur-bio","status":"publish","type":"product","link":"https:\/\/www.mosquetas.com\/fr\/pr\/masque-fraicheur-bio\/","title":{"rendered":"Masque Fra\u00eecheur \u2013 Bio"},"content":{"rendered":"<p>Pour une mise en beaut\u00e9 imm\u00e9diate: ce masque\u00a0<strong>revitalise et r\u00e9hydrate<\/strong>\u00a0intens\u00e9ment tous les types de peau, gr\u00e2ce \u00e0 l\u2019huile de Rose Musqu\u00e9e* (r\u00e9g\u00e9n\u00e9rante) et \u00e0 l\u2019huile de S\u00e9same (\u00e9molliente), associ\u00e9es \u00e0 l\u2019hydrolat d\u2019Hamam\u00e9lis* (tonifiant et apaisant), de Millepertuis*(tr\u00e8s hydratant), et \u00e0 l\u2019extrait d\u2019Avoine*(ultra lissant). Laisse une tr\u00e8s agr\u00e9able sensation de bien-\u00eatre.<\/p>\n<p>75ml<\/p>\n<p>*issu de l\u2019agriculture biologique<\/p>\n","protected":false},"excerpt":{"rendered":"<p>Pour une mise en beaut\u00e9 imm\u00e9diate: ce masque\u00a0revitalise et r\u00e9hydrate\u00a0intens\u00e9ment tous les types de peau<\/p>\n","protected":false},"featured_media":2856,"template":"","meta":[],"product_brand":[],"product_cat":[250,407],"product_tag":[],"class_list":{"0":"post-2523","1":"product","2":"type-product","3":"status-publish","4":"has-post-thumbnail","6":"product_cat-ligne-rose","7":"product_cat-nettoyage-et-traitement","9":"first","10":"outofstock","11":"taxable","12":"shipping-taxable","13":"purchasable","14":"product-type-simple"},"_links":{"self":[{"href":"https:\/\/www.mosquetas.com\/fr\/wp-json\/wp\/v2\/product\/2523","targetHints":{"allow":["GET"]}}],"collection":[{"href":"https:\/\/www.mosquetas.com\/fr\/wp-json\/wp\/v2\/product"}],"about":[{"href":"https:\/\/www.mosquetas.com\/fr\/wp-json\/wp\/v2\/types\/product"}],"wp:featuredmedia":[{"embeddable":true,"href":"https:\/\/www.mosquetas.com\/fr\/wp-json\/wp\/v2\/media\/2856"}],"wp:attachment":[{"href":"https:\/\/www.mosquetas.com\/fr\/wp-json\/wp\/v2\/media?parent=2523"}],"wp:term":[{"taxonomy":"product_brand","embeddable":true,"href":"https:\/\/www.mosquetas.com\/fr\/wp-json\/wp\/v2\/product_brand?post=2523"},{"taxonomy":"product_cat","embeddable":true,"href":"https:\/\/www.mosquetas.com\/fr\/wp-json\/wp\/v2\/product_cat?post=2523"},{"taxonomy":"product_tag","embeddable":true,"href":"https:\/\/www.mosquetas.com\/fr\/wp-json\/wp\/v2\/product_tag?post=2523"}],"curies":[{"name":"wp","href":"https:\/\/api.w.org\/{rel}","templated":true}]}}