{"id":2515,"date":"2015-07-29T09:04:18","date_gmt":"2015-07-29T07:04:18","guid":{"rendered":"https:\/\/www.mosquetas.com\/prodotto\/creme-tonus-anti-age-bio\/"},"modified":"2025-04-16T14:12:23","modified_gmt":"2025-04-16T12:12:23","slug":"creme-tonus-anti-age-bio","status":"publish","type":"product","link":"https:\/\/www.mosquetas.com\/fr\/pr\/creme-tonus-anti-age-bio\/","title":{"rendered":"Cr\u00e8me Tonus Anti-\u00c2ge \u2013 Bio"},"content":{"rendered":"<p><strong>Cr\u00e8me anti-\u00e2ge<\/strong>\u00a0ultra riche en actifs pr\u00e9cieux: l\u2019huile de Rose Musqu\u00e9e*(r\u00e9g\u00e9n\u00e9rante) associ\u00e9e aux huiles de Jojoba* et de S\u00e9same* ( adoucissantes, hydratantes), le Tepezcohuite et le Ginseng* (stimulants), l\u2019Acide Hyaluronique (en renfort de l\u2019action hydratante) apportent \u00e9clat, \u00e9lasticit\u00e9 et tonus aux \u00e9pidermes ternes ou fatigu\u00e9s. La peau devient\u00a0<strong>lisse et agr\u00e9ablement soyeuse \u00a0au toucher<\/strong>.<\/p>\n<p>50ml<\/p>\n<p>*issu de l\u2019agriculture biologique<\/p>\n","protected":false},"excerpt":{"rendered":"<p>Cr\u00e8me anti-\u00e2ge\u00a0ultra riche en actifs pr\u00e9cieux<\/p>\n","protected":false},"featured_media":2846,"template":"","meta":[],"product_brand":[],"product_cat":[250,403],"product_tag":[],"class_list":{"0":"post-2515","1":"product","2":"type-product","3":"status-publish","4":"has-post-thumbnail","6":"product_cat-ligne-rose","7":"product_cat-cremes-visage","9":"first","10":"instock","11":"taxable","12":"shipping-taxable","13":"purchasable","14":"product-type-simple"},"_links":{"self":[{"href":"https:\/\/www.mosquetas.com\/fr\/wp-json\/wp\/v2\/product\/2515","targetHints":{"allow":["GET"]}}],"collection":[{"href":"https:\/\/www.mosquetas.com\/fr\/wp-json\/wp\/v2\/product"}],"about":[{"href":"https:\/\/www.mosquetas.com\/fr\/wp-json\/wp\/v2\/types\/product"}],"wp:featuredmedia":[{"embeddable":true,"href":"https:\/\/www.mosquetas.com\/fr\/wp-json\/wp\/v2\/media\/2846"}],"wp:attachment":[{"href":"https:\/\/www.mosquetas.com\/fr\/wp-json\/wp\/v2\/media?parent=2515"}],"wp:term":[{"taxonomy":"product_brand","embeddable":true,"href":"https:\/\/www.mosquetas.com\/fr\/wp-json\/wp\/v2\/product_brand?post=2515"},{"taxonomy":"product_cat","embeddable":true,"href":"https:\/\/www.mosquetas.com\/fr\/wp-json\/wp\/v2\/product_cat?post=2515"},{"taxonomy":"product_tag","embeddable":true,"href":"https:\/\/www.mosquetas.com\/fr\/wp-json\/wp\/v2\/product_tag?post=2515"}],"curies":[{"name":"wp","href":"https:\/\/api.w.org\/{rel}","templated":true}]}}