{"id":2511,"date":"2015-07-29T09:08:30","date_gmt":"2015-07-29T07:08:30","guid":{"rendered":"https:\/\/www.mosquetas.com\/prodotto\/creme-super-eclat-effet-lifting-bio\/"},"modified":"2024-09-13T09:07:33","modified_gmt":"2024-09-13T07:07:33","slug":"creme-super-eclat-effet-lifting-bio","status":"publish","type":"product","link":"https:\/\/www.mosquetas.com\/fr\/pr\/creme-super-eclat-effet-lifting-bio\/","title":{"rendered":"Cr\u00e8me Super Eclat effet lifting \u2013 Bio"},"content":{"rendered":"<p><strong>V\u00e9ritable \u00e9clat de jeunesse<\/strong>, cette cr\u00e8me est id\u00e9ale pour donner un \u201ccoup de fouet\u201d pour plusieurs heures aux peaux fatigu\u00e9es. Elle leur apporte une\u00a0<strong>action lissante, tonifiante et anti-\u00e2ge<\/strong>\u00a0\u00a0de longue dur\u00e9e gr\u00e2ce \u00e0 l\u2019action de l\u2019eau d\u2019Hamam\u00e9lis* de l\u2019huile de Rose Musqu\u00e9e* et de l\u2019extrait d\u2019Avoine*. La peau semble rapidement<strong>\u00a0plus jeune et comme illumin\u00e9e<\/strong>.<\/p>\n<p>50ml<\/p>\n<p>*issu de l\u2019agriculture biologique<\/p>\n","protected":false},"excerpt":{"rendered":"<p>V\u00e9ritable \u00e9clat de jeunesse, cette cr\u00e8me est id\u00e9ale pour donner un \u201ccoup de fouet\u201d pour plusieurs heures aux peaux fatigu\u00e9es<\/p>\n","protected":false},"featured_media":2841,"template":"","meta":[],"product_brand":[],"product_cat":[403,250],"product_tag":[],"class_list":{"0":"post-2511","1":"product","2":"type-product","3":"status-publish","4":"has-post-thumbnail","6":"product_cat-cremes-visage","7":"product_cat-ligne-rose","9":"first","10":"instock","11":"taxable","12":"shipping-taxable","13":"purchasable","14":"product-type-simple"},"_links":{"self":[{"href":"https:\/\/www.mosquetas.com\/fr\/wp-json\/wp\/v2\/product\/2511","targetHints":{"allow":["GET"]}}],"collection":[{"href":"https:\/\/www.mosquetas.com\/fr\/wp-json\/wp\/v2\/product"}],"about":[{"href":"https:\/\/www.mosquetas.com\/fr\/wp-json\/wp\/v2\/types\/product"}],"wp:featuredmedia":[{"embeddable":true,"href":"https:\/\/www.mosquetas.com\/fr\/wp-json\/wp\/v2\/media\/2841"}],"wp:attachment":[{"href":"https:\/\/www.mosquetas.com\/fr\/wp-json\/wp\/v2\/media?parent=2511"}],"wp:term":[{"taxonomy":"product_brand","embeddable":true,"href":"https:\/\/www.mosquetas.com\/fr\/wp-json\/wp\/v2\/product_brand?post=2511"},{"taxonomy":"product_cat","embeddable":true,"href":"https:\/\/www.mosquetas.com\/fr\/wp-json\/wp\/v2\/product_cat?post=2511"},{"taxonomy":"product_tag","embeddable":true,"href":"https:\/\/www.mosquetas.com\/fr\/wp-json\/wp\/v2\/product_tag?post=2511"}],"curies":[{"name":"wp","href":"https:\/\/api.w.org\/{rel}","templated":true}]}}