{"id":2507,"date":"2015-07-29T09:11:37","date_gmt":"2015-07-29T07:11:37","guid":{"rendered":"https:\/\/www.mosquetas.com\/prodotto\/contour-yeux-et-levres-bio\/"},"modified":"2025-04-21T12:52:39","modified_gmt":"2025-04-21T10:52:39","slug":"contour-yeux-et-levres-bio","status":"publish","type":"product","link":"https:\/\/www.mosquetas.com\/fr\/pr\/contour-yeux-et-levres-bio\/","title":{"rendered":"Contour Yeux et L\u00e8vres \u2013 Bio"},"content":{"rendered":"<p>Cr\u00e8me\u00a0<strong>riche en huile de Rose Musqu\u00e9e<\/strong>*(10%) r\u00e9g\u00e9n\u00e9rante, nourrissante et raffermissante. L\u2019extrait d\u2019Avoine* procure un effet tenseur imm\u00e9diat. l\u2019<strong>Acide Hyaluronique<\/strong>\u00a0renforce l\u2019hydratation. Une petite proportion d\u2019essences naturelles, gr\u00e2ce \u00e0 leur activit\u00e9 drainante, \u00e9claircit le contour de l\u2019\u0153il et semble att\u00e9nuer les poches. La peau mieux hydrat\u00e9e retrouve sa fermet\u00e9, les rides semblent s\u2019estomper.<\/p>\n<p>15ml<\/p>\n<p>*issu de l\u2019agriculture biologique<\/p>\n","protected":false},"excerpt":{"rendered":"<p>Cr\u00e8me\u00a0riche en huile de Rose Musqu\u00e9e*(10%) r\u00e9g\u00e9n\u00e9rante, nourrissante et raffermissante<\/p>\n","protected":false},"featured_media":2836,"template":"","meta":[],"product_brand":[],"product_cat":[250,395],"product_tag":[],"class_list":{"0":"post-2507","1":"product","2":"type-product","3":"status-publish","4":"has-post-thumbnail","6":"product_cat-ligne-rose","7":"product_cat-contours-yeux-et-levres","9":"first","10":"instock","11":"taxable","12":"shipping-taxable","13":"purchasable","14":"product-type-simple"},"_links":{"self":[{"href":"https:\/\/www.mosquetas.com\/fr\/wp-json\/wp\/v2\/product\/2507","targetHints":{"allow":["GET"]}}],"collection":[{"href":"https:\/\/www.mosquetas.com\/fr\/wp-json\/wp\/v2\/product"}],"about":[{"href":"https:\/\/www.mosquetas.com\/fr\/wp-json\/wp\/v2\/types\/product"}],"wp:featuredmedia":[{"embeddable":true,"href":"https:\/\/www.mosquetas.com\/fr\/wp-json\/wp\/v2\/media\/2836"}],"wp:attachment":[{"href":"https:\/\/www.mosquetas.com\/fr\/wp-json\/wp\/v2\/media?parent=2507"}],"wp:term":[{"taxonomy":"product_brand","embeddable":true,"href":"https:\/\/www.mosquetas.com\/fr\/wp-json\/wp\/v2\/product_brand?post=2507"},{"taxonomy":"product_cat","embeddable":true,"href":"https:\/\/www.mosquetas.com\/fr\/wp-json\/wp\/v2\/product_cat?post=2507"},{"taxonomy":"product_tag","embeddable":true,"href":"https:\/\/www.mosquetas.com\/fr\/wp-json\/wp\/v2\/product_tag?post=2507"}],"curies":[{"name":"wp","href":"https:\/\/api.w.org\/{rel}","templated":true}]}}