{"id":2503,"date":"2015-07-29T09:14:31","date_gmt":"2015-07-29T07:14:31","guid":{"rendered":"https:\/\/www.mosquetas.com\/prodotto\/creme-fluide-corps-bio\/"},"modified":"2025-01-06T21:17:31","modified_gmt":"2025-01-06T20:17:31","slug":"creme-fluide-corps-bio","status":"publish","type":"product","link":"https:\/\/www.mosquetas.com\/fr\/pr\/creme-fluide-corps-bio\/","title":{"rendered":"Cr\u00e8me Fluide Corps \u2013 Bio"},"content":{"rendered":"<p>Cr\u00e8me fluide<strong>\u00a0tr\u00e8s concentr\u00e9e en huile de Rose Musqu\u00e9e<\/strong>* (20ml) fondamentale pour<strong>\u00a0l\u2019\u00e9lasticit\u00e9 de la peau<\/strong>. Le beurre de Karit\u00e9*, les extraits de Calendula*, de Centella* et l\u2019Acide Hyaluronique renforcent l\u2019action hydratante et raffermissante. Utilis\u00e9e chaque jour elle redonne \u00e0 la peau sa douceur naturelle et son aspect satin\u00e9, soyeux au toucher.<\/p>\n<p>200ml<\/p>\n<p>*issu de l\u2019agriculture biologique<\/p>\n","protected":false},"excerpt":{"rendered":"<p>Cr\u00e8me fluide\u00a0tr\u00e8s concentr\u00e9e en huile de Rose Musqu\u00e9e* (20ml) fondamentale pour\u00a0l\u2019\u00e9lasticit\u00e9 de la peau<\/p>\n","protected":false},"featured_media":2831,"template":"","meta":[],"product_brand":[],"product_cat":[399,250],"product_tag":[],"class_list":{"0":"post-2503","1":"product","2":"type-product","3":"status-publish","4":"has-post-thumbnail","6":"product_cat-cremes-corps","7":"product_cat-ligne-rose","9":"first","10":"instock","11":"taxable","12":"shipping-taxable","13":"purchasable","14":"product-type-simple"},"_links":{"self":[{"href":"https:\/\/www.mosquetas.com\/fr\/wp-json\/wp\/v2\/product\/2503","targetHints":{"allow":["GET"]}}],"collection":[{"href":"https:\/\/www.mosquetas.com\/fr\/wp-json\/wp\/v2\/product"}],"about":[{"href":"https:\/\/www.mosquetas.com\/fr\/wp-json\/wp\/v2\/types\/product"}],"wp:featuredmedia":[{"embeddable":true,"href":"https:\/\/www.mosquetas.com\/fr\/wp-json\/wp\/v2\/media\/2831"}],"wp:attachment":[{"href":"https:\/\/www.mosquetas.com\/fr\/wp-json\/wp\/v2\/media?parent=2503"}],"wp:term":[{"taxonomy":"product_brand","embeddable":true,"href":"https:\/\/www.mosquetas.com\/fr\/wp-json\/wp\/v2\/product_brand?post=2503"},{"taxonomy":"product_cat","embeddable":true,"href":"https:\/\/www.mosquetas.com\/fr\/wp-json\/wp\/v2\/product_cat?post=2503"},{"taxonomy":"product_tag","embeddable":true,"href":"https:\/\/www.mosquetas.com\/fr\/wp-json\/wp\/v2\/product_tag?post=2503"}],"curies":[{"name":"wp","href":"https:\/\/api.w.org\/{rel}","templated":true}]}}