{"id":2499,"date":"2015-07-29T09:16:55","date_gmt":"2015-07-29T07:16:55","guid":{"rendered":"https:\/\/www.mosquetas.com\/prodotto\/emulsion-40-bio\/"},"modified":"2024-07-29T16:49:31","modified_gmt":"2024-07-29T14:49:31","slug":"emulsion-40-bio","status":"publish","type":"product","link":"https:\/\/www.mosquetas.com\/fr\/pr\/emulsion-40-bio\/","title":{"rendered":"Emulsion 40 &#8211; Bio"},"content":{"rendered":"<p><strong>Soin r\u00e9parateur sp\u00e9cifique pour la nuit<\/strong>, exceptionnellement\u00a0<strong>riche en huile de Rose Musqu\u00e9e<\/strong>*(40%), r\u00e9g\u00e9n\u00e9rante, raffermissante, associ\u00e9e \u00e0 l\u2019hydrolat de Rose de Damas* adoucissant et hydratant, id\u00e9ale pour les peaux matures, fatigu\u00e9es ou d\u00e9shydrat\u00e9es. Apporte une sensation imm\u00e9diate d\u2019apaisement et de confort. La peau semble rapidement plus ferme et plus \u00e9clatante.<\/p>\n<p>50ml<\/p>\n<p>*issu de l\u2019agriculture biologique<\/p>\n","protected":false},"excerpt":{"rendered":"<p>Soin r\u00e9parateur sp\u00e9cifique pour la nuit, exceptionnellement\u00a0riche en huile de Rose Musqu\u00e9e*(40%)<\/p>\n","protected":false},"featured_media":2826,"template":"","meta":[],"product_brand":[],"product_cat":[403,250],"product_tag":[],"class_list":{"0":"post-2499","1":"product","2":"type-product","3":"status-publish","4":"has-post-thumbnail","6":"product_cat-cremes-visage","7":"product_cat-ligne-rose","9":"first","10":"instock","11":"taxable","12":"shipping-taxable","13":"purchasable","14":"product-type-simple"},"_links":{"self":[{"href":"https:\/\/www.mosquetas.com\/fr\/wp-json\/wp\/v2\/product\/2499","targetHints":{"allow":["GET"]}}],"collection":[{"href":"https:\/\/www.mosquetas.com\/fr\/wp-json\/wp\/v2\/product"}],"about":[{"href":"https:\/\/www.mosquetas.com\/fr\/wp-json\/wp\/v2\/types\/product"}],"wp:featuredmedia":[{"embeddable":true,"href":"https:\/\/www.mosquetas.com\/fr\/wp-json\/wp\/v2\/media\/2826"}],"wp:attachment":[{"href":"https:\/\/www.mosquetas.com\/fr\/wp-json\/wp\/v2\/media?parent=2499"}],"wp:term":[{"taxonomy":"product_brand","embeddable":true,"href":"https:\/\/www.mosquetas.com\/fr\/wp-json\/wp\/v2\/product_brand?post=2499"},{"taxonomy":"product_cat","embeddable":true,"href":"https:\/\/www.mosquetas.com\/fr\/wp-json\/wp\/v2\/product_cat?post=2499"},{"taxonomy":"product_tag","embeddable":true,"href":"https:\/\/www.mosquetas.com\/fr\/wp-json\/wp\/v2\/product_tag?post=2499"}],"curies":[{"name":"wp","href":"https:\/\/api.w.org\/{rel}","templated":true}]}}