{"id":2495,"date":"2015-07-29T09:19:40","date_gmt":"2015-07-29T07:19:40","guid":{"rendered":"https:\/\/www.mosquetas.com\/prodotto\/serum-anti-age-energisant-bio\/"},"modified":"2024-09-13T09:07:33","modified_gmt":"2024-09-13T07:07:33","slug":"serum-anti-age-energisant-bio","status":"publish","type":"product","link":"https:\/\/www.mosquetas.com\/fr\/pr\/serum-anti-age-energisant-bio\/","title":{"rendered":"S\u00e9rum Anti-Age \u00c9nergisant \u2013 Bio"},"content":{"rendered":"<p><strong>Tr\u00e8s riche en actifs pr\u00e9cieux<\/strong>\u00a0dont 10% d\u2019huile de Rose Musqu\u00e9e* (anti-\u00e2ge, r\u00e9g\u00e9n\u00e9rant), 10% de jus d\u2019Aloe Vera* (\u00e9mollient et r\u00e9g\u00e9n\u00e9rant),\u00a0extrait de Maca* (le ginseng des Incas, super-\u00e9nergisant). Son action hydratante et stimulante est imm\u00e9diate.\u00a0 Laisse la peau lisse, lumineuse et dynamique.<\/p>\n<p>30ml<\/p>\n<p>*issu de l\u2019agriculture biologique<\/p>\n","protected":false},"excerpt":{"rendered":"<p>Action hydratante et stimulante imm\u00e9diate.\u00a0 Laisse la peau lisse, lumineuse et dynamique.<\/p>\n","protected":false},"featured_media":2821,"template":"","meta":[],"product_brand":[],"product_cat":[403,250],"product_tag":[],"class_list":{"0":"post-2495","1":"product","2":"type-product","3":"status-publish","4":"has-post-thumbnail","6":"product_cat-cremes-visage","7":"product_cat-ligne-rose","9":"first","10":"instock","11":"taxable","12":"shipping-taxable","13":"purchasable","14":"product-type-simple"},"_links":{"self":[{"href":"https:\/\/www.mosquetas.com\/fr\/wp-json\/wp\/v2\/product\/2495","targetHints":{"allow":["GET"]}}],"collection":[{"href":"https:\/\/www.mosquetas.com\/fr\/wp-json\/wp\/v2\/product"}],"about":[{"href":"https:\/\/www.mosquetas.com\/fr\/wp-json\/wp\/v2\/types\/product"}],"wp:featuredmedia":[{"embeddable":true,"href":"https:\/\/www.mosquetas.com\/fr\/wp-json\/wp\/v2\/media\/2821"}],"wp:attachment":[{"href":"https:\/\/www.mosquetas.com\/fr\/wp-json\/wp\/v2\/media?parent=2495"}],"wp:term":[{"taxonomy":"product_brand","embeddable":true,"href":"https:\/\/www.mosquetas.com\/fr\/wp-json\/wp\/v2\/product_brand?post=2495"},{"taxonomy":"product_cat","embeddable":true,"href":"https:\/\/www.mosquetas.com\/fr\/wp-json\/wp\/v2\/product_cat?post=2495"},{"taxonomy":"product_tag","embeddable":true,"href":"https:\/\/www.mosquetas.com\/fr\/wp-json\/wp\/v2\/product_tag?post=2495"}],"curies":[{"name":"wp","href":"https:\/\/api.w.org\/{rel}","templated":true}]}}