{"id":2485,"date":"2015-07-29T09:31:39","date_gmt":"2015-07-29T07:31:39","guid":{"rendered":"https:\/\/www.mosquetas.com\/prodotto\/huile-de-rose-musquee-du-chili-50ml-bio\/"},"modified":"2025-03-25T15:44:46","modified_gmt":"2025-03-25T14:44:46","slug":"huile-de-rose-musquee-du-chili-50ml-bio","status":"publish","type":"product","link":"https:\/\/www.mosquetas.com\/fr\/pr\/huile-de-rose-musquee-du-chili-50ml-bio\/","title":{"rendered":"Huile de Rose Musqu\u00e9e du Chili 50ml &#8211; Bio"},"content":{"rendered":"<h3>Huile de Rose Musq\u00e9e du Chili 50ml<\/h3>\n<p>Mosqueta\u2019s\u00ae est\u00a0<strong>la premi\u00e8re huile de Rose Musqu\u00e9e obtenue par pression \u00e0 froid<\/strong>\u00a0certifi\u00e9e\u00a0<strong>biologique<\/strong>\u00a0et\u00a0<strong>dynamis\u00e9e<\/strong>.<\/p>\n<p>Les propri\u00e9t\u00e9s de cette huile sont vraiment uniques.<\/p>\n<p>Mosqueta\u2019s Classique : Huile de Rose Musqu\u00e9e vierge, biologique et dynamis\u00e9e.<\/p>\n<p>&nbsp;<\/p>\n<p>C\u2019est un produit cosm\u00e9tique actif\u00a0:<\/p>\n<ul>\n<li>dans\u00a0<strong>la r\u00e9g\u00e9n\u00e9ration des tissus cutan\u00e9s<\/strong><\/li>\n<li>dans\u00a0<strong>l\u2019att\u00e9nuation des inesth\u00e9tismes<\/strong>\u00a0caus\u00e9s par les cicatrices et vergetures<\/li>\n<li>dans\u00a0<strong>le maintien de l\u2019\u00e9lasticit\u00e9 cutan\u00e9e<\/strong><\/li>\n<li>contre\u00a0<strong>le vieillissement pr\u00e9coce de la peau<\/strong><\/li>\n<li>contre\u00a0<strong>la peau s\u00e8che et froiss\u00e9e<\/strong><\/li>\n<li>contre<strong>\u00a0les rides d\u2019expression<\/strong><\/li>\n<li>contre\u00a0<strong>les dommages caus\u00e9s par le soleil<\/strong><\/li>\n<\/ul>\n<p><strong>50 ml<\/strong><\/p>\n<p>produit biologique<\/p>\n","protected":false},"excerpt":{"rendered":"<p>Huile de Rose Musqu\u00e9e obtenue par pression \u00e0 froid\u00a0certifi\u00e9e\u00a0biologique\u00a0et\u00a0dynamis\u00e9e.<\/p>\n","protected":false},"featured_media":2811,"template":"","meta":[],"product_brand":[],"product_cat":[260],"product_tag":[],"class_list":{"0":"post-2485","1":"product","2":"type-product","3":"status-publish","4":"has-post-thumbnail","6":"product_cat-huiles","8":"first","9":"instock","10":"featured","11":"taxable","12":"shipping-taxable","13":"purchasable","14":"product-type-simple"},"_links":{"self":[{"href":"https:\/\/www.mosquetas.com\/fr\/wp-json\/wp\/v2\/product\/2485","targetHints":{"allow":["GET"]}}],"collection":[{"href":"https:\/\/www.mosquetas.com\/fr\/wp-json\/wp\/v2\/product"}],"about":[{"href":"https:\/\/www.mosquetas.com\/fr\/wp-json\/wp\/v2\/types\/product"}],"wp:featuredmedia":[{"embeddable":true,"href":"https:\/\/www.mosquetas.com\/fr\/wp-json\/wp\/v2\/media\/2811"}],"wp:attachment":[{"href":"https:\/\/www.mosquetas.com\/fr\/wp-json\/wp\/v2\/media?parent=2485"}],"wp:term":[{"taxonomy":"product_brand","embeddable":true,"href":"https:\/\/www.mosquetas.com\/fr\/wp-json\/wp\/v2\/product_brand?post=2485"},{"taxonomy":"product_cat","embeddable":true,"href":"https:\/\/www.mosquetas.com\/fr\/wp-json\/wp\/v2\/product_cat?post=2485"},{"taxonomy":"product_tag","embeddable":true,"href":"https:\/\/www.mosquetas.com\/fr\/wp-json\/wp\/v2\/product_tag?post=2485"}],"curies":[{"name":"wp","href":"https:\/\/api.w.org\/{rel}","templated":true}]}}