{"id":2479,"date":"2015-07-29T09:40:39","date_gmt":"2015-07-29T07:40:39","guid":{"rendered":"https:\/\/www.mosquetas.com\/prodotto\/huile-vierge-de-rose-musquee-rose-de-damas-bio\/"},"modified":"2025-02-03T19:02:56","modified_gmt":"2025-02-03T18:02:56","slug":"huile-vierge-de-rose-musquee-rose-de-damas-bio","status":"publish","type":"product","link":"https:\/\/www.mosquetas.com\/fr\/pr\/huile-vierge-de-rose-musquee-rose-de-damas-bio\/","title":{"rendered":"Huile Vierge de Rose Musqu\u00e9e + Rose de Damas \u2013 Bio"},"content":{"rendered":"<div class=\"jsn-article\">\n<p>Huile vierge de Rose Musqu\u00e9e Biologique enrichie en huile essentielle de Rose de Damas Biologique.<\/p>\n<\/div>\n<p>C\u2019est un produit cosm\u00e9tique actif\u00a0:<\/p>\n<div class=\"jsn-article\">\n<ul>\n<li>dans\u00a0<strong>le renouvellement des tissus cutan\u00e9s<\/strong><\/li>\n<li>dans\u00a0<strong>l\u2019att\u00e9nuation des inesth\u00e9tismes<\/strong>\u00a0caus\u00e9s par les cicatrices et vergetures<\/li>\n<li>dans\u00a0<strong>le maintien de l\u2019\u00e9lasticit\u00e9 cutan\u00e9e<\/strong><\/li>\n<li>contre\u00a0<strong>le vieillissement pr\u00e9coce de la peau<\/strong><\/li>\n<li>contre\u00a0<strong>la peau s\u00e8che et froiss\u00e9e<\/strong><\/li>\n<li>contre<strong>\u00a0les rides d\u2019expression<\/strong><\/li>\n<li>contre\u00a0<strong>les m\u00e9faits du soleil<\/strong><\/li>\n<\/ul>\n<p>30ml<\/p>\n<\/div>\n","protected":false},"excerpt":{"rendered":"<p>Huile vierge de Rose Musqu\u00e9e Biologique enrichie en huile essentielle de Rose de Damas Biologique.<\/p>\n","protected":false},"featured_media":2806,"template":"","meta":[],"product_brand":[],"product_cat":[260],"product_tag":[],"class_list":{"0":"post-2479","1":"product","2":"type-product","3":"status-publish","4":"has-post-thumbnail","6":"product_cat-huiles","8":"first","9":"instock","10":"taxable","11":"shipping-taxable","12":"purchasable","13":"product-type-simple"},"_links":{"self":[{"href":"https:\/\/www.mosquetas.com\/fr\/wp-json\/wp\/v2\/product\/2479","targetHints":{"allow":["GET"]}}],"collection":[{"href":"https:\/\/www.mosquetas.com\/fr\/wp-json\/wp\/v2\/product"}],"about":[{"href":"https:\/\/www.mosquetas.com\/fr\/wp-json\/wp\/v2\/types\/product"}],"wp:featuredmedia":[{"embeddable":true,"href":"https:\/\/www.mosquetas.com\/fr\/wp-json\/wp\/v2\/media\/2806"}],"wp:attachment":[{"href":"https:\/\/www.mosquetas.com\/fr\/wp-json\/wp\/v2\/media?parent=2479"}],"wp:term":[{"taxonomy":"product_brand","embeddable":true,"href":"https:\/\/www.mosquetas.com\/fr\/wp-json\/wp\/v2\/product_brand?post=2479"},{"taxonomy":"product_cat","embeddable":true,"href":"https:\/\/www.mosquetas.com\/fr\/wp-json\/wp\/v2\/product_cat?post=2479"},{"taxonomy":"product_tag","embeddable":true,"href":"https:\/\/www.mosquetas.com\/fr\/wp-json\/wp\/v2\/product_tag?post=2479"}],"curies":[{"name":"wp","href":"https:\/\/api.w.org\/{rel}","templated":true}]}}