{"id":2475,"date":"2015-07-29T09:56:03","date_gmt":"2015-07-29T07:56:03","guid":{"rendered":"https:\/\/www.mosquetas.com\/prodotto\/huile-seche-de-rose-musquee-bio\/"},"modified":"2024-12-16T09:37:28","modified_gmt":"2024-12-16T08:37:28","slug":"huile-seche-de-rose-musquee-bio","status":"publish","type":"product","link":"https:\/\/www.mosquetas.com\/fr\/pr\/huile-seche-de-rose-musquee-bio\/","title":{"rendered":"Huile S\u00e8che de Rose Musqu\u00e9e \u2013 Bio"},"content":{"rendered":"<p><strong>De texture non grasse<\/strong>, sans parfum et sans allerg\u00e8nes; particuli\u00e8rement recommand\u00e9e lors de p\u00e9riodes de variation de poids (grossesse, prise ou perte de poids);\u00a0<strong>aide la peau \u00e0 mieux r\u00e9sister aux \u00e9tirements ou rel\u00e2chements, \u00e0 la formation de vergetures ou \u00e0 la perte d\u2019\u00e9lasticit\u00e9<\/strong>. L\u2019huile de Rose Musqu\u00e9e* exerce son pouvoir r\u00e9g\u00e9n\u00e9rateur naturel. Les huiles nourrissantes et adoucissantes (Amande douce, S\u00e9same)* assurent un toucher velout\u00e9. L\u2019extrait de Centella* renforce les propri\u00e9t\u00e9s r\u00e9paratrices tonifiantes et raffermissantes.<\/p>\n<p>100ml<\/p>\n<p>*issu de l\u2019agriculture biologique<\/p>\n","protected":false},"excerpt":{"rendered":"<p>De texture non grasse, sans parfum et sans allerg\u00e8nes<\/p>\n","protected":false},"featured_media":2801,"template":"","meta":[],"product_brand":[],"product_cat":[254],"product_tag":[],"class_list":{"0":"post-2475","1":"product","2":"type-product","3":"status-publish","4":"has-post-thumbnail","6":"product_cat-ligne-specifiques","8":"first","9":"outofstock","10":"taxable","11":"shipping-taxable","12":"purchasable","13":"product-type-simple"},"_links":{"self":[{"href":"https:\/\/www.mosquetas.com\/fr\/wp-json\/wp\/v2\/product\/2475","targetHints":{"allow":["GET"]}}],"collection":[{"href":"https:\/\/www.mosquetas.com\/fr\/wp-json\/wp\/v2\/product"}],"about":[{"href":"https:\/\/www.mosquetas.com\/fr\/wp-json\/wp\/v2\/types\/product"}],"wp:featuredmedia":[{"embeddable":true,"href":"https:\/\/www.mosquetas.com\/fr\/wp-json\/wp\/v2\/media\/2801"}],"wp:attachment":[{"href":"https:\/\/www.mosquetas.com\/fr\/wp-json\/wp\/v2\/media?parent=2475"}],"wp:term":[{"taxonomy":"product_brand","embeddable":true,"href":"https:\/\/www.mosquetas.com\/fr\/wp-json\/wp\/v2\/product_brand?post=2475"},{"taxonomy":"product_cat","embeddable":true,"href":"https:\/\/www.mosquetas.com\/fr\/wp-json\/wp\/v2\/product_cat?post=2475"},{"taxonomy":"product_tag","embeddable":true,"href":"https:\/\/www.mosquetas.com\/fr\/wp-json\/wp\/v2\/product_tag?post=2475"}],"curies":[{"name":"wp","href":"https:\/\/api.w.org\/{rel}","templated":true}]}}