{"id":2471,"date":"2015-07-29T09:58:29","date_gmt":"2015-07-29T07:58:29","guid":{"rendered":"https:\/\/www.mosquetas.com\/prodotto\/cicabaume-bio\/"},"modified":"2023-09-14T10:22:15","modified_gmt":"2023-09-14T08:22:15","slug":"cicabaume-bio","status":"publish","type":"product","link":"https:\/\/www.mosquetas.com\/fr\/pr\/cicabaume-bio\/","title":{"rendered":"Cicabaume\u00ae &#8211; Bio"},"content":{"rendered":"<p><strong>Baume Calendula et Rose Musqu\u00e9e<\/strong>, v\u00e9ritable concentr\u00e9 d\u2019actifs naturels. L\u2019association de 50% d\u2019extrait de fleurs de Calendula*, 27% d\u2019huile de Rose Musqu\u00e9e*, soulage les peaux fragilis\u00e9es ou agress\u00e9es (s\u00e9cheresse extr\u00eame, irritation, piq\u00fbre d\u2019insecte). Son action apaisante et adoucissante imm\u00e9diate est compl\u00e9t\u00e9e par une\u00a0<strong>activit\u00e9 r\u00e9paratrice<\/strong>. Tr\u00e8s utile en voyage et pour toute la famille.<\/p>\n<p>30ml<\/p>\n<p>*issu de l\u2019agriculture biologique<\/p>\n","protected":false},"excerpt":{"rendered":"<p>Baume Calendula et Rose Musqu\u00e9e, v\u00e9ritable concentr\u00e9 d\u2019actifs naturels<\/p>\n","protected":false},"featured_media":2796,"template":"","meta":[],"product_brand":[],"product_cat":[254],"product_tag":[],"class_list":{"0":"post-2471","1":"product","2":"type-product","3":"status-publish","4":"has-post-thumbnail","6":"product_cat-ligne-specifiques","8":"first","9":"outofstock","10":"taxable","11":"shipping-taxable","12":"purchasable","13":"product-type-simple"},"_links":{"self":[{"href":"https:\/\/www.mosquetas.com\/fr\/wp-json\/wp\/v2\/product\/2471","targetHints":{"allow":["GET"]}}],"collection":[{"href":"https:\/\/www.mosquetas.com\/fr\/wp-json\/wp\/v2\/product"}],"about":[{"href":"https:\/\/www.mosquetas.com\/fr\/wp-json\/wp\/v2\/types\/product"}],"wp:featuredmedia":[{"embeddable":true,"href":"https:\/\/www.mosquetas.com\/fr\/wp-json\/wp\/v2\/media\/2796"}],"wp:attachment":[{"href":"https:\/\/www.mosquetas.com\/fr\/wp-json\/wp\/v2\/media?parent=2471"}],"wp:term":[{"taxonomy":"product_brand","embeddable":true,"href":"https:\/\/www.mosquetas.com\/fr\/wp-json\/wp\/v2\/product_brand?post=2471"},{"taxonomy":"product_cat","embeddable":true,"href":"https:\/\/www.mosquetas.com\/fr\/wp-json\/wp\/v2\/product_cat?post=2471"},{"taxonomy":"product_tag","embeddable":true,"href":"https:\/\/www.mosquetas.com\/fr\/wp-json\/wp\/v2\/product_tag?post=2471"}],"curies":[{"name":"wp","href":"https:\/\/api.w.org\/{rel}","templated":true}]}}