{"id":2467,"date":"2015-07-29T10:03:09","date_gmt":"2015-07-29T08:03:09","guid":{"rendered":"https:\/\/www.mosquetas.com\/prodotto\/gel-jambes-relax-bio\/"},"modified":"2024-07-29T16:49:31","modified_gmt":"2024-07-29T14:49:31","slug":"gel-jambes-relax-bio","status":"publish","type":"product","link":"https:\/\/www.mosquetas.com\/fr\/pr\/gel-jambes-relax-bio\/","title":{"rendered":"Gel Jambes Relax \u2013 Bio"},"content":{"rendered":"<p>Gel jambes<strong>\u00a0tr\u00e8s tonifiant<\/strong> gr\u00e2ce aux hydrolats d\u2019Immortelle* et d\u2019Hamam\u00e9lis*, aux extraits d\u2019Arnica*, Vigne Rouge*, Marron d\u2019Inde \u00a0et Menthe*. Les OPC et l\u2019huile de Calophyllum assurent une meilleure protection. L\u2019huile de Rose Musqu\u00e9e* rend la peau plus douce. Soulage imm\u00e9diatement, donnant une <strong>sensation de bien-\u00eatre et de\u00a0l\u00e9g\u00e8ret\u00e9<\/strong>.<\/p>\n<p>150ml<\/p>\n<p>*issu de l\u2019agriculture biologique<\/p>\n","protected":false},"excerpt":{"rendered":"<p>Gel jambes\u00a0tr\u00e8s tonifiant gr\u00e2ce aux hydrolats d\u2019Immortelle* et d\u2019Hamam\u00e9lis*, aux extraits d\u2019Arnica*, Vigne Rouge*, Marron d\u2019Inde \u00a0et Menthe*<\/p>\n","protected":false},"featured_media":2791,"template":"","meta":[],"product_brand":[],"product_cat":[254],"product_tag":[],"class_list":{"0":"post-2467","1":"product","2":"type-product","3":"status-publish","4":"has-post-thumbnail","6":"product_cat-ligne-specifiques","8":"first","9":"instock","10":"taxable","11":"shipping-taxable","12":"purchasable","13":"product-type-simple"},"_links":{"self":[{"href":"https:\/\/www.mosquetas.com\/fr\/wp-json\/wp\/v2\/product\/2467","targetHints":{"allow":["GET"]}}],"collection":[{"href":"https:\/\/www.mosquetas.com\/fr\/wp-json\/wp\/v2\/product"}],"about":[{"href":"https:\/\/www.mosquetas.com\/fr\/wp-json\/wp\/v2\/types\/product"}],"wp:featuredmedia":[{"embeddable":true,"href":"https:\/\/www.mosquetas.com\/fr\/wp-json\/wp\/v2\/media\/2791"}],"wp:attachment":[{"href":"https:\/\/www.mosquetas.com\/fr\/wp-json\/wp\/v2\/media?parent=2467"}],"wp:term":[{"taxonomy":"product_brand","embeddable":true,"href":"https:\/\/www.mosquetas.com\/fr\/wp-json\/wp\/v2\/product_brand?post=2467"},{"taxonomy":"product_cat","embeddable":true,"href":"https:\/\/www.mosquetas.com\/fr\/wp-json\/wp\/v2\/product_cat?post=2467"},{"taxonomy":"product_tag","embeddable":true,"href":"https:\/\/www.mosquetas.com\/fr\/wp-json\/wp\/v2\/product_tag?post=2467"}],"curies":[{"name":"wp","href":"https:\/\/api.w.org\/{rel}","templated":true}]}}