{"id":2463,"date":"2015-07-29T10:05:11","date_gmt":"2015-07-29T08:05:11","guid":{"rendered":"https:\/\/www.mosquetas.com\/prodotto\/creme-mains-a-la-rose-musquee-bio\/"},"modified":"2023-12-21T10:17:58","modified_gmt":"2023-12-21T09:17:58","slug":"creme-mains-a-la-rose-musquee-bio","status":"publish","type":"product","link":"https:\/\/www.mosquetas.com\/fr\/pr\/creme-mains-a-la-rose-musquee-bio\/","title":{"rendered":"Cr\u00e8me Mains \u00e0 la Rose Musqu\u00e9e \u2013 Bio"},"content":{"rendered":"<p>Cr\u00e8me nourrissante anti-\u00e2ge pour les mains\u00a0<strong>\u00e0 l\u2019action hydratante imm\u00e9diate<\/strong>. Redonne douceur \u00e0 l\u2019instant et pr\u00e9serve la jeunesse de la peau. V\u00e9ritable soin anti-\u00e2ge gr\u00e2ce \u00e0 sa richesse en huiles pr\u00e9cieuses (Rose Musqu\u00e9e*, Macadamia*), en extraits v\u00e9g\u00e9taux (Edelweis, Millepertuis) et en extraits apaisants (Immortelle*, Camomille*, Rose de Damas*, Aloe Vera* et Calendula*).<\/p>\n<p>75ml<\/p>\n<p>*issu de l\u2019agriculture biologique<\/p>\n","protected":false},"excerpt":{"rendered":"<p>Cr\u00e8me nourrissante anti-\u00e2ge pour les mains\u00a0\u00e0 l\u2019action hydratante imm\u00e9diate<\/p>\n","protected":false},"featured_media":2786,"template":"","meta":[],"product_brand":[],"product_cat":[254],"product_tag":[],"class_list":{"0":"post-2463","1":"product","2":"type-product","3":"status-publish","4":"has-post-thumbnail","6":"product_cat-ligne-specifiques","8":"first","9":"outofstock","10":"featured","11":"taxable","12":"shipping-taxable","13":"purchasable","14":"product-type-simple"},"_links":{"self":[{"href":"https:\/\/www.mosquetas.com\/fr\/wp-json\/wp\/v2\/product\/2463","targetHints":{"allow":["GET"]}}],"collection":[{"href":"https:\/\/www.mosquetas.com\/fr\/wp-json\/wp\/v2\/product"}],"about":[{"href":"https:\/\/www.mosquetas.com\/fr\/wp-json\/wp\/v2\/types\/product"}],"wp:featuredmedia":[{"embeddable":true,"href":"https:\/\/www.mosquetas.com\/fr\/wp-json\/wp\/v2\/media\/2786"}],"wp:attachment":[{"href":"https:\/\/www.mosquetas.com\/fr\/wp-json\/wp\/v2\/media?parent=2463"}],"wp:term":[{"taxonomy":"product_brand","embeddable":true,"href":"https:\/\/www.mosquetas.com\/fr\/wp-json\/wp\/v2\/product_brand?post=2463"},{"taxonomy":"product_cat","embeddable":true,"href":"https:\/\/www.mosquetas.com\/fr\/wp-json\/wp\/v2\/product_cat?post=2463"},{"taxonomy":"product_tag","embeddable":true,"href":"https:\/\/www.mosquetas.com\/fr\/wp-json\/wp\/v2\/product_tag?post=2463"}],"curies":[{"name":"wp","href":"https:\/\/api.w.org\/{rel}","templated":true}]}}