{"id":2455,"date":"2015-07-29T10:11:25","date_gmt":"2015-07-29T08:11:25","guid":{"rendered":"https:\/\/www.mosquetas.com\/prodotto\/gentle-soap-bio\/"},"modified":"2025-05-07T18:02:56","modified_gmt":"2025-05-07T16:02:56","slug":"gentle-soap-bio","status":"publish","type":"product","link":"https:\/\/www.mosquetas.com\/fr\/pr\/gentle-soap-bio\/","title":{"rendered":"Savon Doux"},"content":{"rendered":"<p>Savon naturel \u00e0 l\u2019huile de Rose Musqu\u00e9e* parfum\u00e9 d\u00e9licatement \u00e0 l\u2019\u00e9glantine.<\/p>\n<p>125gr<\/p>\n<div class=\"woocommerce-tabs wc-tabs-wrapper\">\n<div id=\"tab-description\" class=\"woocommerce-Tabs-panel woocommerce-Tabs-panel--description panel entry-content wc-tab\" role=\"tabpanel\" aria-labelledby=\"tab-title-description\">\n<div class=\"post-content\">\n<p>*issu de l\u2019agriculture biologique<\/p>\n<\/div>\n<\/div>\n<\/div>\n<div class=\"fusion-clearfix\"><\/div>\n<div class=\"fusion-clearfix\"><\/div>\n<section class=\"related products\"><\/section>\n","protected":false},"excerpt":{"rendered":"<p>Savon naturel \u00e0 l\u2019huile de Rose Musqu\u00e9e* parfum\u00e9 d\u00e9licatement \u00e0 l\u2019\u00e9glantine.<\/p>\n","protected":false},"featured_media":2771,"template":"","meta":[],"product_brand":[],"product_cat":[254],"product_tag":[],"class_list":{"0":"post-2455","1":"product","2":"type-product","3":"status-publish","4":"has-post-thumbnail","6":"product_cat-ligne-specifiques","8":"first","9":"instock","10":"taxable","11":"shipping-taxable","12":"purchasable","13":"product-type-simple"},"_links":{"self":[{"href":"https:\/\/www.mosquetas.com\/fr\/wp-json\/wp\/v2\/product\/2455","targetHints":{"allow":["GET"]}}],"collection":[{"href":"https:\/\/www.mosquetas.com\/fr\/wp-json\/wp\/v2\/product"}],"about":[{"href":"https:\/\/www.mosquetas.com\/fr\/wp-json\/wp\/v2\/types\/product"}],"wp:featuredmedia":[{"embeddable":true,"href":"https:\/\/www.mosquetas.com\/fr\/wp-json\/wp\/v2\/media\/2771"}],"wp:attachment":[{"href":"https:\/\/www.mosquetas.com\/fr\/wp-json\/wp\/v2\/media?parent=2455"}],"wp:term":[{"taxonomy":"product_brand","embeddable":true,"href":"https:\/\/www.mosquetas.com\/fr\/wp-json\/wp\/v2\/product_brand?post=2455"},{"taxonomy":"product_cat","embeddable":true,"href":"https:\/\/www.mosquetas.com\/fr\/wp-json\/wp\/v2\/product_cat?post=2455"},{"taxonomy":"product_tag","embeddable":true,"href":"https:\/\/www.mosquetas.com\/fr\/wp-json\/wp\/v2\/product_tag?post=2455"}],"curies":[{"name":"wp","href":"https:\/\/api.w.org\/{rel}","templated":true}]}}