{"id":2451,"date":"2015-07-29T10:13:35","date_gmt":"2015-07-29T08:13:35","guid":{"rendered":"https:\/\/www.mosquetas.com\/prodotto\/shampooing-doux-bio\/"},"modified":"2024-01-05T11:21:42","modified_gmt":"2024-01-05T10:21:42","slug":"shampooing-doux-bio","status":"publish","type":"product","link":"https:\/\/www.mosquetas.com\/fr\/pr\/shampooing-doux-bio\/","title":{"rendered":"Shampooing Doux \u2013 Bio"},"content":{"rendered":"<p>Shampooing doux d\u00e9m\u00ealant et nourrissant\u00a0<strong>pour tous types de cheveux<\/strong>. Conseill\u00e9 en cas de\u00a0<strong>lavages fr\u00e9quents<\/strong>, redonne vigueur at volume gr\u00e2ce aux extraits de Sauge*, Camomille*, M\u00e9lisse*, Thym* et \u00e0 l\u2019huile essentielle de Romarin*. L\u2019huile de Rose Musqu\u00e9e* exerce une\u00a0<strong>action nourrissante et r\u00e9g\u00e9n\u00e9rante<\/strong>\u00a0sur le cuir chevelu.<\/p>\n<p>200ml<\/p>\n<p>*issu de l\u2019agriculture biologique<\/p>\n","protected":false},"excerpt":{"rendered":"<p>Shampooing doux d\u00e9m\u00ealant et nourrissant\u00a0pour tous types de cheveux<\/p>\n","protected":false},"featured_media":2766,"template":"","meta":[],"product_brand":[],"product_cat":[254],"product_tag":[],"class_list":{"0":"post-2451","1":"product","2":"type-product","3":"status-publish","4":"has-post-thumbnail","6":"product_cat-ligne-specifiques","8":"first","9":"instock","10":"taxable","11":"shipping-taxable","12":"purchasable","13":"product-type-simple"},"_links":{"self":[{"href":"https:\/\/www.mosquetas.com\/fr\/wp-json\/wp\/v2\/product\/2451","targetHints":{"allow":["GET"]}}],"collection":[{"href":"https:\/\/www.mosquetas.com\/fr\/wp-json\/wp\/v2\/product"}],"about":[{"href":"https:\/\/www.mosquetas.com\/fr\/wp-json\/wp\/v2\/types\/product"}],"wp:featuredmedia":[{"embeddable":true,"href":"https:\/\/www.mosquetas.com\/fr\/wp-json\/wp\/v2\/media\/2766"}],"wp:attachment":[{"href":"https:\/\/www.mosquetas.com\/fr\/wp-json\/wp\/v2\/media?parent=2451"}],"wp:term":[{"taxonomy":"product_brand","embeddable":true,"href":"https:\/\/www.mosquetas.com\/fr\/wp-json\/wp\/v2\/product_brand?post=2451"},{"taxonomy":"product_cat","embeddable":true,"href":"https:\/\/www.mosquetas.com\/fr\/wp-json\/wp\/v2\/product_cat?post=2451"},{"taxonomy":"product_tag","embeddable":true,"href":"https:\/\/www.mosquetas.com\/fr\/wp-json\/wp\/v2\/product_tag?post=2451"}],"curies":[{"name":"wp","href":"https:\/\/api.w.org\/{rel}","templated":true}]}}