{"id":2447,"date":"2015-07-29T10:16:18","date_gmt":"2015-07-29T08:16:18","guid":{"rendered":"https:\/\/www.mosquetas.com\/prodotto\/elicrisia-sensity-day-bio\/"},"modified":"2024-11-16T09:45:24","modified_gmt":"2024-11-16T08:45:24","slug":"elicrisia-sensity-day-bio","status":"publish","type":"product","link":"https:\/\/www.mosquetas.com\/fr\/pr\/elicrisia-sensity-day-bio\/","title":{"rendered":"Elicrisia\u00ae Sensity Day &#8211; Bio"},"content":{"rendered":"<p>Con\u00e7ue\u00a0<strong>pour la peau fragile ou \u00e0 tendance \u00e0 couperose<\/strong>, elle exerce une action apaisante et adoucissante gr\u00e2ce \u00e0 de pr\u00e9cieux actifs: Immortelle*, Bisabolol, Aloe Vera*, Vitamine E. Les huiles v\u00e9g\u00e9tales (Rose Musqu\u00e9e*, Abricot*, Karit\u00e8*, Jojoba*), nourrissent et reconstituent la peau m\u00eame la plus fragile. L\u2019extrait de Vigne Rouge*, l\u2019hydrolat de Cassis* et la Rose Musqu\u00e9e* stimulent l\u2019\u00e9piderme. L\u2019Acide Hyaluronique assure une parfaite hydratation.<\/p>\n<p>50ml<\/p>\n<p>*issu de l\u2019agriculture biologique<\/p>\n","protected":false},"excerpt":{"rendered":"<p>Con\u00e7ue\u00a0pour la peau fragile ou \u00e0 tendance \u00e0 couperose<\/p>\n","protected":false},"featured_media":2761,"template":"","meta":[],"product_brand":[],"product_cat":[383,247],"product_tag":[],"class_list":{"0":"post-2447","1":"product","2":"type-product","3":"status-publish","4":"has-post-thumbnail","6":"product_cat-cremes-visage-2","7":"product_cat-ligne-elicrisia","9":"first","10":"outofstock","11":"featured","12":"taxable","13":"shipping-taxable","14":"purchasable","15":"product-type-simple"},"_links":{"self":[{"href":"https:\/\/www.mosquetas.com\/fr\/wp-json\/wp\/v2\/product\/2447","targetHints":{"allow":["GET"]}}],"collection":[{"href":"https:\/\/www.mosquetas.com\/fr\/wp-json\/wp\/v2\/product"}],"about":[{"href":"https:\/\/www.mosquetas.com\/fr\/wp-json\/wp\/v2\/types\/product"}],"wp:featuredmedia":[{"embeddable":true,"href":"https:\/\/www.mosquetas.com\/fr\/wp-json\/wp\/v2\/media\/2761"}],"wp:attachment":[{"href":"https:\/\/www.mosquetas.com\/fr\/wp-json\/wp\/v2\/media?parent=2447"}],"wp:term":[{"taxonomy":"product_brand","embeddable":true,"href":"https:\/\/www.mosquetas.com\/fr\/wp-json\/wp\/v2\/product_brand?post=2447"},{"taxonomy":"product_cat","embeddable":true,"href":"https:\/\/www.mosquetas.com\/fr\/wp-json\/wp\/v2\/product_cat?post=2447"},{"taxonomy":"product_tag","embeddable":true,"href":"https:\/\/www.mosquetas.com\/fr\/wp-json\/wp\/v2\/product_tag?post=2447"}],"curies":[{"name":"wp","href":"https:\/\/api.w.org\/{rel}","templated":true}]}}