{"id":2443,"date":"2015-07-29T10:19:27","date_gmt":"2015-07-29T08:19:27","guid":{"rendered":"https:\/\/www.mosquetas.com\/prodotto\/elicrisia-primissima-bio\/"},"modified":"2025-03-25T15:44:49","modified_gmt":"2025-03-25T14:44:49","slug":"elicrisia-primissima-bio","status":"publish","type":"product","link":"https:\/\/www.mosquetas.com\/fr\/pr\/elicrisia-primissima-bio\/","title":{"rendered":"Elicrisia\u00ae Primissima &#8211; Bio"},"content":{"rendered":"<p>Sp\u00e9cialement formul\u00e9e\u00a0<strong>pour retarder ou combattre l\u2019apparition des premi\u00e8res rides<\/strong>. L\u2019\u00e9quilibre de ses huiles (Rose Musqu\u00e9e*, Jojoba*) procure hydratation et stimulation. Hydrate, rafra\u00eechit et prot\u00e8ge gr\u00e2ce aux hydrolats d\u2019Immortelle*, de Camomille* et \u00e0 l\u2019extrait de feuille d\u2019olivier*.<\/p>\n<p>50ml<\/p>\n<p>*issu de l\u2019agriculture biologique<\/p>\n","protected":false},"excerpt":{"rendered":"<p>Sp\u00e9cialement formul\u00e9e\u00a0pour retarder ou combattre l\u2019apparition des premi\u00e8res rides<\/p>\n","protected":false},"featured_media":2756,"template":"","meta":[],"product_brand":[],"product_cat":[383,247],"product_tag":[],"class_list":{"0":"post-2443","1":"product","2":"type-product","3":"status-publish","4":"has-post-thumbnail","6":"product_cat-cremes-visage-2","7":"product_cat-ligne-elicrisia","9":"first","10":"instock","11":"sale","12":"taxable","13":"shipping-taxable","14":"purchasable","15":"product-type-simple"},"_links":{"self":[{"href":"https:\/\/www.mosquetas.com\/fr\/wp-json\/wp\/v2\/product\/2443","targetHints":{"allow":["GET"]}}],"collection":[{"href":"https:\/\/www.mosquetas.com\/fr\/wp-json\/wp\/v2\/product"}],"about":[{"href":"https:\/\/www.mosquetas.com\/fr\/wp-json\/wp\/v2\/types\/product"}],"wp:featuredmedia":[{"embeddable":true,"href":"https:\/\/www.mosquetas.com\/fr\/wp-json\/wp\/v2\/media\/2756"}],"wp:attachment":[{"href":"https:\/\/www.mosquetas.com\/fr\/wp-json\/wp\/v2\/media?parent=2443"}],"wp:term":[{"taxonomy":"product_brand","embeddable":true,"href":"https:\/\/www.mosquetas.com\/fr\/wp-json\/wp\/v2\/product_brand?post=2443"},{"taxonomy":"product_cat","embeddable":true,"href":"https:\/\/www.mosquetas.com\/fr\/wp-json\/wp\/v2\/product_cat?post=2443"},{"taxonomy":"product_tag","embeddable":true,"href":"https:\/\/www.mosquetas.com\/fr\/wp-json\/wp\/v2\/product_tag?post=2443"}],"curies":[{"name":"wp","href":"https:\/\/api.w.org\/{rel}","templated":true}]}}