{"id":2439,"date":"2015-07-29T10:24:56","date_gmt":"2015-07-29T08:24:56","guid":{"rendered":"https:\/\/www.mosquetas.com\/prodotto\/eau-de-soin-elicrisia-eclat-bio\/"},"modified":"2025-03-31T13:32:06","modified_gmt":"2025-03-31T11:32:06","slug":"eau-de-soin-elicrisia-eclat-bio","status":"publish","type":"product","link":"https:\/\/www.mosquetas.com\/fr\/pr\/eau-de-soin-elicrisia-eclat-bio\/","title":{"rendered":"Eau de Soin Elicrisia\u00ae Eclat \u2013 Bio"},"content":{"rendered":"<p>Rigoureusement\u00a0<strong>sans alcool<\/strong>, ce soin pour peau normale ou \u00e0 tendance mixte\u00a0<strong>assainit, tonifie et illumine le teint<\/strong>\u00a0gr\u00e2ce \u00e0 l\u2019association des hydrolats d\u2019Immortelle*, d\u2019Hamam\u00e9lis* et de Sauge*. Les extraits de Caf\u00e9 Vert*, de graines enti\u00e8res de Rose Musqu\u00e9e* et l\u2019Aloe Vera* assurent protection et hydratation.<strong>\u00a0La peau devient plus fra\u00eeche et lumineuse<\/strong>. La parfum particulier (domin\u00e9 par l\u2019Immortelle) stimule l\u2019esprit et provoque une sensation imm\u00e9diate de confort et de vitalit\u00e9.<\/p>\n<p>200ml<\/p>\n<p>*issu de l\u2019agriculture biologique<\/p>\n","protected":false},"excerpt":{"rendered":"<p>Rigoureusement\u00a0sans alcool, ce soin pour peau normale ou \u00e0 tendance mixte<\/p>\n","protected":false},"featured_media":2746,"template":"","meta":[],"product_brand":[],"product_cat":[247,391],"product_tag":[],"class_list":{"0":"post-2439","1":"product","2":"type-product","3":"status-publish","4":"has-post-thumbnail","6":"product_cat-ligne-elicrisia","7":"product_cat-traitement","9":"first","10":"instock","11":"taxable","12":"shipping-taxable","13":"purchasable","14":"product-type-simple"},"_links":{"self":[{"href":"https:\/\/www.mosquetas.com\/fr\/wp-json\/wp\/v2\/product\/2439","targetHints":{"allow":["GET"]}}],"collection":[{"href":"https:\/\/www.mosquetas.com\/fr\/wp-json\/wp\/v2\/product"}],"about":[{"href":"https:\/\/www.mosquetas.com\/fr\/wp-json\/wp\/v2\/types\/product"}],"wp:featuredmedia":[{"embeddable":true,"href":"https:\/\/www.mosquetas.com\/fr\/wp-json\/wp\/v2\/media\/2746"}],"wp:attachment":[{"href":"https:\/\/www.mosquetas.com\/fr\/wp-json\/wp\/v2\/media?parent=2439"}],"wp:term":[{"taxonomy":"product_brand","embeddable":true,"href":"https:\/\/www.mosquetas.com\/fr\/wp-json\/wp\/v2\/product_brand?post=2439"},{"taxonomy":"product_cat","embeddable":true,"href":"https:\/\/www.mosquetas.com\/fr\/wp-json\/wp\/v2\/product_cat?post=2439"},{"taxonomy":"product_tag","embeddable":true,"href":"https:\/\/www.mosquetas.com\/fr\/wp-json\/wp\/v2\/product_tag?post=2439"}],"curies":[{"name":"wp","href":"https:\/\/api.w.org\/{rel}","templated":true}]}}