{"id":2429,"date":"2015-07-29T10:34:31","date_gmt":"2015-07-29T08:34:31","guid":{"rendered":"https:\/\/www.mosquetas.com\/prodotto\/mascara-a-la-rose-musquee-bio\/"},"modified":"2025-12-10T11:31:06","modified_gmt":"2025-12-10T10:31:06","slug":"mascara-a-la-rose-musquee-bio","status":"publish","type":"product","link":"https:\/\/www.mosquetas.com\/fr\/pr\/mascara-a-la-rose-musquee-bio\/","title":{"rendered":"Mascara \u00e0 la Rose Musqu\u00e9e \u2013 Bio"},"content":{"rendered":"<p>La formule \u00e0 base de Cire d\u2019Abeille*, d\u2019huile de Rose Musqu\u00e9e*, d\u2019huile d\u2019Amande Douce* et de beurre de Karit\u00e9* assure au mascara Mosqueta\u2019s une<strong>\u00a0texture cr\u00e9meuse, sans paquets<\/strong>. L\u2019amidon de Froment compl\u00e8te cette formule en donnant plus de volume. Les cils sont\u00a0<strong>model\u00e9s, nourris et prot\u00e9g\u00e9s<\/strong>.<\/p>\n<p>Le Mascara Mosqueta\u2019s a\u00a0\u00e9t\u00e9 \u00e9lu\u00a0<strong>meilleur mascara de France<\/strong>sur 82 produits test\u00e9s (l\u2019Observatoire des Cosm\u00e9tiques 2013-2014) ainsi que les ann\u00e9es successives.<\/p>\n<p>10ml<\/p>\n<p>*issu de l\u2019agriculture biologique<\/p>\n","protected":false},"excerpt":{"rendered":"<p>La formule \u00e0 base de Cire d\u2019Abeille*, d\u2019huile de Rose Musqu\u00e9e*, d\u2019huile d\u2019Amande Douce* et de beurre de Karit\u00e9* assure au mascara Mosqueta\u2019s une\u00a0texture cr\u00e9meuse, sans paquets. L\u2019amidon de Froment compl\u00e8te cette formule en donnant plus de volume. Les cils sont\u00a0model\u00e9s, nourris et prot\u00e9g\u00e9s. Le Mascara Mosqueta\u2019s a\u00a0\u00e9t\u00e9 \u00e9lu\u00a0meilleur mascara de Francesur 82 produits test\u00e9s (l\u2019Observatoire des Cosm\u00e9tiques 2013-2014) ainsi que les ann\u00e9es successives. 10ml *issu de l\u2019agriculture biologique<\/p>\n","protected":false},"featured_media":12768,"template":"","meta":[],"product_brand":[],"product_cat":[258],"product_tag":[],"class_list":{"0":"post-2429","1":"product","2":"type-product","3":"status-publish","4":"has-post-thumbnail","6":"product_cat-ligne-maquillage","8":"first","9":"instock","10":"taxable","11":"shipping-taxable","12":"purchasable","13":"product-type-variable"},"_links":{"self":[{"href":"https:\/\/www.mosquetas.com\/fr\/wp-json\/wp\/v2\/product\/2429","targetHints":{"allow":["GET"]}}],"collection":[{"href":"https:\/\/www.mosquetas.com\/fr\/wp-json\/wp\/v2\/product"}],"about":[{"href":"https:\/\/www.mosquetas.com\/fr\/wp-json\/wp\/v2\/types\/product"}],"wp:featuredmedia":[{"embeddable":true,"href":"https:\/\/www.mosquetas.com\/fr\/wp-json\/wp\/v2\/media\/12768"}],"wp:attachment":[{"href":"https:\/\/www.mosquetas.com\/fr\/wp-json\/wp\/v2\/media?parent=2429"}],"wp:term":[{"taxonomy":"product_brand","embeddable":true,"href":"https:\/\/www.mosquetas.com\/fr\/wp-json\/wp\/v2\/product_brand?post=2429"},{"taxonomy":"product_cat","embeddable":true,"href":"https:\/\/www.mosquetas.com\/fr\/wp-json\/wp\/v2\/product_cat?post=2429"},{"taxonomy":"product_tag","embeddable":true,"href":"https:\/\/www.mosquetas.com\/fr\/wp-json\/wp\/v2\/product_tag?post=2429"}],"curies":[{"name":"wp","href":"https:\/\/api.w.org\/{rel}","templated":true}]}}