{"id":2414,"date":"2015-07-29T10:36:29","date_gmt":"2015-07-29T08:36:29","guid":{"rendered":"https:\/\/www.mosquetas.com\/prodotto\/eyeliner-a-la-rose-musquee-bio\/"},"modified":"2023-09-14T10:23:41","modified_gmt":"2023-09-14T08:23:41","slug":"eyeliner-a-la-rose-musquee-bio","status":"publish","type":"product","link":"https:\/\/www.mosquetas.com\/fr\/pr\/eyeliner-a-la-rose-musquee-bio\/","title":{"rendered":"Eyeliner \u00e0 la Rose Musqu\u00e9e \u2013 Bio"},"content":{"rendered":"<p>Disponible\u00a0<strong>en trois couleurs<\/strong>: noir, brun et vert, d\u2019application facile, il adh\u00e8re parfaitement \u00e0 la paupi\u00e8re. L\u2019huile de Rose Musqu\u00e9e*, nourrissante, l\u2019hydrolat de Sauge, antibact\u00e9rien, et les cires v\u00e9g\u00e9tales en font un vrai maquillage de soin.\u00a0<strong>Sans alcool<\/strong>.<\/p>\n<p>L\u2019eyeliner Mosqueta\u2019s a \u00e9t\u00e9 \u00e9lu\u00a0<strong>meilleur eyeliner de France<\/strong>\u00a0sur 49 produits test\u00e9s (l\u2019Observatoire des Cosm\u00e9tiques\u00a0 2013\/2014).<\/p>\n<p>4.5ml<\/p>\n<p>*issu de l\u2019agriculture biologique<\/p>\n","protected":false},"excerpt":{"rendered":"<p>Disponible\u00a0en trois couleurs: noir, brun et vert, d\u2019application facile, il adh\u00e8re parfaitement \u00e0 la paupi\u00e8re. L\u2019huile de Rose Musqu\u00e9e*, nourrissante, l\u2019hydrolat de Sauge, antibact\u00e9rien, et les cires v\u00e9g\u00e9tales en font un vrai maquillage de soin.\u00a0Sans alcool. L\u2019eyeliner Mosqueta\u2019s a \u00e9t\u00e9 \u00e9lu\u00a0meilleur eyeliner de France\u00a0sur 49 produits test\u00e9s (l\u2019Observatoire des Cosm\u00e9tiques\u00a0 2013\/2014). 4.5ml *issu de l\u2019agriculture biologique<\/p>\n","protected":false},"featured_media":2691,"template":"","meta":[],"product_brand":[],"product_cat":[258],"product_tag":[],"class_list":{"0":"post-2414","1":"product","2":"type-product","3":"status-publish","4":"has-post-thumbnail","6":"product_cat-ligne-maquillage","8":"first","9":"instock","10":"taxable","11":"shipping-taxable","12":"purchasable","13":"product-type-variable"},"_links":{"self":[{"href":"https:\/\/www.mosquetas.com\/fr\/wp-json\/wp\/v2\/product\/2414","targetHints":{"allow":["GET"]}}],"collection":[{"href":"https:\/\/www.mosquetas.com\/fr\/wp-json\/wp\/v2\/product"}],"about":[{"href":"https:\/\/www.mosquetas.com\/fr\/wp-json\/wp\/v2\/types\/product"}],"wp:featuredmedia":[{"embeddable":true,"href":"https:\/\/www.mosquetas.com\/fr\/wp-json\/wp\/v2\/media\/2691"}],"wp:attachment":[{"href":"https:\/\/www.mosquetas.com\/fr\/wp-json\/wp\/v2\/media?parent=2414"}],"wp:term":[{"taxonomy":"product_brand","embeddable":true,"href":"https:\/\/www.mosquetas.com\/fr\/wp-json\/wp\/v2\/product_brand?post=2414"},{"taxonomy":"product_cat","embeddable":true,"href":"https:\/\/www.mosquetas.com\/fr\/wp-json\/wp\/v2\/product_cat?post=2414"},{"taxonomy":"product_tag","embeddable":true,"href":"https:\/\/www.mosquetas.com\/fr\/wp-json\/wp\/v2\/product_tag?post=2414"}],"curies":[{"name":"wp","href":"https:\/\/api.w.org\/{rel}","templated":true}]}}