{"id":2398,"date":"2015-07-29T10:38:28","date_gmt":"2015-07-29T08:38:28","guid":{"rendered":"https:\/\/www.mosquetas.com\/prodotto\/kajal-a-la-rose-musquee-bio\/"},"modified":"2024-08-25T08:28:57","modified_gmt":"2024-08-25T06:28:57","slug":"kajal-a-la-rose-musquee-bio","status":"publish","type":"product","link":"https:\/\/www.mosquetas.com\/fr\/pr\/kajal-a-la-rose-musquee-bio\/","title":{"rendered":"Kajal \u00e0 la Rose Musqu\u00e9e &#8211; Bio"},"content":{"rendered":"<p><strong>Souplesse et pr\u00e9cision<\/strong>\u00a0dans le trac\u00e9 pour ce kajal en crayon pour un\u00a0<strong>maquillage sans bavures<\/strong>.\u00a0Facile \u00e0 estomper pour ajouter une ombre \u00e0 l\u2019angle de la paupi\u00e8re.<\/p>\n<p>Sa formule \u00e0 base d\u2019huile de Rose Musqu\u00e9e*, huile de Jojoba*, beurre de Karit\u00e8*, associ\u00e9s \u00e0 des cires v\u00e9g\u00e9tales\u00a0<strong>garantit une bonne tenue et une tol\u00e9rance parfaite<\/strong>.<\/p>\n<p>Disponible en <strong>noir<\/strong> et <strong>brun<\/strong>.<\/p>\n<p>1.14gr<\/p>\n<p>*issu de agriculture biologique<\/p>\n","protected":false},"excerpt":{"rendered":"<p>Souplesse et pr\u00e9cision\u00a0dans le trac\u00e9 pour ce kajal en crayon pour un\u00a0maquillage sans bavures.\u00a0Facile \u00e0 estomper pour ajouter une ombre \u00e0 l\u2019angle de la paupi\u00e8re. Sa formule \u00e0 base d\u2019huile de Rose Musqu\u00e9e*, huile de Jojoba*, beurre de Karit\u00e8*, associ\u00e9s \u00e0 des cires v\u00e9g\u00e9tales\u00a0garantit une bonne tenue et une tol\u00e9rance parfaite. Disponible en noir et brun. 1.14gr *issu de agriculture biologique<\/p>\n","protected":false},"featured_media":2673,"template":"","meta":[],"product_brand":[],"product_cat":[258],"product_tag":[],"class_list":{"0":"post-2398","1":"product","2":"type-product","3":"status-publish","4":"has-post-thumbnail","6":"product_cat-ligne-maquillage","8":"first","9":"instock","10":"taxable","11":"shipping-taxable","12":"purchasable","13":"product-type-variable"},"_links":{"self":[{"href":"https:\/\/www.mosquetas.com\/fr\/wp-json\/wp\/v2\/product\/2398","targetHints":{"allow":["GET"]}}],"collection":[{"href":"https:\/\/www.mosquetas.com\/fr\/wp-json\/wp\/v2\/product"}],"about":[{"href":"https:\/\/www.mosquetas.com\/fr\/wp-json\/wp\/v2\/types\/product"}],"wp:featuredmedia":[{"embeddable":true,"href":"https:\/\/www.mosquetas.com\/fr\/wp-json\/wp\/v2\/media\/2673"}],"wp:attachment":[{"href":"https:\/\/www.mosquetas.com\/fr\/wp-json\/wp\/v2\/media?parent=2398"}],"wp:term":[{"taxonomy":"product_brand","embeddable":true,"href":"https:\/\/www.mosquetas.com\/fr\/wp-json\/wp\/v2\/product_brand?post=2398"},{"taxonomy":"product_cat","embeddable":true,"href":"https:\/\/www.mosquetas.com\/fr\/wp-json\/wp\/v2\/product_cat?post=2398"},{"taxonomy":"product_tag","embeddable":true,"href":"https:\/\/www.mosquetas.com\/fr\/wp-json\/wp\/v2\/product_tag?post=2398"}],"curies":[{"name":"wp","href":"https:\/\/api.w.org\/{rel}","templated":true}]}}