{"id":2386,"date":"2015-07-29T10:40:25","date_gmt":"2015-07-29T08:40:25","guid":{"rendered":"https:\/\/www.mosquetas.com\/prodotto\/multicorrecteur-bio\/"},"modified":"2024-12-16T09:27:46","modified_gmt":"2024-12-16T08:27:46","slug":"multicorrecteur-bio","status":"publish","type":"product","link":"https:\/\/www.mosquetas.com\/fr\/pr\/multicorrecteur-bio\/","title":{"rendered":"Multicorrecteur  &#8211; Bio"},"content":{"rendered":"<p>Invisible,\u00a0<strong>camoufle \u00e0 l\u2019instant<\/strong>\u00a0les cernes, rougeurs, taches, capillaires\u00a0<strong>sur \u00a0visage, d\u00e9collet\u00e9 et jambes<\/strong>. Sa texture cr\u00e9meuse et non grasse donne un aspect naturel. Gr\u00e2ce \u00e0 ses ingr\u00e9dients haut-de-gamme ( Rose Musqu\u00e9e*, beurre de Karit\u00e9*, Immortelle, Baobab*, Calendula) hydrate, prot\u00e8ge et calme tout en dissimulant les petits d\u00e9fauts.<\/p>\n<p>Deux nuances: 01 (clair) et 02 (moyen)<\/p>\n<p>3,5 gr<\/p>\n<p>*issu de agriculture biologique<\/p>\n","protected":false},"excerpt":{"rendered":"<p>Invisible,\u00a0camoufle \u00e0 l\u2019instant\u00a0les cernes, rougeurs, taches, capillaires\u00a0sur \u00a0visage, d\u00e9collet\u00e9 et jambes. Sa texture cr\u00e9meuse et non grasse donne un aspect naturel. Gr\u00e2ce \u00e0 ses ingr\u00e9dients haut-de-gamme ( Rose Musqu\u00e9e*, beurre de Karit\u00e9*, Immortelle, Baobab*, Calendula) hydrate, prot\u00e8ge et calme tout en dissimulant les petits d\u00e9fauts. Deux nuances: 01 (clair) et 02 (moyen) 3,5 gr *issu de agriculture biologique<\/p>\n","protected":false},"featured_media":2650,"template":"","meta":[],"product_brand":[],"product_cat":[258],"product_tag":[],"class_list":{"0":"post-2386","1":"product","2":"type-product","3":"status-publish","4":"has-post-thumbnail","6":"product_cat-ligne-maquillage","8":"first","9":"instock","10":"featured","11":"taxable","12":"shipping-taxable","13":"purchasable","14":"product-type-variable"},"_links":{"self":[{"href":"https:\/\/www.mosquetas.com\/fr\/wp-json\/wp\/v2\/product\/2386","targetHints":{"allow":["GET"]}}],"collection":[{"href":"https:\/\/www.mosquetas.com\/fr\/wp-json\/wp\/v2\/product"}],"about":[{"href":"https:\/\/www.mosquetas.com\/fr\/wp-json\/wp\/v2\/types\/product"}],"wp:featuredmedia":[{"embeddable":true,"href":"https:\/\/www.mosquetas.com\/fr\/wp-json\/wp\/v2\/media\/2650"}],"wp:attachment":[{"href":"https:\/\/www.mosquetas.com\/fr\/wp-json\/wp\/v2\/media?parent=2386"}],"wp:term":[{"taxonomy":"product_brand","embeddable":true,"href":"https:\/\/www.mosquetas.com\/fr\/wp-json\/wp\/v2\/product_brand?post=2386"},{"taxonomy":"product_cat","embeddable":true,"href":"https:\/\/www.mosquetas.com\/fr\/wp-json\/wp\/v2\/product_cat?post=2386"},{"taxonomy":"product_tag","embeddable":true,"href":"https:\/\/www.mosquetas.com\/fr\/wp-json\/wp\/v2\/product_tag?post=2386"}],"curies":[{"name":"wp","href":"https:\/\/api.w.org\/{rel}","templated":true}]}}