{"id":2379,"date":"2015-07-29T10:43:46","date_gmt":"2015-07-29T08:43:46","guid":{"rendered":"https:\/\/www.mosquetas.com\/prodotto\/omegarosa\/"},"modified":"2023-12-21T09:33:38","modified_gmt":"2023-12-21T08:33:38","slug":"omegarosa","status":"publish","type":"product","link":"https:\/\/www.mosquetas.com\/fr\/pr\/omegarosa\/","title":{"rendered":"OMEGAROSA\u00ae"},"content":{"rendered":"<p><strong>Capsules d\u2019huile vierge dynamis\u00e9e de Rose Musqu\u00e9e biologique<\/strong>, est l\u2019une des rares sources v\u00e9g\u00e9tales des deux acides gras essentiels\u00a0<strong>Omega 3<\/strong>\u00a0\u2013<strong>\u00a0Omega 6<\/strong>\u00a0en proportion \u00e9lev\u00e9e et \u00e9quilibr\u00e9e (35% \u2013 45%).<\/p>\n<p>90 capsules<\/p>\n","protected":false},"excerpt":{"rendered":"<p>Capsules d\u2019huile vierge dynamis\u00e9e de Rose Musqu\u00e9e biologique<\/p>\n","protected":false},"featured_media":2645,"template":"","meta":[],"product_brand":[],"product_cat":[414,238],"product_tag":[],"class_list":{"0":"post-2379","1":"product","2":"type-product","3":"status-publish","4":"has-post-thumbnail","6":"product_cat-promos","7":"product_cat-complements-alimentaires","9":"first","10":"instock","11":"taxable","12":"shipping-taxable","13":"purchasable","14":"product-type-simple"},"_links":{"self":[{"href":"https:\/\/www.mosquetas.com\/fr\/wp-json\/wp\/v2\/product\/2379","targetHints":{"allow":["GET"]}}],"collection":[{"href":"https:\/\/www.mosquetas.com\/fr\/wp-json\/wp\/v2\/product"}],"about":[{"href":"https:\/\/www.mosquetas.com\/fr\/wp-json\/wp\/v2\/types\/product"}],"wp:featuredmedia":[{"embeddable":true,"href":"https:\/\/www.mosquetas.com\/fr\/wp-json\/wp\/v2\/media\/2645"}],"wp:attachment":[{"href":"https:\/\/www.mosquetas.com\/fr\/wp-json\/wp\/v2\/media?parent=2379"}],"wp:term":[{"taxonomy":"product_brand","embeddable":true,"href":"https:\/\/www.mosquetas.com\/fr\/wp-json\/wp\/v2\/product_brand?post=2379"},{"taxonomy":"product_cat","embeddable":true,"href":"https:\/\/www.mosquetas.com\/fr\/wp-json\/wp\/v2\/product_cat?post=2379"},{"taxonomy":"product_tag","embeddable":true,"href":"https:\/\/www.mosquetas.com\/fr\/wp-json\/wp\/v2\/product_tag?post=2379"}],"curies":[{"name":"wp","href":"https:\/\/api.w.org\/{rel}","templated":true}]}}