{"id":2371,"date":"2017-11-29T15:48:51","date_gmt":"2017-11-29T14:48:51","guid":{"rendered":"https:\/\/www.mosquetas.com\/prodotto\/crema-anti-age-ultra-dolce-bio-2\/"},"modified":"2025-01-06T21:17:32","modified_gmt":"2025-01-06T20:17:32","slug":"crema-anti-age-ultra-dolce-bio-2","status":"publish","type":"product","link":"https:\/\/www.mosquetas.com\/fr\/pr\/crema-anti-age-ultra-dolce-bio-2\/","title":{"rendered":"Cr\u00e8me Anti-Age Ultra Douce \u2013 Bio"},"content":{"rendered":"<p>Cr\u00e8me anti-\u00e2ge apaisante et r\u00e9g\u00e9n\u00e9rante sp\u00e9cialement formul\u00e9e pour la peau ultra-sensible ou \u00e0 tendance atopique. Extr\u00eamement riche en actifs pr\u00e9cieux Bio dont l\u2019Huile de Rose Musqu\u00e9e (anti-\u00e2ge, r\u00e9g\u00e9n\u00e9rante), la Marguerite Bleue (calmante, anti-oxydante et r\u00e9paratrice), les hydrolats de Cassis et d\u2019Immortelle (r\u00e9parateurs et d\u00e9congestionnants), le Bisabolol (apaisant et anti-oxydant), les huiles d\u2019Onagre, de Jojoba et le Karit\u00e9 (nourrissants). De plus l\u2019Acide Hyaluronique renforce notablement l\u2019hydratation. Sans allerg\u00e8nes et sans alcool. Elle apaise, prot\u00e8ge et nourrit en douceur en assurant souplesse et confort.<\/p>\n<p>50ml<\/p>\n<p>*issu de l\u2019agriculture biologique<\/p>\n","protected":false},"excerpt":{"rendered":"<p>Cr\u00e8me anti-\u00e2ge apaisante et r\u00e9g\u00e9n\u00e9rante sp\u00e9cialement formul\u00e9e pour la peau ultra-sensible ou \u00e0 tendance atopique.<\/p>\n","protected":false},"featured_media":2635,"template":"","meta":[],"product_brand":[],"product_cat":[403,250],"product_tag":[],"class_list":{"0":"post-2371","1":"product","2":"type-product","3":"status-publish","4":"has-post-thumbnail","6":"product_cat-cremes-visage","7":"product_cat-ligne-rose","9":"first","10":"outofstock","11":"taxable","12":"shipping-taxable","13":"purchasable","14":"product-type-simple"},"_links":{"self":[{"href":"https:\/\/www.mosquetas.com\/fr\/wp-json\/wp\/v2\/product\/2371","targetHints":{"allow":["GET"]}}],"collection":[{"href":"https:\/\/www.mosquetas.com\/fr\/wp-json\/wp\/v2\/product"}],"about":[{"href":"https:\/\/www.mosquetas.com\/fr\/wp-json\/wp\/v2\/types\/product"}],"wp:featuredmedia":[{"embeddable":true,"href":"https:\/\/www.mosquetas.com\/fr\/wp-json\/wp\/v2\/media\/2635"}],"wp:attachment":[{"href":"https:\/\/www.mosquetas.com\/fr\/wp-json\/wp\/v2\/media?parent=2371"}],"wp:term":[{"taxonomy":"product_brand","embeddable":true,"href":"https:\/\/www.mosquetas.com\/fr\/wp-json\/wp\/v2\/product_brand?post=2371"},{"taxonomy":"product_cat","embeddable":true,"href":"https:\/\/www.mosquetas.com\/fr\/wp-json\/wp\/v2\/product_cat?post=2371"},{"taxonomy":"product_tag","embeddable":true,"href":"https:\/\/www.mosquetas.com\/fr\/wp-json\/wp\/v2\/product_tag?post=2371"}],"curies":[{"name":"wp","href":"https:\/\/api.w.org\/{rel}","templated":true}]}}