{"id":2367,"date":"2018-04-10T15:16:59","date_gmt":"2018-04-10T13:16:59","guid":{"rendered":"https:\/\/www.mosquetas.com\/prodotto\/elicrisia-sensity-night-bio-2\/"},"modified":"2025-05-07T18:02:51","modified_gmt":"2025-05-07T16:02:51","slug":"elicrisia-sensity-night-bio-2","status":"publish","type":"product","link":"https:\/\/www.mosquetas.com\/fr\/pr\/elicrisia-sensity-night-bio-2\/","title":{"rendered":"Elicrisia\u00ae Sensity Night\u2013 Bio"},"content":{"rendered":"<p>Cr\u00e8me de nuit onctueuse nourrit en profondeur les peaux les plus s\u00e8ches et d\u00e9licates tout en exer\u00e7ant une action apaisante, anti-oxydante et anti-\u00e2ge gr\u00e2ce \u00e0 ses pr\u00e9cieux actifs: les huiles d\u2019Onagre Bio, de Jojoba Bio, d\u2019Avocat Bio et le Karit\u00e9 Bio (pour combattre la s\u00e9cheresse et donner plus d\u2019\u00e9lasticit\u00e9) et l\u2019Immortelle Bio, le Cassis Bio la racine de Maca des Andes Bio, apaisants et r\u00e9g\u00e9n\u00e9rants. L\u2019innovant complexe v\u00e9g\u00e9tal compos\u00e9 d\u2019huile de Rose Musqu\u00e9e Bio, d\u2019extrait de baies d\u2019\u00c9glantier Bio et d\u2019extrait de graines de Framboise Bio exerce une action fortement anti-oxydante, apaisante, restructurante et prot\u00e8ge la peau du vieillissement.<br \/>\nL\u2019Acide Ialuronique intensifie l\u2019action hydratante*et anti-\u00e2ge.<\/p>\n<p>50ml<\/p>\n<p>*des couches sup\u00e9rieures de l\u2019\u00e9piderme.<\/p>\n","protected":false},"excerpt":{"rendered":"<p>Cr\u00e8me de nuit onctueuse nourrit en profondeur les peaux les plus s\u00e8ches et d\u00e9licates tout en exer\u00e7ant une action apaisante, anti-oxydante et anti-\u00e2ge<\/p>\n","protected":false},"featured_media":2630,"template":"","meta":[],"product_brand":[],"product_cat":[383,247],"product_tag":[],"class_list":{"0":"post-2367","1":"product","2":"type-product","3":"status-publish","4":"has-post-thumbnail","6":"product_cat-cremes-visage-2","7":"product_cat-ligne-elicrisia","9":"first","10":"instock","11":"taxable","12":"shipping-taxable","13":"purchasable","14":"product-type-simple"},"_links":{"self":[{"href":"https:\/\/www.mosquetas.com\/fr\/wp-json\/wp\/v2\/product\/2367","targetHints":{"allow":["GET"]}}],"collection":[{"href":"https:\/\/www.mosquetas.com\/fr\/wp-json\/wp\/v2\/product"}],"about":[{"href":"https:\/\/www.mosquetas.com\/fr\/wp-json\/wp\/v2\/types\/product"}],"wp:featuredmedia":[{"embeddable":true,"href":"https:\/\/www.mosquetas.com\/fr\/wp-json\/wp\/v2\/media\/2630"}],"wp:attachment":[{"href":"https:\/\/www.mosquetas.com\/fr\/wp-json\/wp\/v2\/media?parent=2367"}],"wp:term":[{"taxonomy":"product_brand","embeddable":true,"href":"https:\/\/www.mosquetas.com\/fr\/wp-json\/wp\/v2\/product_brand?post=2367"},{"taxonomy":"product_cat","embeddable":true,"href":"https:\/\/www.mosquetas.com\/fr\/wp-json\/wp\/v2\/product_cat?post=2367"},{"taxonomy":"product_tag","embeddable":true,"href":"https:\/\/www.mosquetas.com\/fr\/wp-json\/wp\/v2\/product_tag?post=2367"}],"curies":[{"name":"wp","href":"https:\/\/api.w.org\/{rel}","templated":true}]}}