{"id":5128,"date":"2019-09-12T12:23:15","date_gmt":"2019-09-12T10:23:15","guid":{"rendered":"https:\/\/www.mosquetas.com\/supplements-bio\/"},"modified":"2019-09-12T12:23:15","modified_gmt":"2019-09-12T10:23:15","slug":"supplements-bio","status":"publish","type":"page","link":"https:\/\/www.mosquetas.com\/fr\/supplements-bio\/","title":{"rendered":"Suppl\u00e9ments bio"},"content":{"rendered":"<div class=\"woocommerce columns-4 \"><ul class=\"products columns-4\" data-products=\"type-2\" data-hover=\"zoom-in\">\n<li class=\"product type-product post-2559 status-publish first instock product_cat-complements-alimentaires product_cat-livres product_cat-promos has-post-thumbnail taxable shipping-taxable purchasable product-type-simple\">\n\t<a href=\"https:\/\/www.mosquetas.com\/fr\/pr\/omegarosa-copia-2\/\" class=\"woocommerce-LoopProduct-link woocommerce-loop-product__link\"><img loading=\"lazy\" decoding=\"async\" width=\"600\" height=\"600\" src=\"https:\/\/www.mosquetas.com\/wp-content\/uploads\/2022\/03\/base-foto-1000x1000_omega-libro-600x600.webp\" class=\"attachment-woocommerce_thumbnail size-woocommerce_thumbnail\" alt=\"OMEGAROSA\u00ae X2 + Livre GRATUIT\" srcset=\"https:\/\/www.mosquetas.com\/wp-content\/uploads\/2022\/03\/base-foto-1000x1000_omega-libro-600x600.webp 600w, https:\/\/www.mosquetas.com\/wp-content\/uploads\/2022\/03\/base-foto-1000x1000_omega-libro-100x100.webp 100w, https:\/\/www.mosquetas.com\/wp-content\/uploads\/2022\/03\/base-foto-1000x1000_omega-libro-300x300.webp 300w, https:\/\/www.mosquetas.com\/wp-content\/uploads\/2022\/03\/base-foto-1000x1000_omega-libro-150x150.webp 150w, https:\/\/www.mosquetas.com\/wp-content\/uploads\/2022\/03\/base-foto-1000x1000_omega-libro-768x768.webp 768w, https:\/\/www.mosquetas.com\/wp-content\/uploads\/2022\/03\/base-foto-1000x1000_omega-libro.webp 1000w\" sizes=\"auto, (max-width: 600px) 100vw, 600px\" \/><h2 class=\"woocommerce-loop-product__title\">OMEGAROSA\u00ae X2 + Livre GRATUIT<\/h2>\n\t<span class=\"price\"><span class=\"woocommerce-Price-amount amount\"><bdi><span class=\"woocommerce-Price-currencySymbol\">&euro;<\/span>63,00<\/bdi><\/span><\/span>\n<\/a><a href=\"\/fr\/wp-json\/wp\/v2\/pages\/5128?add-to-cart=2559\" aria-describedby=\"woocommerce_loop_add_to_cart_link_describedby_2559\" data-quantity=\"1\" class=\"button product_type_simple add_to_cart_button ajax_add_to_cart\" data-product_id=\"2559\" data-product_sku=\"OMEGA-LIBRO\" aria-label=\"Ajouter au panier\u00a0: &ldquo;OMEGAROSA\u00ae X2 + Livre GRATUIT&rdquo;\" rel=\"nofollow\" data-success_message=\"\u00ab\u00a0OMEGAROSA\u00ae X2 + Livre GRATUIT\u00a0\u00bb a \u00e9t\u00e9 ajout\u00e9 \u00e0 votre panier\" role=\"button\">Ajouter au panier<\/a>\t<span id=\"woocommerce_loop_add_to_cart_link_describedby_2559\" class=\"screen-reader-text\">\n\t\t\t<\/span>\n<\/li>\n<li class=\"product type-product post-2554 status-publish instock product_cat-complements-alimentaires product_cat-livres product_cat-promos has-post-thumbnail taxable shipping-taxable purchasable product-type-simple\">\n\t<a href=\"https:\/\/www.mosquetas.com\/fr\/pr\/omegarosa-plus-copia-2\/\" class=\"woocommerce-LoopProduct-link woocommerce-loop-product__link\"><img loading=\"lazy\" decoding=\"async\" width=\"600\" height=\"600\" src=\"https:\/\/www.mosquetas.com\/wp-content\/uploads\/2022\/03\/base-foto-1000x1000_omegaplus-libro-600x600.webp\" class=\"attachment-woocommerce_thumbnail size-woocommerce_thumbnail\" alt=\"OMEGAROSA\u00ae plus 2X + Livre GRATUIT\" srcset=\"https:\/\/www.mosquetas.com\/wp-content\/uploads\/2022\/03\/base-foto-1000x1000_omegaplus-libro-600x600.webp 600w, https:\/\/www.mosquetas.com\/wp-content\/uploads\/2022\/03\/base-foto-1000x1000_omegaplus-libro-100x100.webp 100w, https:\/\/www.mosquetas.com\/wp-content\/uploads\/2022\/03\/base-foto-1000x1000_omegaplus-libro-300x300.webp 300w, https:\/\/www.mosquetas.com\/wp-content\/uploads\/2022\/03\/base-foto-1000x1000_omegaplus-libro-150x150.webp 150w, https:\/\/www.mosquetas.com\/wp-content\/uploads\/2022\/03\/base-foto-1000x1000_omegaplus-libro-768x768.webp 768w, https:\/\/www.mosquetas.com\/wp-content\/uploads\/2022\/03\/base-foto-1000x1000_omegaplus-libro.webp 1000w\" sizes=\"auto, (max-width: 600px) 100vw, 600px\" \/><h2 class=\"woocommerce-loop-product__title\">OMEGAROSA\u00ae plus 2X + Livre GRATUIT<\/h2>\n\t<span class=\"price\"><span class=\"woocommerce-Price-amount amount\"><bdi><span class=\"woocommerce-Price-currencySymbol\">&euro;<\/span>63,00<\/bdi><\/span><\/span>\n<\/a><a href=\"\/fr\/wp-json\/wp\/v2\/pages\/5128?add-to-cart=2554\" aria-describedby=\"woocommerce_loop_add_to_cart_link_describedby_2554\" data-quantity=\"1\" class=\"button product_type_simple add_to_cart_button ajax_add_to_cart\" data-product_id=\"2554\" data-product_sku=\"OMEGAPLUS+LIBRO\" aria-label=\"Ajouter au panier\u00a0: &ldquo;OMEGAROSA\u00ae plus 2X + Livre GRATUIT&rdquo;\" rel=\"nofollow\" data-success_message=\"\u00ab\u00a0OMEGAROSA\u00ae plus 2X + Livre GRATUIT\u00a0\u00bb a \u00e9t\u00e9 ajout\u00e9 \u00e0 votre panier\" role=\"button\">Ajouter au panier<\/a>\t<span id=\"woocommerce_loop_add_to_cart_link_describedby_2554\" class=\"screen-reader-text\">\n\t\t\t<\/span>\n<\/li>\n<li class=\"product type-product post-2375 status-publish instock product_cat-complements-alimentaires has-post-thumbnail featured taxable shipping-taxable purchasable product-type-simple\">\n\t<a href=\"https:\/\/www.mosquetas.com\/fr\/pr\/omegarosa-plus\/\" class=\"woocommerce-LoopProduct-link woocommerce-loop-product__link\"><img loading=\"lazy\" decoding=\"async\" width=\"600\" height=\"600\" src=\"https:\/\/www.mosquetas.com\/wp-content\/uploads\/2015\/07\/base-foto-1000x1000_omegaplus-600x600.webp\" class=\"attachment-woocommerce_thumbnail size-woocommerce_thumbnail\" alt=\"OMEGAROSA\u00ae plus\" srcset=\"https:\/\/www.mosquetas.com\/wp-content\/uploads\/2015\/07\/base-foto-1000x1000_omegaplus-600x600.webp 600w, https:\/\/www.mosquetas.com\/wp-content\/uploads\/2015\/07\/base-foto-1000x1000_omegaplus-100x100.webp 100w, https:\/\/www.mosquetas.com\/wp-content\/uploads\/2015\/07\/base-foto-1000x1000_omegaplus-300x300.webp 300w, https:\/\/www.mosquetas.com\/wp-content\/uploads\/2015\/07\/base-foto-1000x1000_omegaplus-150x150.webp 150w, https:\/\/www.mosquetas.com\/wp-content\/uploads\/2015\/07\/base-foto-1000x1000_omegaplus-768x768.webp 768w, https:\/\/www.mosquetas.com\/wp-content\/uploads\/2015\/07\/base-foto-1000x1000_omegaplus.webp 1000w\" sizes=\"auto, (max-width: 600px) 100vw, 600px\" \/><h2 class=\"woocommerce-loop-product__title\">OMEGAROSA\u00ae plus<\/h2>\n\t<span class=\"price\"><span class=\"woocommerce-Price-amount amount\"><bdi><span class=\"woocommerce-Price-currencySymbol\">&euro;<\/span>31,50<\/bdi><\/span><\/span>\n<\/a><a href=\"\/fr\/wp-json\/wp\/v2\/pages\/5128?add-to-cart=2375\" aria-describedby=\"woocommerce_loop_add_to_cart_link_describedby_2375\" data-quantity=\"1\" class=\"button product_type_simple add_to_cart_button ajax_add_to_cart\" data-product_id=\"2375\" data-product_sku=\"OMEGAPLUS\" aria-label=\"Ajouter au panier\u00a0: &ldquo;OMEGAROSA\u00ae plus&rdquo;\" rel=\"nofollow\" data-success_message=\"\u00ab\u00a0OMEGAROSA\u00ae plus\u00a0\u00bb a \u00e9t\u00e9 ajout\u00e9 \u00e0 votre panier\" role=\"button\">Ajouter au panier<\/a>\t<span id=\"woocommerce_loop_add_to_cart_link_describedby_2375\" class=\"screen-reader-text\">\n\t\t\t<\/span>\n<\/li>\n<li class=\"product type-product post-2379 status-publish last instock product_cat-promos product_cat-complements-alimentaires has-post-thumbnail taxable shipping-taxable purchasable product-type-simple\">\n\t<a href=\"https:\/\/www.mosquetas.com\/fr\/pr\/omegarosa\/\" class=\"woocommerce-LoopProduct-link woocommerce-loop-product__link\"><img loading=\"lazy\" decoding=\"async\" width=\"600\" height=\"600\" src=\"https:\/\/www.mosquetas.com\/wp-content\/uploads\/2015\/07\/base-foto-1000x1000_omega-600x600.webp\" class=\"attachment-woocommerce_thumbnail size-woocommerce_thumbnail\" alt=\"OMEGAROSA\u00ae\" srcset=\"https:\/\/www.mosquetas.com\/wp-content\/uploads\/2015\/07\/base-foto-1000x1000_omega-600x600.webp 600w, https:\/\/www.mosquetas.com\/wp-content\/uploads\/2015\/07\/base-foto-1000x1000_omega-100x100.webp 100w, https:\/\/www.mosquetas.com\/wp-content\/uploads\/2015\/07\/base-foto-1000x1000_omega-300x300.webp 300w, https:\/\/www.mosquetas.com\/wp-content\/uploads\/2015\/07\/base-foto-1000x1000_omega-150x150.webp 150w, https:\/\/www.mosquetas.com\/wp-content\/uploads\/2015\/07\/base-foto-1000x1000_omega-768x768.webp 768w, https:\/\/www.mosquetas.com\/wp-content\/uploads\/2015\/07\/base-foto-1000x1000_omega.webp 1000w\" sizes=\"auto, (max-width: 600px) 100vw, 600px\" \/><h2 class=\"woocommerce-loop-product__title\">OMEGAROSA\u00ae<\/h2>\n\t<span class=\"price\"><span class=\"woocommerce-Price-amount amount\"><bdi><span class=\"woocommerce-Price-currencySymbol\">&euro;<\/span>31,50<\/bdi><\/span><\/span>\n<\/a><a href=\"\/fr\/wp-json\/wp\/v2\/pages\/5128?add-to-cart=2379\" aria-describedby=\"woocommerce_loop_add_to_cart_link_describedby_2379\" data-quantity=\"1\" class=\"button product_type_simple add_to_cart_button ajax_add_to_cart\" data-product_id=\"2379\" data-product_sku=\"OMEGA\" aria-label=\"Ajouter au panier\u00a0: &ldquo;OMEGAROSA\u00ae&rdquo;\" rel=\"nofollow\" data-success_message=\"\u00ab\u00a0OMEGAROSA\u00ae\u00a0\u00bb a \u00e9t\u00e9 ajout\u00e9 \u00e0 votre panier\" role=\"button\">Ajouter au panier<\/a>\t<span id=\"woocommerce_loop_add_to_cart_link_describedby_2379\" class=\"screen-reader-text\">\n\t\t\t<\/span>\n<\/li>\n<\/ul>\n<\/div>\n<h2>Suppl\u00e9ments bio \u2013 R\u00e9g\u00e9n\u00e9ration de la peau<\/h2>\n<p>Prendre soin de sa peau passe aussi par l\u2019int\u00e9rieur\u00a0! Chez Mosqueta\u2019s, nous vous proposons des capsules biologiques d\u2019<a href=\"https:\/\/www.mosquetas.com\/fr\/huile-de-rose-mosqueta\/\">huile de Rose Musqu\u00e9e<\/a> seule et accompagn\u00e9e d\u2019huile de Bourrache, de premi\u00e8re pression \u00e0 froid. Nos utilisateurs ont d\u00e9clar\u00e9 avoir des avantages en utilisant nos <strong>suppl\u00e9ments bio<\/strong> Omegarosa : gr\u00e2ce \u00e0 leur composition tr\u00e8s riche en acides gras (om\u00e9ga 3 \u00e0 35% et 6 \u00e0 45%) essentiels pour le corps, ils aident ainsi \u00e0 la r\u00e9g\u00e9n\u00e9ration de la peau, encouragent la synth\u00e8se du collag\u00e8ne et participe de ce fait \u00e0 la pr\u00e9vention des rides et au maintien de l\u2019\u00e9lasticit\u00e9 de la peau. En cure d\u2019un mois, ces compl\u00e9ments naturels prot\u00e9geront vos cellules contre l\u2019oxydation et le vieillissement associ\u00e9\u00a0: \u00e0 tester absolument\u00a0pour r\u00e9g\u00e9n\u00e9rer votre peau en profondeur !<\/p>\n","protected":false},"excerpt":{"rendered":"<p>Suppl\u00e9ments bio \u2013 R\u00e9g\u00e9n\u00e9ration de la peau Prendre soin de sa peau passe aussi par l\u2019int\u00e9rieur\u00a0! Chez Mosqueta\u2019s, nous vous proposons des capsules biologiques d\u2019huile de Rose Musqu\u00e9e seule et accompagn\u00e9e d\u2019huile de Bourrache, de premi\u00e8re pression \u00e0 froid. Nos utilisateurs ont d\u00e9clar\u00e9 avoir des avantages en utilisant nos suppl\u00e9ments bio Omegarosa : gr\u00e2ce \u00e0 leur composition tr\u00e8s riche en acides gras (om\u00e9ga 3 \u00e0 35% et 6 \u00e0 45%) essentiels pour le corps, ils aident ainsi \u00e0 la r\u00e9g\u00e9n\u00e9ration de la peau, encouragent la synth\u00e8se du collag\u00e8ne et participe de ce fait \u00e0 la pr\u00e9vention des rides et au maintien de l\u2019\u00e9lasticit\u00e9 de la peau. En cure d\u2019un mois, ces compl\u00e9ments naturels prot\u00e9geront vos cellules contre l\u2019oxydation et le vieillissement associ\u00e9\u00a0: \u00e0 tester absolument\u00a0pour r\u00e9g\u00e9n\u00e9rer votre peau en profondeur !<\/p>\n","protected":false},"author":2,"featured_media":0,"parent":0,"menu_order":0,"comment_status":"closed","ping_status":"closed","template":"","meta":{"footnotes":""},"class_list":["post-5128","page","type-page","status-publish","hentry"],"blocksy_meta":[],"_links":{"self":[{"href":"https:\/\/www.mosquetas.com\/fr\/wp-json\/wp\/v2\/pages\/5128","targetHints":{"allow":["GET"]}}],"collection":[{"href":"https:\/\/www.mosquetas.com\/fr\/wp-json\/wp\/v2\/pages"}],"about":[{"href":"https:\/\/www.mosquetas.com\/fr\/wp-json\/wp\/v2\/types\/page"}],"author":[{"embeddable":true,"href":"https:\/\/www.mosquetas.com\/fr\/wp-json\/wp\/v2\/users\/2"}],"replies":[{"embeddable":true,"href":"https:\/\/www.mosquetas.com\/fr\/wp-json\/wp\/v2\/comments?post=5128"}],"version-history":[{"count":0,"href":"https:\/\/www.mosquetas.com\/fr\/wp-json\/wp\/v2\/pages\/5128\/revisions"}],"wp:attachment":[{"href":"https:\/\/www.mosquetas.com\/fr\/wp-json\/wp\/v2\/media?parent=5128"}],"curies":[{"name":"wp","href":"https:\/\/api.w.org\/{rel}","templated":true}]}}