{"id":5042,"date":"2019-09-12T11:48:48","date_gmt":"2019-09-12T09:48:48","guid":{"rendered":"https:\/\/www.mosquetas.com\/produits-cosmetiques-naturels\/"},"modified":"2019-09-12T11:48:48","modified_gmt":"2019-09-12T09:48:48","slug":"produits-cosmetiques-naturels","status":"publish","type":"page","link":"https:\/\/www.mosquetas.com\/fr\/produits-cosmetiques-naturels\/","title":{"rendered":"Produits cosm\u00e9tiques naturels"},"content":{"rendered":"<div class=\"woocommerce columns-4 \"><ul class=\"products columns-4\" data-products=\"type-2\" data-hover=\"zoom-in\">\n<li class=\"product type-product post-2386 status-publish first instock product_cat-ligne-maquillage has-post-thumbnail featured taxable shipping-taxable purchasable product-type-variable\">\n\t<a href=\"https:\/\/www.mosquetas.com\/fr\/pr\/multicorrecteur-bio\/\" class=\"woocommerce-LoopProduct-link woocommerce-loop-product__link\"><img loading=\"lazy\" decoding=\"async\" width=\"600\" height=\"600\" src=\"https:\/\/www.mosquetas.com\/wp-content\/uploads\/2015\/07\/base-foto-1000x1000_correttore-600x600.webp\" class=\"attachment-woocommerce_thumbnail size-woocommerce_thumbnail\" alt=\"Multicorrecteur  - Bio\" srcset=\"https:\/\/www.mosquetas.com\/wp-content\/uploads\/2015\/07\/base-foto-1000x1000_correttore-600x600.webp 600w, https:\/\/www.mosquetas.com\/wp-content\/uploads\/2015\/07\/base-foto-1000x1000_correttore-100x100.webp 100w, https:\/\/www.mosquetas.com\/wp-content\/uploads\/2015\/07\/base-foto-1000x1000_correttore-300x300.webp 300w, https:\/\/www.mosquetas.com\/wp-content\/uploads\/2015\/07\/base-foto-1000x1000_correttore-150x150.webp 150w, https:\/\/www.mosquetas.com\/wp-content\/uploads\/2015\/07\/base-foto-1000x1000_correttore-768x768.webp 768w, https:\/\/www.mosquetas.com\/wp-content\/uploads\/2015\/07\/base-foto-1000x1000_correttore.webp 1000w\" sizes=\"auto, (max-width: 600px) 100vw, 600px\" \/><h2 class=\"woocommerce-loop-product__title\">Multicorrecteur  &#8211; Bio<\/h2>\n\t<span class=\"price\"><span class=\"woocommerce-Price-amount amount\"><bdi><span class=\"woocommerce-Price-currencySymbol\">&euro;<\/span>15,00<\/bdi><\/span><\/span>\n<\/a><a href=\"https:\/\/www.mosquetas.com\/fr\/pr\/multicorrecteur-bio\/\" aria-describedby=\"woocommerce_loop_add_to_cart_link_describedby_2386\" data-quantity=\"1\" class=\"button product_type_variable add_to_cart_button\" data-product_id=\"2386\" data-product_sku=\"COR\" aria-label=\"S\u00e9lectionner les options pour &ldquo;Multicorrecteur  - Bio&rdquo;\" rel=\"nofollow\">Choix des options<\/a>\t<span id=\"woocommerce_loop_add_to_cart_link_describedby_2386\" class=\"screen-reader-text\">\n\t\tCe produit a plusieurs variations. Les options peuvent \u00eatre choisies sur la page du produit\t<\/span>\n<\/li>\n<li class=\"product type-product post-2398 status-publish instock product_cat-ligne-maquillage has-post-thumbnail taxable shipping-taxable purchasable product-type-variable\">\n\t<a href=\"https:\/\/www.mosquetas.com\/fr\/pr\/kajal-a-la-rose-musquee-bio\/\" class=\"woocommerce-LoopProduct-link woocommerce-loop-product__link\"><img loading=\"lazy\" decoding=\"async\" width=\"600\" height=\"600\" src=\"https:\/\/www.mosquetas.com\/wp-content\/uploads\/2015\/07\/base-foto-1000x1000_kajal-600x600.webp\" class=\"attachment-woocommerce_thumbnail size-woocommerce_thumbnail\" alt=\"Kajal \u00e0 la Rose Musqu\u00e9e - Bio\" srcset=\"https:\/\/www.mosquetas.com\/wp-content\/uploads\/2015\/07\/base-foto-1000x1000_kajal-600x600.webp 600w, https:\/\/www.mosquetas.com\/wp-content\/uploads\/2015\/07\/base-foto-1000x1000_kajal-100x100.webp 100w, https:\/\/www.mosquetas.com\/wp-content\/uploads\/2015\/07\/base-foto-1000x1000_kajal-300x300.webp 300w, https:\/\/www.mosquetas.com\/wp-content\/uploads\/2015\/07\/base-foto-1000x1000_kajal-150x150.webp 150w, https:\/\/www.mosquetas.com\/wp-content\/uploads\/2015\/07\/base-foto-1000x1000_kajal-768x768.webp 768w, https:\/\/www.mosquetas.com\/wp-content\/uploads\/2015\/07\/base-foto-1000x1000_kajal.webp 1000w\" sizes=\"auto, (max-width: 600px) 100vw, 600px\" \/><h2 class=\"woocommerce-loop-product__title\">Kajal \u00e0 la Rose Musqu\u00e9e &#8211; Bio<\/h2>\n\t<span class=\"price\"><span class=\"woocommerce-Price-amount amount\"><bdi><span class=\"woocommerce-Price-currencySymbol\">&euro;<\/span>12,40<\/bdi><\/span><\/span>\n<\/a><a href=\"https:\/\/www.mosquetas.com\/fr\/pr\/kajal-a-la-rose-musquee-bio\/\" aria-describedby=\"woocommerce_loop_add_to_cart_link_describedby_2398\" data-quantity=\"1\" class=\"button product_type_variable add_to_cart_button\" data-product_id=\"2398\" data-product_sku=\"KAJAL\" aria-label=\"S\u00e9lectionner les options pour &ldquo;Kajal \u00e0 la Rose Musqu\u00e9e - Bio&rdquo;\" rel=\"nofollow\">Choix des options<\/a>\t<span id=\"woocommerce_loop_add_to_cart_link_describedby_2398\" class=\"screen-reader-text\">\n\t\tCe produit a plusieurs variations. Les options peuvent \u00eatre choisies sur la page du produit\t<\/span>\n<\/li>\n<li class=\"product type-product post-2414 status-publish instock product_cat-ligne-maquillage has-post-thumbnail taxable shipping-taxable purchasable product-type-variable\">\n\t<a href=\"https:\/\/www.mosquetas.com\/fr\/pr\/eyeliner-a-la-rose-musquee-bio\/\" class=\"woocommerce-LoopProduct-link woocommerce-loop-product__link\"><img loading=\"lazy\" decoding=\"async\" width=\"600\" height=\"600\" src=\"https:\/\/www.mosquetas.com\/wp-content\/uploads\/2015\/07\/base-foto-1000x1000_eyeliner-600x600.webp\" class=\"attachment-woocommerce_thumbnail size-woocommerce_thumbnail\" alt=\"Eyeliner \u00e0 la Rose Musqu\u00e9e \u2013 Bio\" srcset=\"https:\/\/www.mosquetas.com\/wp-content\/uploads\/2015\/07\/base-foto-1000x1000_eyeliner-600x600.webp 600w, https:\/\/www.mosquetas.com\/wp-content\/uploads\/2015\/07\/base-foto-1000x1000_eyeliner-100x100.webp 100w, https:\/\/www.mosquetas.com\/wp-content\/uploads\/2015\/07\/base-foto-1000x1000_eyeliner-300x300.webp 300w, https:\/\/www.mosquetas.com\/wp-content\/uploads\/2015\/07\/base-foto-1000x1000_eyeliner-150x150.webp 150w, https:\/\/www.mosquetas.com\/wp-content\/uploads\/2015\/07\/base-foto-1000x1000_eyeliner-768x768.webp 768w, https:\/\/www.mosquetas.com\/wp-content\/uploads\/2015\/07\/base-foto-1000x1000_eyeliner.webp 1000w\" sizes=\"auto, (max-width: 600px) 100vw, 600px\" \/><h2 class=\"woocommerce-loop-product__title\">Eyeliner \u00e0 la Rose Musqu\u00e9e \u2013 Bio<\/h2>\n\t<span class=\"price\"><span class=\"woocommerce-Price-amount amount\"><bdi><span class=\"woocommerce-Price-currencySymbol\">&euro;<\/span>17,60<\/bdi><\/span><\/span>\n<\/a><a href=\"https:\/\/www.mosquetas.com\/fr\/pr\/eyeliner-a-la-rose-musquee-bio\/\" aria-describedby=\"woocommerce_loop_add_to_cart_link_describedby_2414\" data-quantity=\"1\" class=\"button product_type_variable add_to_cart_button\" data-product_id=\"2414\" data-product_sku=\"EYELINER\" aria-label=\"S\u00e9lectionner les options pour &ldquo;Eyeliner \u00e0 la Rose Musqu\u00e9e \u2013 Bio&rdquo;\" rel=\"nofollow\">Choix des options<\/a>\t<span id=\"woocommerce_loop_add_to_cart_link_describedby_2414\" class=\"screen-reader-text\">\n\t\tCe produit a plusieurs variations. Les options peuvent \u00eatre choisies sur la page du produit\t<\/span>\n<\/li>\n<li class=\"product type-product post-2429 status-publish last instock product_cat-ligne-maquillage has-post-thumbnail taxable shipping-taxable purchasable product-type-variable\">\n\t<a href=\"https:\/\/www.mosquetas.com\/fr\/pr\/mascara-a-la-rose-musquee-bio\/\" class=\"woocommerce-LoopProduct-link woocommerce-loop-product__link\"><img loading=\"lazy\" decoding=\"async\" width=\"600\" height=\"600\" src=\"https:\/\/www.mosquetas.com\/wp-content\/uploads\/2015\/07\/base-foto-1000x1000_mascara-NEW-600x600.jpg\" class=\"attachment-woocommerce_thumbnail size-woocommerce_thumbnail\" alt=\"Mascara \u00e0 la Rose Musqu\u00e9e \u2013 Bio\" srcset=\"https:\/\/www.mosquetas.com\/wp-content\/uploads\/2015\/07\/base-foto-1000x1000_mascara-NEW-600x600.jpg 600w, https:\/\/www.mosquetas.com\/wp-content\/uploads\/2015\/07\/base-foto-1000x1000_mascara-NEW-300x300.jpg 300w, https:\/\/www.mosquetas.com\/wp-content\/uploads\/2015\/07\/base-foto-1000x1000_mascara-NEW-150x150.jpg 150w, https:\/\/www.mosquetas.com\/wp-content\/uploads\/2015\/07\/base-foto-1000x1000_mascara-NEW-768x768.jpg 768w, https:\/\/www.mosquetas.com\/wp-content\/uploads\/2015\/07\/base-foto-1000x1000_mascara-NEW-100x100.jpg 100w, https:\/\/www.mosquetas.com\/wp-content\/uploads\/2015\/07\/base-foto-1000x1000_mascara-NEW.jpg 1000w\" sizes=\"auto, (max-width: 600px) 100vw, 600px\" \/><h2 class=\"woocommerce-loop-product__title\">Mascara \u00e0 la Rose Musqu\u00e9e \u2013 Bio<\/h2>\n\t<span class=\"price\"><span class=\"woocommerce-Price-amount amount\"><bdi><span class=\"woocommerce-Price-currencySymbol\">&euro;<\/span>17,00<\/bdi><\/span><\/span>\n<\/a><a href=\"https:\/\/www.mosquetas.com\/fr\/pr\/mascara-a-la-rose-musquee-bio\/\" aria-describedby=\"woocommerce_loop_add_to_cart_link_describedby_2429\" data-quantity=\"1\" class=\"button product_type_variable add_to_cart_button\" data-product_id=\"2429\" data-product_sku=\"MASCARA\" aria-label=\"S\u00e9lectionner les options pour &ldquo;Mascara \u00e0 la Rose Musqu\u00e9e \u2013 Bio&rdquo;\" rel=\"nofollow\">Choix des options<\/a>\t<span id=\"woocommerce_loop_add_to_cart_link_describedby_2429\" class=\"screen-reader-text\">\n\t\tCe produit a plusieurs variations. Les options peuvent \u00eatre choisies sur la page du produit\t<\/span>\n<\/li>\n<\/ul>\n<\/div>\n<h2>Cosm\u00e9tiques naturels en suisse<\/h2>\n<p>Chez Mosquetas, nous vous proposons une vaste game de <strong>cosm\u00e9tiques naturels en suisse<\/strong>. Nos soins haute-qualit\u00e9 sont bio, certifi\u00e9s Ecocert et pr\u00e9sents en Suisse. Nous s\u00e9lectionnons pour vous les meilleurs <strong>produits cosm\u00e9tiques naturels<\/strong>, pour le visage, le corps et les cheveux. Alors n\u2019h\u00e9sitez plus, et offrez-vous la <strong>cosm\u00e9tique naturelle en suisse<\/strong>!<\/p>\n<h2>Produits cosm\u00e9tiques naturels bio<\/h2>\n<p>Choisir des <a href=\"https:\/\/www.mosquetas.com\/fr\/produits-cosmetiques-bio\/\"><strong>produits cosm\u00e9tiques naturels bio<\/strong><\/a>, c\u2019est offrir le meilleur \u00e0 son corps. En effet, ils sont formul\u00e9s \u00e0 base d\u2019ingr\u00e9dients naturels, sans produits chimiques. De plus, la <strong>cosm\u00e9tique naturelle<\/strong> est meilleure pour l\u2019environnement, et pr\u00e9sente \u00e9galement un avantage certain pour la sant\u00e9. Nos <strong>produits cosm\u00e9tiques<\/strong> naturels sont particuli\u00e8rement doux et s\u2019adaptent aux diff\u00e9rents types de peaux, s\u00e8ches, mixtes et grasses.<\/p>\n<h2>Cosmetique naturel maison<\/h2>\n<p>Les produits de mosquetas.com sont enti\u00e8rement fabriqu\u00e9s avec des ingr\u00e9dients naturels, et nous donnons ici des conseils pour ceux et celles qui essaierions de fabriquer eux-m\u00eame des produits de beaut\u00e9. Mais outre l\u2019achat de <strong>produits cosm\u00e9tiques naturels<\/strong> d\u00e9j\u00e0 pr\u00e9par\u00e9s sous forme de cr\u00e8me ou de soin, il est \u00e9galement possible de r\u00e9aliser soi-m\u00eame un <strong>cosmetique naturel maison<\/strong> en m\u00e9langeant divers ingr\u00e9dients\u00a0de <strong>cosm\u00e9tique naturelle<\/strong>. La <strong>cosm\u00e9tique naturelle maison<\/strong> est assez facile d\u2019acc\u00e8s, \u00e0 condition de choisir des ingr\u00e9dients naturels bio et adapt\u00e9s \u00e0 son type de peau, et de respecter les pr\u00e9cautions d\u2019usage des huiles essentielles. Cependant, bien que certains utilisateurs disent b\u00e9n\u00e9ficier de cette pratique, nous vous recommandons plut\u00f4t d\u2019utiliser nos produits cosm\u00e9tiques Mosqueta\u2019s, car nous garantissons leur efficacit\u00e9 et s\u00fbret\u00e9 pour la peau.<\/p>\n<h2>Produits cosm\u00e9tiques naturels suisse<\/h2>\n<p>Nos <strong>produits cosm\u00e9tiques naturels<\/strong> sont pr\u00e9sents en Suisse. Respectueuse de l\u2019environnement et de la nature, notre <strong>cosm\u00e9tique naturelle en suisse<\/strong> est gage de qualit\u00e9. Alors n\u2019h\u00e9sitez plus, et offrez-vous des <strong>produits cosm\u00e9tiques naturels en suisse<\/strong>, pour une peau \u00e9clatante de sant\u00e9\u00a0!<\/p>\n","protected":false},"excerpt":{"rendered":"<p>Cosm\u00e9tiques naturels en suisse Chez Mosquetas, nous vous proposons une vaste game de cosm\u00e9tiques naturels en suisse. Nos soins haute-qualit\u00e9 sont bio, certifi\u00e9s Ecocert et pr\u00e9sents en Suisse. Nous s\u00e9lectionnons pour vous les meilleurs produits cosm\u00e9tiques naturels, pour le visage, le corps et les cheveux. Alors n\u2019h\u00e9sitez plus, et offrez-vous la cosm\u00e9tique naturelle en suisse! Produits cosm\u00e9tiques naturels bio Choisir des produits cosm\u00e9tiques naturels bio, c\u2019est offrir le meilleur \u00e0 son corps. En effet, ils sont formul\u00e9s \u00e0 base d\u2019ingr\u00e9dients naturels, sans produits chimiques. De plus, la cosm\u00e9tique naturelle est meilleure pour l\u2019environnement, et pr\u00e9sente \u00e9galement un avantage certain pour la sant\u00e9. Nos produits cosm\u00e9tiques naturels sont particuli\u00e8rement doux et s\u2019adaptent aux diff\u00e9rents types de peaux, s\u00e8ches, mixtes et grasses. Cosmetique naturel maison Les produits de mosquetas.com sont enti\u00e8rement fabriqu\u00e9s avec des ingr\u00e9dients naturels, et nous donnons ici des conseils pour ceux et celles qui essaierions de fabriquer eux-m\u00eame des produits de beaut\u00e9. Mais outre l\u2019achat de produits cosm\u00e9tiques naturels d\u00e9j\u00e0 pr\u00e9par\u00e9s sous forme de cr\u00e8me ou de soin, il est \u00e9galement possible de r\u00e9aliser soi-m\u00eame un cosmetique naturel maison en m\u00e9langeant divers ingr\u00e9dients\u00a0de cosm\u00e9tique naturelle. La cosm\u00e9tique naturelle maison est assez facile d\u2019acc\u00e8s, \u00e0 condition de choisir des ingr\u00e9dients naturels bio et adapt\u00e9s \u00e0 son type de peau, et de respecter les pr\u00e9cautions d\u2019usage des huiles essentielles. Cependant, bien que certains utilisateurs disent b\u00e9n\u00e9ficier de cette pratique, nous vous recommandons plut\u00f4t d\u2019utiliser nos produits cosm\u00e9tiques Mosqueta\u2019s, car nous garantissons leur efficacit\u00e9 et s\u00fbret\u00e9 pour la peau. Produits cosm\u00e9tiques naturels suisse Nos produits cosm\u00e9tiques naturels sont pr\u00e9sents en Suisse. Respectueuse de l\u2019environnement et de la nature, notre cosm\u00e9tique naturelle en suisse est gage de qualit\u00e9. Alors n\u2019h\u00e9sitez plus, et offrez-vous des produits cosm\u00e9tiques naturels en suisse, pour une peau \u00e9clatante de sant\u00e9\u00a0!<\/p>\n","protected":false},"author":2,"featured_media":0,"parent":0,"menu_order":0,"comment_status":"closed","ping_status":"closed","template":"","meta":{"footnotes":""},"class_list":["post-5042","page","type-page","status-publish","hentry"],"blocksy_meta":[],"_links":{"self":[{"href":"https:\/\/www.mosquetas.com\/fr\/wp-json\/wp\/v2\/pages\/5042","targetHints":{"allow":["GET"]}}],"collection":[{"href":"https:\/\/www.mosquetas.com\/fr\/wp-json\/wp\/v2\/pages"}],"about":[{"href":"https:\/\/www.mosquetas.com\/fr\/wp-json\/wp\/v2\/types\/page"}],"author":[{"embeddable":true,"href":"https:\/\/www.mosquetas.com\/fr\/wp-json\/wp\/v2\/users\/2"}],"replies":[{"embeddable":true,"href":"https:\/\/www.mosquetas.com\/fr\/wp-json\/wp\/v2\/comments?post=5042"}],"version-history":[{"count":0,"href":"https:\/\/www.mosquetas.com\/fr\/wp-json\/wp\/v2\/pages\/5042\/revisions"}],"wp:attachment":[{"href":"https:\/\/www.mosquetas.com\/fr\/wp-json\/wp\/v2\/media?parent=5042"}],"curies":[{"name":"wp","href":"https:\/\/api.w.org\/{rel}","templated":true}]}}