{"id":5041,"date":"2019-09-12T10:03:15","date_gmt":"2019-09-12T08:03:15","guid":{"rendered":"https:\/\/www.mosquetas.com\/produits-cosmetiques-bio\/"},"modified":"2019-09-12T10:03:15","modified_gmt":"2019-09-12T08:03:15","slug":"produits-cosmetiques-bio","status":"publish","type":"page","link":"https:\/\/www.mosquetas.com\/fr\/produits-cosmetiques-bio\/","title":{"rendered":"Produits cosm\u00e9tiques bio"},"content":{"rendered":"<div class=\"woocommerce columns-4 \"><ul class=\"products columns-4\" data-products=\"type-2\" data-hover=\"zoom-in\">\n<li class=\"product type-product post-2386 status-publish first instock product_cat-ligne-maquillage has-post-thumbnail featured taxable shipping-taxable purchasable product-type-variable\">\n\t<a href=\"https:\/\/www.mosquetas.com\/fr\/pr\/multicorrecteur-bio\/\" class=\"woocommerce-LoopProduct-link woocommerce-loop-product__link\"><img loading=\"lazy\" decoding=\"async\" width=\"600\" height=\"600\" src=\"https:\/\/www.mosquetas.com\/wp-content\/uploads\/2015\/07\/base-foto-1000x1000_correttore-600x600.webp\" class=\"attachment-woocommerce_thumbnail size-woocommerce_thumbnail\" alt=\"Multicorrecteur  - Bio\" srcset=\"https:\/\/www.mosquetas.com\/wp-content\/uploads\/2015\/07\/base-foto-1000x1000_correttore-600x600.webp 600w, https:\/\/www.mosquetas.com\/wp-content\/uploads\/2015\/07\/base-foto-1000x1000_correttore-100x100.webp 100w, https:\/\/www.mosquetas.com\/wp-content\/uploads\/2015\/07\/base-foto-1000x1000_correttore-300x300.webp 300w, https:\/\/www.mosquetas.com\/wp-content\/uploads\/2015\/07\/base-foto-1000x1000_correttore-150x150.webp 150w, https:\/\/www.mosquetas.com\/wp-content\/uploads\/2015\/07\/base-foto-1000x1000_correttore-768x768.webp 768w, https:\/\/www.mosquetas.com\/wp-content\/uploads\/2015\/07\/base-foto-1000x1000_correttore.webp 1000w\" sizes=\"auto, (max-width: 600px) 100vw, 600px\" \/><h2 class=\"woocommerce-loop-product__title\">Multicorrecteur  &#8211; Bio<\/h2>\n\t<span class=\"price\"><span class=\"woocommerce-Price-amount amount\"><bdi><span class=\"woocommerce-Price-currencySymbol\">&euro;<\/span>15,00<\/bdi><\/span><\/span>\n<\/a><a href=\"https:\/\/www.mosquetas.com\/fr\/pr\/multicorrecteur-bio\/\" aria-describedby=\"woocommerce_loop_add_to_cart_link_describedby_2386\" data-quantity=\"1\" class=\"button product_type_variable add_to_cart_button\" data-product_id=\"2386\" data-product_sku=\"COR\" aria-label=\"S\u00e9lectionner les options pour &ldquo;Multicorrecteur  - Bio&rdquo;\" rel=\"nofollow\">Choix des options<\/a>\t<span id=\"woocommerce_loop_add_to_cart_link_describedby_2386\" class=\"screen-reader-text\">\n\t\tCe produit a plusieurs variations. Les options peuvent \u00eatre choisies sur la page du produit\t<\/span>\n<\/li>\n<li class=\"product type-product post-2398 status-publish instock product_cat-ligne-maquillage has-post-thumbnail taxable shipping-taxable purchasable product-type-variable\">\n\t<a href=\"https:\/\/www.mosquetas.com\/fr\/pr\/kajal-a-la-rose-musquee-bio\/\" class=\"woocommerce-LoopProduct-link woocommerce-loop-product__link\"><img loading=\"lazy\" decoding=\"async\" width=\"600\" height=\"600\" src=\"https:\/\/www.mosquetas.com\/wp-content\/uploads\/2015\/07\/base-foto-1000x1000_kajal-600x600.webp\" class=\"attachment-woocommerce_thumbnail size-woocommerce_thumbnail\" alt=\"Kajal \u00e0 la Rose Musqu\u00e9e - Bio\" srcset=\"https:\/\/www.mosquetas.com\/wp-content\/uploads\/2015\/07\/base-foto-1000x1000_kajal-600x600.webp 600w, https:\/\/www.mosquetas.com\/wp-content\/uploads\/2015\/07\/base-foto-1000x1000_kajal-100x100.webp 100w, https:\/\/www.mosquetas.com\/wp-content\/uploads\/2015\/07\/base-foto-1000x1000_kajal-300x300.webp 300w, https:\/\/www.mosquetas.com\/wp-content\/uploads\/2015\/07\/base-foto-1000x1000_kajal-150x150.webp 150w, https:\/\/www.mosquetas.com\/wp-content\/uploads\/2015\/07\/base-foto-1000x1000_kajal-768x768.webp 768w, https:\/\/www.mosquetas.com\/wp-content\/uploads\/2015\/07\/base-foto-1000x1000_kajal.webp 1000w\" sizes=\"auto, (max-width: 600px) 100vw, 600px\" \/><h2 class=\"woocommerce-loop-product__title\">Kajal \u00e0 la Rose Musqu\u00e9e &#8211; Bio<\/h2>\n\t<span class=\"price\"><span class=\"woocommerce-Price-amount amount\"><bdi><span class=\"woocommerce-Price-currencySymbol\">&euro;<\/span>12,40<\/bdi><\/span><\/span>\n<\/a><a href=\"https:\/\/www.mosquetas.com\/fr\/pr\/kajal-a-la-rose-musquee-bio\/\" aria-describedby=\"woocommerce_loop_add_to_cart_link_describedby_2398\" data-quantity=\"1\" class=\"button product_type_variable add_to_cart_button\" data-product_id=\"2398\" data-product_sku=\"KAJAL\" aria-label=\"S\u00e9lectionner les options pour &ldquo;Kajal \u00e0 la Rose Musqu\u00e9e - Bio&rdquo;\" rel=\"nofollow\">Choix des options<\/a>\t<span id=\"woocommerce_loop_add_to_cart_link_describedby_2398\" class=\"screen-reader-text\">\n\t\tCe produit a plusieurs variations. Les options peuvent \u00eatre choisies sur la page du produit\t<\/span>\n<\/li>\n<li class=\"product type-product post-2414 status-publish instock product_cat-ligne-maquillage has-post-thumbnail taxable shipping-taxable purchasable product-type-variable\">\n\t<a href=\"https:\/\/www.mosquetas.com\/fr\/pr\/eyeliner-a-la-rose-musquee-bio\/\" class=\"woocommerce-LoopProduct-link woocommerce-loop-product__link\"><img loading=\"lazy\" decoding=\"async\" width=\"600\" height=\"600\" src=\"https:\/\/www.mosquetas.com\/wp-content\/uploads\/2015\/07\/base-foto-1000x1000_eyeliner-600x600.webp\" class=\"attachment-woocommerce_thumbnail size-woocommerce_thumbnail\" alt=\"Eyeliner \u00e0 la Rose Musqu\u00e9e \u2013 Bio\" srcset=\"https:\/\/www.mosquetas.com\/wp-content\/uploads\/2015\/07\/base-foto-1000x1000_eyeliner-600x600.webp 600w, https:\/\/www.mosquetas.com\/wp-content\/uploads\/2015\/07\/base-foto-1000x1000_eyeliner-100x100.webp 100w, https:\/\/www.mosquetas.com\/wp-content\/uploads\/2015\/07\/base-foto-1000x1000_eyeliner-300x300.webp 300w, https:\/\/www.mosquetas.com\/wp-content\/uploads\/2015\/07\/base-foto-1000x1000_eyeliner-150x150.webp 150w, https:\/\/www.mosquetas.com\/wp-content\/uploads\/2015\/07\/base-foto-1000x1000_eyeliner-768x768.webp 768w, https:\/\/www.mosquetas.com\/wp-content\/uploads\/2015\/07\/base-foto-1000x1000_eyeliner.webp 1000w\" sizes=\"auto, (max-width: 600px) 100vw, 600px\" \/><h2 class=\"woocommerce-loop-product__title\">Eyeliner \u00e0 la Rose Musqu\u00e9e \u2013 Bio<\/h2>\n\t<span class=\"price\"><span class=\"woocommerce-Price-amount amount\"><bdi><span class=\"woocommerce-Price-currencySymbol\">&euro;<\/span>17,60<\/bdi><\/span><\/span>\n<\/a><a href=\"https:\/\/www.mosquetas.com\/fr\/pr\/eyeliner-a-la-rose-musquee-bio\/\" aria-describedby=\"woocommerce_loop_add_to_cart_link_describedby_2414\" data-quantity=\"1\" class=\"button product_type_variable add_to_cart_button\" data-product_id=\"2414\" data-product_sku=\"EYELINER\" aria-label=\"S\u00e9lectionner les options pour &ldquo;Eyeliner \u00e0 la Rose Musqu\u00e9e \u2013 Bio&rdquo;\" rel=\"nofollow\">Choix des options<\/a>\t<span id=\"woocommerce_loop_add_to_cart_link_describedby_2414\" class=\"screen-reader-text\">\n\t\tCe produit a plusieurs variations. Les options peuvent \u00eatre choisies sur la page du produit\t<\/span>\n<\/li>\n<li class=\"product type-product post-2429 status-publish last instock product_cat-ligne-maquillage has-post-thumbnail taxable shipping-taxable purchasable product-type-variable\">\n\t<a href=\"https:\/\/www.mosquetas.com\/fr\/pr\/mascara-a-la-rose-musquee-bio\/\" class=\"woocommerce-LoopProduct-link woocommerce-loop-product__link\"><img loading=\"lazy\" decoding=\"async\" width=\"600\" height=\"600\" src=\"https:\/\/www.mosquetas.com\/wp-content\/uploads\/2015\/07\/base-foto-1000x1000_mascara-NEW-600x600.jpg\" class=\"attachment-woocommerce_thumbnail size-woocommerce_thumbnail\" alt=\"Mascara \u00e0 la Rose Musqu\u00e9e \u2013 Bio\" srcset=\"https:\/\/www.mosquetas.com\/wp-content\/uploads\/2015\/07\/base-foto-1000x1000_mascara-NEW-600x600.jpg 600w, https:\/\/www.mosquetas.com\/wp-content\/uploads\/2015\/07\/base-foto-1000x1000_mascara-NEW-300x300.jpg 300w, https:\/\/www.mosquetas.com\/wp-content\/uploads\/2015\/07\/base-foto-1000x1000_mascara-NEW-150x150.jpg 150w, https:\/\/www.mosquetas.com\/wp-content\/uploads\/2015\/07\/base-foto-1000x1000_mascara-NEW-768x768.jpg 768w, https:\/\/www.mosquetas.com\/wp-content\/uploads\/2015\/07\/base-foto-1000x1000_mascara-NEW-100x100.jpg 100w, https:\/\/www.mosquetas.com\/wp-content\/uploads\/2015\/07\/base-foto-1000x1000_mascara-NEW.jpg 1000w\" sizes=\"auto, (max-width: 600px) 100vw, 600px\" \/><h2 class=\"woocommerce-loop-product__title\">Mascara \u00e0 la Rose Musqu\u00e9e \u2013 Bio<\/h2>\n\t<span class=\"price\"><span class=\"woocommerce-Price-amount amount\"><bdi><span class=\"woocommerce-Price-currencySymbol\">&euro;<\/span>17,00<\/bdi><\/span><\/span>\n<\/a><a href=\"https:\/\/www.mosquetas.com\/fr\/pr\/mascara-a-la-rose-musquee-bio\/\" aria-describedby=\"woocommerce_loop_add_to_cart_link_describedby_2429\" data-quantity=\"1\" class=\"button product_type_variable add_to_cart_button\" data-product_id=\"2429\" data-product_sku=\"MASCARA\" aria-label=\"S\u00e9lectionner les options pour &ldquo;Mascara \u00e0 la Rose Musqu\u00e9e \u2013 Bio&rdquo;\" rel=\"nofollow\">Choix des options<\/a>\t<span id=\"woocommerce_loop_add_to_cart_link_describedby_2429\" class=\"screen-reader-text\">\n\t\tCe produit a plusieurs variations. Les options peuvent \u00eatre choisies sur la page du produit\t<\/span>\n<\/li>\n<\/ul>\n<\/div>\n<h2>Cosm\u00e9tique bio \u00e0 lausanne<\/h2>\n<p>Chez Mosquetas, nous vous proposons une grande gamme de <a href=\"https:\/\/www.mosquetas.com\/fr\/huile-de-rose-mosqueta\/\"><strong>produits cosm\u00e9tiques bio<\/strong><\/a> pr\u00e9sents en Suisse. Si vous \u00eates \u00e0 la recherche d\u2019un produit <strong>cosm\u00e9tique bio \u00e0 lausanne<\/strong>, vous \u00eates au bon endroit ! Nous avons un large choix de soins du corps et du visage naturels : anti-\u00e2ge, nettoyants, traitants&#8230; Ainsi que des produits sp\u00e9cifiques de phytoth\u00e9rapie et de naturopathie (huiles essentielles, huiles v\u00e9g\u00e9tales, compl\u00e9ments alimentaires&#8230;). Quel que soit votre besoin, que votre peau soit s\u00e8che, mixte ou grasse, vous trouverez forc\u00e9ment le <strong>cosm\u00e9tique bio<\/strong> id\u00e9al pour prendre soin de votre peau !<\/p>\n","protected":false},"excerpt":{"rendered":"<p>Cosm\u00e9tique bio \u00e0 lausanne Chez Mosquetas, nous vous proposons une grande gamme de produits cosm\u00e9tiques bio pr\u00e9sents en Suisse. Si vous \u00eates \u00e0 la recherche d\u2019un produit cosm\u00e9tique bio \u00e0 lausanne, vous \u00eates au bon endroit ! Nous avons un large choix de soins du corps et du visage naturels : anti-\u00e2ge, nettoyants, traitants&#8230; Ainsi que des produits sp\u00e9cifiques de phytoth\u00e9rapie et de naturopathie (huiles essentielles, huiles v\u00e9g\u00e9tales, compl\u00e9ments alimentaires&#8230;). Quel que soit votre besoin, que votre peau soit s\u00e8che, mixte ou grasse, vous trouverez forc\u00e9ment le cosm\u00e9tique bio id\u00e9al pour prendre soin de votre peau !<\/p>\n","protected":false},"author":2,"featured_media":0,"parent":0,"menu_order":0,"comment_status":"closed","ping_status":"closed","template":"","meta":{"footnotes":""},"class_list":["post-5041","page","type-page","status-publish","hentry"],"blocksy_meta":[],"_links":{"self":[{"href":"https:\/\/www.mosquetas.com\/fr\/wp-json\/wp\/v2\/pages\/5041","targetHints":{"allow":["GET"]}}],"collection":[{"href":"https:\/\/www.mosquetas.com\/fr\/wp-json\/wp\/v2\/pages"}],"about":[{"href":"https:\/\/www.mosquetas.com\/fr\/wp-json\/wp\/v2\/types\/page"}],"author":[{"embeddable":true,"href":"https:\/\/www.mosquetas.com\/fr\/wp-json\/wp\/v2\/users\/2"}],"replies":[{"embeddable":true,"href":"https:\/\/www.mosquetas.com\/fr\/wp-json\/wp\/v2\/comments?post=5041"}],"version-history":[{"count":0,"href":"https:\/\/www.mosquetas.com\/fr\/wp-json\/wp\/v2\/pages\/5041\/revisions"}],"wp:attachment":[{"href":"https:\/\/www.mosquetas.com\/fr\/wp-json\/wp\/v2\/media?parent=5041"}],"curies":[{"name":"wp","href":"https:\/\/api.w.org\/{rel}","templated":true}]}}