{"id":4985,"date":"2019-07-15T13:41:55","date_gmt":"2019-07-15T11:41:55","guid":{"rendered":"https:\/\/www.mosquetas.com\/omega-3-2\/"},"modified":"2023-08-25T11:13:04","modified_gmt":"2023-08-25T09:13:04","slug":"omega-3","status":"publish","type":"page","link":"https:\/\/www.mosquetas.com\/fr\/omega-3\/","title":{"rendered":"Om\u00e9ga 3"},"content":{"rendered":"<h2>D\u00e9couvrez nos suppl\u00e9ments Om\u00e9ga-3<\/h2>\n<p>\u200bLes<strong> om\u00e9gas-3<\/strong> sont tr\u00e8s \u00e0 la mode ces derni\u00e8res ann\u00e9es, pour leurs bienfaits sur la sant\u00e9. Vous \u00eates \u00e0 la recherche de <strong>g\u00e9lules om\u00e9ga-3<\/strong> ? Vous vous demandez <strong>quelle marque choisir<\/strong> et \u00e0 <strong>quel prix<\/strong>? Vous trouverez votre bonheur sur notre site web Mosquetas.com. Nous proposons des capsules om\u00e9ga-3, 6 adapt\u00e9s \u00e0 vos besoins (beaut\u00e9, <strong>musculation<\/strong>&#8230;).<\/p>\n<div class=\"woocommerce columns-3 \"><ul class=\"products columns-3\" data-products=\"type-2\" data-hover=\"zoom-in\">\n<li class=\"product type-product post-2559 status-publish first instock product_cat-complements-alimentaires product_cat-livres product_cat-promos has-post-thumbnail taxable shipping-taxable purchasable product-type-simple\">\n\t<a href=\"https:\/\/www.mosquetas.com\/fr\/pr\/omegarosa-copia-2\/\" class=\"woocommerce-LoopProduct-link woocommerce-loop-product__link\"><img loading=\"lazy\" decoding=\"async\" width=\"600\" height=\"600\" src=\"https:\/\/www.mosquetas.com\/wp-content\/uploads\/2022\/03\/base-foto-1000x1000_omega-libro-600x600.webp\" class=\"attachment-woocommerce_thumbnail size-woocommerce_thumbnail\" alt=\"OMEGAROSA\u00ae X2 + Livre GRATUIT\" srcset=\"https:\/\/www.mosquetas.com\/wp-content\/uploads\/2022\/03\/base-foto-1000x1000_omega-libro-600x600.webp 600w, https:\/\/www.mosquetas.com\/wp-content\/uploads\/2022\/03\/base-foto-1000x1000_omega-libro-100x100.webp 100w, https:\/\/www.mosquetas.com\/wp-content\/uploads\/2022\/03\/base-foto-1000x1000_omega-libro-300x300.webp 300w, https:\/\/www.mosquetas.com\/wp-content\/uploads\/2022\/03\/base-foto-1000x1000_omega-libro-150x150.webp 150w, https:\/\/www.mosquetas.com\/wp-content\/uploads\/2022\/03\/base-foto-1000x1000_omega-libro-768x768.webp 768w, https:\/\/www.mosquetas.com\/wp-content\/uploads\/2022\/03\/base-foto-1000x1000_omega-libro.webp 1000w\" sizes=\"auto, (max-width: 600px) 100vw, 600px\" \/><h2 class=\"woocommerce-loop-product__title\">OMEGAROSA\u00ae X2 + Livre GRATUIT<\/h2>\n\t<span class=\"price\"><span class=\"woocommerce-Price-amount amount\"><bdi><span class=\"woocommerce-Price-currencySymbol\">&euro;<\/span>63,00<\/bdi><\/span><\/span>\n<\/a><a href=\"\/fr\/wp-json\/wp\/v2\/pages\/4985?add-to-cart=2559\" aria-describedby=\"woocommerce_loop_add_to_cart_link_describedby_2559\" data-quantity=\"1\" class=\"button product_type_simple add_to_cart_button ajax_add_to_cart\" data-product_id=\"2559\" data-product_sku=\"OMEGA-LIBRO\" aria-label=\"Ajouter au panier\u00a0: &ldquo;OMEGAROSA\u00ae X2 + Livre GRATUIT&rdquo;\" rel=\"nofollow\" data-success_message=\"\u00ab\u00a0OMEGAROSA\u00ae X2 + Livre GRATUIT\u00a0\u00bb a \u00e9t\u00e9 ajout\u00e9 \u00e0 votre panier\" role=\"button\">Ajouter au panier<\/a>\t<span id=\"woocommerce_loop_add_to_cart_link_describedby_2559\" class=\"screen-reader-text\">\n\t\t\t<\/span>\n<\/li>\n<li class=\"product type-product post-2554 status-publish instock product_cat-complements-alimentaires product_cat-livres product_cat-promos has-post-thumbnail taxable shipping-taxable purchasable product-type-simple\">\n\t<a href=\"https:\/\/www.mosquetas.com\/fr\/pr\/omegarosa-plus-copia-2\/\" class=\"woocommerce-LoopProduct-link woocommerce-loop-product__link\"><img loading=\"lazy\" decoding=\"async\" width=\"600\" height=\"600\" src=\"https:\/\/www.mosquetas.com\/wp-content\/uploads\/2022\/03\/base-foto-1000x1000_omegaplus-libro-600x600.webp\" class=\"attachment-woocommerce_thumbnail size-woocommerce_thumbnail\" alt=\"OMEGAROSA\u00ae plus 2X + Livre GRATUIT\" srcset=\"https:\/\/www.mosquetas.com\/wp-content\/uploads\/2022\/03\/base-foto-1000x1000_omegaplus-libro-600x600.webp 600w, https:\/\/www.mosquetas.com\/wp-content\/uploads\/2022\/03\/base-foto-1000x1000_omegaplus-libro-100x100.webp 100w, https:\/\/www.mosquetas.com\/wp-content\/uploads\/2022\/03\/base-foto-1000x1000_omegaplus-libro-300x300.webp 300w, https:\/\/www.mosquetas.com\/wp-content\/uploads\/2022\/03\/base-foto-1000x1000_omegaplus-libro-150x150.webp 150w, https:\/\/www.mosquetas.com\/wp-content\/uploads\/2022\/03\/base-foto-1000x1000_omegaplus-libro-768x768.webp 768w, https:\/\/www.mosquetas.com\/wp-content\/uploads\/2022\/03\/base-foto-1000x1000_omegaplus-libro.webp 1000w\" sizes=\"auto, (max-width: 600px) 100vw, 600px\" \/><h2 class=\"woocommerce-loop-product__title\">OMEGAROSA\u00ae plus 2X + Livre GRATUIT<\/h2>\n\t<span class=\"price\"><span class=\"woocommerce-Price-amount amount\"><bdi><span class=\"woocommerce-Price-currencySymbol\">&euro;<\/span>63,00<\/bdi><\/span><\/span>\n<\/a><a href=\"\/fr\/wp-json\/wp\/v2\/pages\/4985?add-to-cart=2554\" aria-describedby=\"woocommerce_loop_add_to_cart_link_describedby_2554\" data-quantity=\"1\" class=\"button product_type_simple add_to_cart_button ajax_add_to_cart\" data-product_id=\"2554\" data-product_sku=\"OMEGAPLUS+LIBRO\" aria-label=\"Ajouter au panier\u00a0: &ldquo;OMEGAROSA\u00ae plus 2X + Livre GRATUIT&rdquo;\" rel=\"nofollow\" data-success_message=\"\u00ab\u00a0OMEGAROSA\u00ae plus 2X + Livre GRATUIT\u00a0\u00bb a \u00e9t\u00e9 ajout\u00e9 \u00e0 votre panier\" role=\"button\">Ajouter au panier<\/a>\t<span id=\"woocommerce_loop_add_to_cart_link_describedby_2554\" class=\"screen-reader-text\">\n\t\t\t<\/span>\n<\/li>\n<li class=\"product type-product post-2375 status-publish last instock product_cat-complements-alimentaires has-post-thumbnail featured taxable shipping-taxable purchasable product-type-simple\">\n\t<a href=\"https:\/\/www.mosquetas.com\/fr\/pr\/omegarosa-plus\/\" class=\"woocommerce-LoopProduct-link woocommerce-loop-product__link\"><img loading=\"lazy\" decoding=\"async\" width=\"600\" height=\"600\" src=\"https:\/\/www.mosquetas.com\/wp-content\/uploads\/2015\/07\/base-foto-1000x1000_omegaplus-600x600.webp\" class=\"attachment-woocommerce_thumbnail size-woocommerce_thumbnail\" alt=\"OMEGAROSA\u00ae plus\" srcset=\"https:\/\/www.mosquetas.com\/wp-content\/uploads\/2015\/07\/base-foto-1000x1000_omegaplus-600x600.webp 600w, https:\/\/www.mosquetas.com\/wp-content\/uploads\/2015\/07\/base-foto-1000x1000_omegaplus-100x100.webp 100w, https:\/\/www.mosquetas.com\/wp-content\/uploads\/2015\/07\/base-foto-1000x1000_omegaplus-300x300.webp 300w, https:\/\/www.mosquetas.com\/wp-content\/uploads\/2015\/07\/base-foto-1000x1000_omegaplus-150x150.webp 150w, https:\/\/www.mosquetas.com\/wp-content\/uploads\/2015\/07\/base-foto-1000x1000_omegaplus-768x768.webp 768w, https:\/\/www.mosquetas.com\/wp-content\/uploads\/2015\/07\/base-foto-1000x1000_omegaplus.webp 1000w\" sizes=\"auto, (max-width: 600px) 100vw, 600px\" \/><h2 class=\"woocommerce-loop-product__title\">OMEGAROSA\u00ae plus<\/h2>\n\t<span class=\"price\"><span class=\"woocommerce-Price-amount amount\"><bdi><span class=\"woocommerce-Price-currencySymbol\">&euro;<\/span>31,50<\/bdi><\/span><\/span>\n<\/a><a href=\"\/fr\/wp-json\/wp\/v2\/pages\/4985?add-to-cart=2375\" aria-describedby=\"woocommerce_loop_add_to_cart_link_describedby_2375\" data-quantity=\"1\" class=\"button product_type_simple add_to_cart_button ajax_add_to_cart\" data-product_id=\"2375\" data-product_sku=\"OMEGAPLUS\" aria-label=\"Ajouter au panier\u00a0: &ldquo;OMEGAROSA\u00ae plus&rdquo;\" rel=\"nofollow\" data-success_message=\"\u00ab\u00a0OMEGAROSA\u00ae plus\u00a0\u00bb a \u00e9t\u00e9 ajout\u00e9 \u00e0 votre panier\" role=\"button\">Ajouter au panier<\/a>\t<span id=\"woocommerce_loop_add_to_cart_link_describedby_2375\" class=\"screen-reader-text\">\n\t\t\t<\/span>\n<\/li>\n<li class=\"product type-product post-2379 status-publish first instock product_cat-promos product_cat-complements-alimentaires has-post-thumbnail taxable shipping-taxable purchasable product-type-simple\">\n\t<a href=\"https:\/\/www.mosquetas.com\/fr\/pr\/omegarosa\/\" class=\"woocommerce-LoopProduct-link woocommerce-loop-product__link\"><img loading=\"lazy\" decoding=\"async\" width=\"600\" height=\"600\" src=\"https:\/\/www.mosquetas.com\/wp-content\/uploads\/2015\/07\/base-foto-1000x1000_omega-600x600.webp\" class=\"attachment-woocommerce_thumbnail size-woocommerce_thumbnail\" alt=\"OMEGAROSA\u00ae\" srcset=\"https:\/\/www.mosquetas.com\/wp-content\/uploads\/2015\/07\/base-foto-1000x1000_omega-600x600.webp 600w, https:\/\/www.mosquetas.com\/wp-content\/uploads\/2015\/07\/base-foto-1000x1000_omega-100x100.webp 100w, https:\/\/www.mosquetas.com\/wp-content\/uploads\/2015\/07\/base-foto-1000x1000_omega-300x300.webp 300w, https:\/\/www.mosquetas.com\/wp-content\/uploads\/2015\/07\/base-foto-1000x1000_omega-150x150.webp 150w, https:\/\/www.mosquetas.com\/wp-content\/uploads\/2015\/07\/base-foto-1000x1000_omega-768x768.webp 768w, https:\/\/www.mosquetas.com\/wp-content\/uploads\/2015\/07\/base-foto-1000x1000_omega.webp 1000w\" sizes=\"auto, (max-width: 600px) 100vw, 600px\" \/><h2 class=\"woocommerce-loop-product__title\">OMEGAROSA\u00ae<\/h2>\n\t<span class=\"price\"><span class=\"woocommerce-Price-amount amount\"><bdi><span class=\"woocommerce-Price-currencySymbol\">&euro;<\/span>31,50<\/bdi><\/span><\/span>\n<\/a><a href=\"\/fr\/wp-json\/wp\/v2\/pages\/4985?add-to-cart=2379\" aria-describedby=\"woocommerce_loop_add_to_cart_link_describedby_2379\" data-quantity=\"1\" class=\"button product_type_simple add_to_cart_button ajax_add_to_cart\" data-product_id=\"2379\" data-product_sku=\"OMEGA\" aria-label=\"Ajouter au panier\u00a0: &ldquo;OMEGAROSA\u00ae&rdquo;\" rel=\"nofollow\" data-success_message=\"\u00ab\u00a0OMEGAROSA\u00ae\u00a0\u00bb a \u00e9t\u00e9 ajout\u00e9 \u00e0 votre panier\" role=\"button\">Ajouter au panier<\/a>\t<span id=\"woocommerce_loop_add_to_cart_link_describedby_2379\" class=\"screen-reader-text\">\n\t\t\t<\/span>\n<\/li>\n<\/ul>\n<\/div>\n<h2>Bienfaits om\u00e9gas 3 et 6<\/h2>\n<p>Les <strong>om\u00e9gas 3 et 6<\/strong> sont des acides gras polyinsatur\u00e9s essentiels (AGE). Cela signifie qu\u2019ils doivent absolument \u00eatre apport\u00e9s en quantit\u00e9 suffisante \u00e0 notre corps. Soit en \u00e9tant fournis par notre alimentation, ou alors par des compl\u00e9ments alimentaires.<br \/>\nLes <strong>bienfaits des om\u00e9gas 3<\/strong> r\u00e9sident notamment dans ses principes actifs (DHA et EPA). L\u2019EFSA a montr\u00e9 les <strong>bienfaits du DHA des om\u00e9ga-3<\/strong>: ils contribuent au maintien d\u2019une vision normale ainsi qu\u2019au fonctionnement normal du cerveau. Avec l\u2019EPA, il contribue \u00e9galement \u00e0 une fonction cardiaque normale.<br \/>\nC\u00f4t\u00e9 beaut\u00e9, les om\u00e9ga-3 sont utiles pour une avoir une belle <strong>peau<\/strong> (ils la rendent plus douce et souple, aidant \u00e0 lutter contre les rides). Enfin, ces acides gras essentiels sont tout aussi int\u00e9ressants pour les<strong> cheveux<\/strong>: ils apportent des nutriments indispensables \u00e0 une chevelure saine et forte.<br \/>\nQuant \u00e0 l\u2019om\u00e9ga-6, il est r\u00e9put\u00e9 pour son action sur le syst\u00e8me nerveux et le cerveau. Il agit de pair avec l\u2019<strong>om\u00e9ga-3<\/strong>: il est essentiel de garder une bonne balance om\u00e9ga-3 \/ om\u00e9ga-6 pour une sant\u00e9 optimale. Cependant, notre consommation d\u2019aujourd\u2019hui est souvent plus riche en om\u00e9ga-6 qu\u2019en om\u00e9ga-3, ce qui nuit \u00e0 cette balance.<br \/>\nC\u2019est pourquoi il est important d\u2019apporter \u00e0 son corps davantage d\u2019<strong>om\u00e9ga-3 par les aliments<\/strong>, ou bien par les compl\u00e9ments alimentaires.<\/p>\n<h2>Aliments om\u00e9ga-3<\/h2>\n<p>Peu d\u2019aliments contiennent des <strong>om\u00e9ga-3<\/strong>, il est difficile de couvrir ses besoins journaliers. Il est seulement possible de trouver des acides gras om\u00e9ga-3 dans:<br \/>\n\u2022 <strong>Huile<\/strong> v\u00e9g\u00e9tale (olive, colza, lin&#8230;);<br \/>\n\u2022 Poissons gras (saumon, thon, maquereau&#8230;);<br \/>\n\u2022 Ol\u00e9agineux (noix, amandes, noisettes&#8230;);<br \/>\n\u2022 Graines (lin, chia&#8230;).<br \/>\nSi ces aliments ne sont pas \u00e0 votre go\u00fbt, n\u2019h\u00e9sitez pas \u00e0 acheter nos g\u00e9lules OMEGAROSA\u00ae et OMEGAROSA\u00ae plus. Biologiques, de grande qualit\u00e9, elles sont tr\u00e8s riches en acides gras Om\u00e9ga 3 et 6 pour et vous garantissent un apport quotidien optimal.<br \/>\nEn effet, quand l\u2019alimentation ne suffit pas, il peut \u00eatre n\u00e9cessaire de prendre des suppl\u00e9ments alimentaires pour \u00e9viter les carences. En compl\u00e9ment alimentaire, <strong>les om\u00e9gas-3 ne sont pas dangereux<\/strong> pour la sant\u00e9: l\u2019EFSA a notamment d\u00e9montr\u00e9 qu\u2019une dose de 5g d\u2019om\u00e9ga-3 \/ jour est sans danger pour la sant\u00e9.<\/p>\n","protected":false},"excerpt":{"rendered":"<p>D\u00e9couvrez nos suppl\u00e9ments Om\u00e9ga-3 \u200bLes om\u00e9gas-3 sont tr\u00e8s \u00e0 la mode ces derni\u00e8res ann\u00e9es, pour leurs bienfaits sur la sant\u00e9. Vous \u00eates \u00e0 la recherche de g\u00e9lules om\u00e9ga-3 ? Vous vous demandez quelle marque choisir et \u00e0 quel prix? Vous trouverez votre bonheur sur notre site web Mosquetas.com. Nous proposons des capsules om\u00e9ga-3, 6 adapt\u00e9s \u00e0 vos besoins (beaut\u00e9, musculation&#8230;). Bienfaits om\u00e9gas 3 et 6 Les om\u00e9gas 3 et 6 sont des acides gras polyinsatur\u00e9s essentiels (AGE). Cela signifie qu\u2019ils doivent absolument \u00eatre apport\u00e9s en quantit\u00e9 suffisante \u00e0 notre corps. Soit en \u00e9tant fournis par notre alimentation, ou alors par des compl\u00e9ments alimentaires. Les bienfaits des om\u00e9gas 3 r\u00e9sident notamment dans ses principes actifs (DHA et EPA). L\u2019EFSA a montr\u00e9 les bienfaits du DHA des om\u00e9ga-3: ils contribuent au maintien d\u2019une vision normale ainsi qu\u2019au fonctionnement normal du cerveau. Avec l\u2019EPA, il contribue \u00e9galement \u00e0 une fonction cardiaque normale. C\u00f4t\u00e9 beaut\u00e9, les om\u00e9ga-3 sont utiles pour une avoir une belle peau (ils la rendent plus douce et souple, aidant \u00e0 lutter contre les rides). Enfin, ces acides gras essentiels sont tout aussi int\u00e9ressants pour les cheveux: ils apportent des nutriments indispensables \u00e0 une chevelure saine et forte. Quant \u00e0 l\u2019om\u00e9ga-6, il est r\u00e9put\u00e9 pour son action sur le syst\u00e8me nerveux et le cerveau. Il agit de pair avec l\u2019om\u00e9ga-3: il est essentiel de garder une bonne balance om\u00e9ga-3 \/ om\u00e9ga-6 pour une sant\u00e9 optimale. Cependant, notre consommation d\u2019aujourd\u2019hui est souvent plus riche en om\u00e9ga-6 qu\u2019en om\u00e9ga-3, ce qui nuit \u00e0 cette balance. C\u2019est pourquoi il est important d\u2019apporter \u00e0 son corps davantage d\u2019om\u00e9ga-3 par les aliments, ou bien par les compl\u00e9ments alimentaires. Aliments om\u00e9ga-3 Peu d\u2019aliments contiennent des om\u00e9ga-3, il est difficile de couvrir ses besoins journaliers. Il est seulement possible de trouver des acides gras om\u00e9ga-3 dans: \u2022 Huile v\u00e9g\u00e9tale (olive, colza, lin&#8230;); \u2022 Poissons gras (saumon, thon, maquereau&#8230;); \u2022 Ol\u00e9agineux (noix, amandes, noisettes&#8230;); \u2022 Graines (lin, chia&#8230;). Si ces aliments ne sont pas \u00e0 votre go\u00fbt, n\u2019h\u00e9sitez pas \u00e0 acheter nos g\u00e9lules OMEGAROSA\u00ae et OMEGAROSA\u00ae plus. Biologiques, de grande qualit\u00e9, elles sont tr\u00e8s riches en acides gras Om\u00e9ga 3 et 6 pour et vous garantissent un apport quotidien optimal. En effet, quand l\u2019alimentation ne suffit pas, il peut \u00eatre n\u00e9cessaire de prendre des suppl\u00e9ments alimentaires pour \u00e9viter les carences. En compl\u00e9ment alimentaire, les om\u00e9gas-3 ne sont pas dangereux pour la sant\u00e9: l\u2019EFSA a notamment d\u00e9montr\u00e9 qu\u2019une dose de 5g d\u2019om\u00e9ga-3 \/ jour est sans danger pour la sant\u00e9.<\/p>\n","protected":false},"author":2,"featured_media":0,"parent":0,"menu_order":0,"comment_status":"closed","ping_status":"closed","template":"","meta":{"footnotes":""},"class_list":["post-4985","page","type-page","status-publish","hentry"],"blocksy_meta":[],"_links":{"self":[{"href":"https:\/\/www.mosquetas.com\/fr\/wp-json\/wp\/v2\/pages\/4985","targetHints":{"allow":["GET"]}}],"collection":[{"href":"https:\/\/www.mosquetas.com\/fr\/wp-json\/wp\/v2\/pages"}],"about":[{"href":"https:\/\/www.mosquetas.com\/fr\/wp-json\/wp\/v2\/types\/page"}],"author":[{"embeddable":true,"href":"https:\/\/www.mosquetas.com\/fr\/wp-json\/wp\/v2\/users\/2"}],"replies":[{"embeddable":true,"href":"https:\/\/www.mosquetas.com\/fr\/wp-json\/wp\/v2\/comments?post=4985"}],"version-history":[{"count":0,"href":"https:\/\/www.mosquetas.com\/fr\/wp-json\/wp\/v2\/pages\/4985\/revisions"}],"wp:attachment":[{"href":"https:\/\/www.mosquetas.com\/fr\/wp-json\/wp\/v2\/media?parent=4985"}],"curies":[{"name":"wp","href":"https:\/\/api.w.org\/{rel}","templated":true}]}}