{"id":4778,"date":"2022-02-16T16:39:17","date_gmt":"2022-02-16T15:39:17","guid":{"rendered":"https:\/\/www.mosquetas.com\/meilleur-omega-3\/"},"modified":"2022-02-16T16:39:17","modified_gmt":"2022-02-16T15:39:17","slug":"meilleur-omega-3","status":"publish","type":"page","link":"https:\/\/www.mosquetas.com\/fr\/meilleur-omega-3\/","title":{"rendered":"Meilleur om\u00e9ga 3"},"content":{"rendered":"<h2>Le meilleur om\u00e9ga 3 pour le bien-\u00eatre<\/h2>\n<p>Vous vous demandez quel est le <strong>meilleur om\u00e9ga 3 sur le march\u00e9<\/strong>? De pr\u00e9f\u00e9rence <strong>bio<\/strong> et <strong>vegan<\/strong>? Nous avons ce qu\u2019il vous faut. D\u00e9couvrez les d\u00e9tails dans cet article le <strong>meilleur om\u00e9ga 3-6<\/strong> ainsi que sur le <strong>meilleur om\u00e9ga 3 pour la musculation<\/strong>.<\/p>\n<div class=\"woocommerce columns-3 \"><ul class=\"products columns-3\" data-products=\"type-2\" data-hover=\"zoom-in\">\n<li class=\"product type-product post-2559 status-publish first instock product_cat-complements-alimentaires product_cat-livres product_cat-promos has-post-thumbnail taxable shipping-taxable purchasable product-type-simple\">\n\t<a href=\"https:\/\/www.mosquetas.com\/fr\/pr\/omegarosa-copia-2\/\" class=\"woocommerce-LoopProduct-link woocommerce-loop-product__link\"><img loading=\"lazy\" decoding=\"async\" width=\"600\" height=\"600\" src=\"https:\/\/www.mosquetas.com\/wp-content\/uploads\/2022\/03\/base-foto-1000x1000_omega-libro-600x600.webp\" class=\"attachment-woocommerce_thumbnail size-woocommerce_thumbnail\" alt=\"OMEGAROSA\u00ae X2 + Livre GRATUIT\" srcset=\"https:\/\/www.mosquetas.com\/wp-content\/uploads\/2022\/03\/base-foto-1000x1000_omega-libro-600x600.webp 600w, https:\/\/www.mosquetas.com\/wp-content\/uploads\/2022\/03\/base-foto-1000x1000_omega-libro-100x100.webp 100w, https:\/\/www.mosquetas.com\/wp-content\/uploads\/2022\/03\/base-foto-1000x1000_omega-libro-300x300.webp 300w, https:\/\/www.mosquetas.com\/wp-content\/uploads\/2022\/03\/base-foto-1000x1000_omega-libro-150x150.webp 150w, https:\/\/www.mosquetas.com\/wp-content\/uploads\/2022\/03\/base-foto-1000x1000_omega-libro-768x768.webp 768w, https:\/\/www.mosquetas.com\/wp-content\/uploads\/2022\/03\/base-foto-1000x1000_omega-libro.webp 1000w\" sizes=\"auto, (max-width: 600px) 100vw, 600px\" \/><h2 class=\"woocommerce-loop-product__title\">OMEGAROSA\u00ae X2 + Livre GRATUIT<\/h2>\n\t<span class=\"price\"><span class=\"woocommerce-Price-amount amount\"><bdi><span class=\"woocommerce-Price-currencySymbol\">&euro;<\/span>63,00<\/bdi><\/span><\/span>\n<\/a><a href=\"\/fr\/wp-json\/wp\/v2\/pages\/4778?add-to-cart=2559\" aria-describedby=\"woocommerce_loop_add_to_cart_link_describedby_2559\" data-quantity=\"1\" class=\"button product_type_simple add_to_cart_button ajax_add_to_cart\" data-product_id=\"2559\" data-product_sku=\"OMEGA-LIBRO\" aria-label=\"Ajouter au panier\u00a0: &ldquo;OMEGAROSA\u00ae X2 + Livre GRATUIT&rdquo;\" rel=\"nofollow\" data-success_message=\"\u00ab\u00a0OMEGAROSA\u00ae X2 + Livre GRATUIT\u00a0\u00bb a \u00e9t\u00e9 ajout\u00e9 \u00e0 votre panier\" role=\"button\">Ajouter au panier<\/a>\t<span id=\"woocommerce_loop_add_to_cart_link_describedby_2559\" class=\"screen-reader-text\">\n\t\t\t<\/span>\n<\/li>\n<li class=\"product type-product post-2554 status-publish instock product_cat-complements-alimentaires product_cat-livres product_cat-promos has-post-thumbnail taxable shipping-taxable purchasable product-type-simple\">\n\t<a href=\"https:\/\/www.mosquetas.com\/fr\/pr\/omegarosa-plus-copia-2\/\" class=\"woocommerce-LoopProduct-link woocommerce-loop-product__link\"><img loading=\"lazy\" decoding=\"async\" width=\"600\" height=\"600\" src=\"https:\/\/www.mosquetas.com\/wp-content\/uploads\/2022\/03\/base-foto-1000x1000_omegaplus-libro-600x600.webp\" class=\"attachment-woocommerce_thumbnail size-woocommerce_thumbnail\" alt=\"OMEGAROSA\u00ae plus 2X + Livre GRATUIT\" srcset=\"https:\/\/www.mosquetas.com\/wp-content\/uploads\/2022\/03\/base-foto-1000x1000_omegaplus-libro-600x600.webp 600w, https:\/\/www.mosquetas.com\/wp-content\/uploads\/2022\/03\/base-foto-1000x1000_omegaplus-libro-100x100.webp 100w, https:\/\/www.mosquetas.com\/wp-content\/uploads\/2022\/03\/base-foto-1000x1000_omegaplus-libro-300x300.webp 300w, https:\/\/www.mosquetas.com\/wp-content\/uploads\/2022\/03\/base-foto-1000x1000_omegaplus-libro-150x150.webp 150w, https:\/\/www.mosquetas.com\/wp-content\/uploads\/2022\/03\/base-foto-1000x1000_omegaplus-libro-768x768.webp 768w, https:\/\/www.mosquetas.com\/wp-content\/uploads\/2022\/03\/base-foto-1000x1000_omegaplus-libro.webp 1000w\" sizes=\"auto, (max-width: 600px) 100vw, 600px\" \/><h2 class=\"woocommerce-loop-product__title\">OMEGAROSA\u00ae plus 2X + Livre GRATUIT<\/h2>\n\t<span class=\"price\"><span class=\"woocommerce-Price-amount amount\"><bdi><span class=\"woocommerce-Price-currencySymbol\">&euro;<\/span>63,00<\/bdi><\/span><\/span>\n<\/a><a href=\"\/fr\/wp-json\/wp\/v2\/pages\/4778?add-to-cart=2554\" aria-describedby=\"woocommerce_loop_add_to_cart_link_describedby_2554\" data-quantity=\"1\" class=\"button product_type_simple add_to_cart_button ajax_add_to_cart\" data-product_id=\"2554\" data-product_sku=\"OMEGAPLUS+LIBRO\" aria-label=\"Ajouter au panier\u00a0: &ldquo;OMEGAROSA\u00ae plus 2X + Livre GRATUIT&rdquo;\" rel=\"nofollow\" data-success_message=\"\u00ab\u00a0OMEGAROSA\u00ae plus 2X + Livre GRATUIT\u00a0\u00bb a \u00e9t\u00e9 ajout\u00e9 \u00e0 votre panier\" role=\"button\">Ajouter au panier<\/a>\t<span id=\"woocommerce_loop_add_to_cart_link_describedby_2554\" class=\"screen-reader-text\">\n\t\t\t<\/span>\n<\/li>\n<li class=\"product type-product post-2375 status-publish last instock product_cat-complements-alimentaires has-post-thumbnail featured taxable shipping-taxable purchasable product-type-simple\">\n\t<a href=\"https:\/\/www.mosquetas.com\/fr\/pr\/omegarosa-plus\/\" class=\"woocommerce-LoopProduct-link woocommerce-loop-product__link\"><img loading=\"lazy\" decoding=\"async\" width=\"600\" height=\"600\" src=\"https:\/\/www.mosquetas.com\/wp-content\/uploads\/2015\/07\/base-foto-1000x1000_omegaplus-600x600.webp\" class=\"attachment-woocommerce_thumbnail size-woocommerce_thumbnail\" alt=\"OMEGAROSA\u00ae plus\" srcset=\"https:\/\/www.mosquetas.com\/wp-content\/uploads\/2015\/07\/base-foto-1000x1000_omegaplus-600x600.webp 600w, https:\/\/www.mosquetas.com\/wp-content\/uploads\/2015\/07\/base-foto-1000x1000_omegaplus-100x100.webp 100w, https:\/\/www.mosquetas.com\/wp-content\/uploads\/2015\/07\/base-foto-1000x1000_omegaplus-300x300.webp 300w, https:\/\/www.mosquetas.com\/wp-content\/uploads\/2015\/07\/base-foto-1000x1000_omegaplus-150x150.webp 150w, https:\/\/www.mosquetas.com\/wp-content\/uploads\/2015\/07\/base-foto-1000x1000_omegaplus-768x768.webp 768w, https:\/\/www.mosquetas.com\/wp-content\/uploads\/2015\/07\/base-foto-1000x1000_omegaplus.webp 1000w\" sizes=\"auto, (max-width: 600px) 100vw, 600px\" \/><h2 class=\"woocommerce-loop-product__title\">OMEGAROSA\u00ae plus<\/h2>\n\t<span class=\"price\"><span class=\"woocommerce-Price-amount amount\"><bdi><span class=\"woocommerce-Price-currencySymbol\">&euro;<\/span>31,50<\/bdi><\/span><\/span>\n<\/a><a href=\"\/fr\/wp-json\/wp\/v2\/pages\/4778?add-to-cart=2375\" aria-describedby=\"woocommerce_loop_add_to_cart_link_describedby_2375\" data-quantity=\"1\" class=\"button product_type_simple add_to_cart_button ajax_add_to_cart\" data-product_id=\"2375\" data-product_sku=\"OMEGAPLUS\" aria-label=\"Ajouter au panier\u00a0: &ldquo;OMEGAROSA\u00ae plus&rdquo;\" rel=\"nofollow\" data-success_message=\"\u00ab\u00a0OMEGAROSA\u00ae plus\u00a0\u00bb a \u00e9t\u00e9 ajout\u00e9 \u00e0 votre panier\" role=\"button\">Ajouter au panier<\/a>\t<span id=\"woocommerce_loop_add_to_cart_link_describedby_2375\" class=\"screen-reader-text\">\n\t\t\t<\/span>\n<\/li>\n<li class=\"product type-product post-2379 status-publish first instock product_cat-promos product_cat-complements-alimentaires has-post-thumbnail taxable shipping-taxable purchasable product-type-simple\">\n\t<a href=\"https:\/\/www.mosquetas.com\/fr\/pr\/omegarosa\/\" class=\"woocommerce-LoopProduct-link woocommerce-loop-product__link\"><img loading=\"lazy\" decoding=\"async\" width=\"600\" height=\"600\" src=\"https:\/\/www.mosquetas.com\/wp-content\/uploads\/2015\/07\/base-foto-1000x1000_omega-600x600.webp\" class=\"attachment-woocommerce_thumbnail size-woocommerce_thumbnail\" alt=\"OMEGAROSA\u00ae\" srcset=\"https:\/\/www.mosquetas.com\/wp-content\/uploads\/2015\/07\/base-foto-1000x1000_omega-600x600.webp 600w, https:\/\/www.mosquetas.com\/wp-content\/uploads\/2015\/07\/base-foto-1000x1000_omega-100x100.webp 100w, https:\/\/www.mosquetas.com\/wp-content\/uploads\/2015\/07\/base-foto-1000x1000_omega-300x300.webp 300w, https:\/\/www.mosquetas.com\/wp-content\/uploads\/2015\/07\/base-foto-1000x1000_omega-150x150.webp 150w, https:\/\/www.mosquetas.com\/wp-content\/uploads\/2015\/07\/base-foto-1000x1000_omega-768x768.webp 768w, https:\/\/www.mosquetas.com\/wp-content\/uploads\/2015\/07\/base-foto-1000x1000_omega.webp 1000w\" sizes=\"auto, (max-width: 600px) 100vw, 600px\" \/><h2 class=\"woocommerce-loop-product__title\">OMEGAROSA\u00ae<\/h2>\n\t<span class=\"price\"><span class=\"woocommerce-Price-amount amount\"><bdi><span class=\"woocommerce-Price-currencySymbol\">&euro;<\/span>31,50<\/bdi><\/span><\/span>\n<\/a><a href=\"\/fr\/wp-json\/wp\/v2\/pages\/4778?add-to-cart=2379\" aria-describedby=\"woocommerce_loop_add_to_cart_link_describedby_2379\" data-quantity=\"1\" class=\"button product_type_simple add_to_cart_button ajax_add_to_cart\" data-product_id=\"2379\" data-product_sku=\"OMEGA\" aria-label=\"Ajouter au panier\u00a0: &ldquo;OMEGAROSA\u00ae&rdquo;\" rel=\"nofollow\" data-success_message=\"\u00ab\u00a0OMEGAROSA\u00ae\u00a0\u00bb a \u00e9t\u00e9 ajout\u00e9 \u00e0 votre panier\" role=\"button\">Ajouter au panier<\/a>\t<span id=\"woocommerce_loop_add_to_cart_link_describedby_2379\" class=\"screen-reader-text\">\n\t\t\t<\/span>\n<\/li>\n<\/ul>\n<\/div>\n<h2>Meilleur om\u00e9ga 3-6<\/h2>\n<p>Les <strong>om\u00e9ga-3<\/strong> sont des acides gras essentiels \u00e0 l\u2019organisme. On retrouve l\u2019ALA, le DHA, et enfin l\u2019<a href=\"https:\/\/www.mosquetas.com\/fr\/epa-omega-3\/\">EPA om\u00e9ga-3<\/a>. Leurs bienfaits sur la sant\u00e9 sont bien connus, tant au niveau du cerveau, du c\u0153ur, des yeux que des cheveux et de la peau.<br \/>\nPour b\u00e9n\u00e9ficier de leurs bienfaits, il faut \u00e9galement faire attention aux om\u00e9ga-6. Ces deux compos\u00e9s vont de pair pour leurs effets bien-\u00eatre. En pratique, on recommande un ratio de 5 om\u00e9ga-6 pour 1 om\u00e9ga-3.<br \/>\nIl peut \u00eatre difficile d\u2019obtenir la bonne quantit\u00e9 d\u2019om\u00e9ga-3 et 6 via l\u2019alimentation seulement. De ce fait, prendre des compl\u00e9ments alimentaires est une excellente mani\u00e8re de pallier les carences. Mais il n\u2019est pas n\u00e9cessaire d\u2019aller chercher le<strong> meilleur om\u00e9ga 3 krill<\/strong> ou huile de poisson sur tout internet, ni de consulter le guide<strong> ufc-que choisir sur les om\u00e9ga-3<\/strong> pendant des heures pour trouver les bons produits. Des alternatives v\u00e9g\u00e9tales existent, simples et bonnes pour la sant\u00e9.<br \/>\nSi vous \u00eates \u00e0 la recherche du<strong> meilleur om\u00e9ga-3 6 bio, vegan<\/strong> et en capsule<strong> liquide<\/strong>, nous avons ce qu\u2019il vous faut! Nos compl\u00e9ments OMEGAROSA\u00ae et OMEGAROSA\u00ae plus vous garantissent un apport optimal d\u2019om\u00e9gas 3 et 6, en proportion \u00e9lev\u00e9e et \u00e9quilibr\u00e9e (35% &#8211; 45%). Celles-ci contiennent de l\u2019huile extra vierge de Rose Musqu\u00e9e et de Bourrache biologiques.<br \/>\nEnfin, <strong>combien de temps faire une cure d\u2019om\u00e9ga-3<\/strong> pour b\u00e9n\u00e9ficier de leurs effets bien-\u00eatre et sant\u00e9? Alors, il faut id\u00e9alement r\u00e9aliser une cure de 3 mois. Celle-ci peut \u00eatre r\u00e9alis\u00e9e tout au long de l\u2019ann\u00e9e, avec des g\u00e9lules \u00e0 prendre lors du repas.<\/p>\n<h2>Meilleur om\u00e9ga 3 pour la musculation<\/h2>\n<p>Les om\u00e9ga-3 sont tr\u00e8s appr\u00e9ci\u00e9s par les pratiquants de musculation et bodybuildeurs. Ils fournissent de l\u2019\u00e9nergie, am\u00e9liorent la r\u00e9cup\u00e9ration musculaire, pr\u00e9viennent les inflammations\u2026 Un aliment indispensable au sportif, en somme!<br \/>\nMais quel est le <strong>meilleur om\u00e9ga 3 pour la musculation<\/strong>? Alors, nous ne pouvons que vous conseiller nos compl\u00e9ments OMEGAROSA\u00ae et OMEGAROSA\u00ae plus. Ceux-ci vous assurent le meilleur apport d\u2019om\u00e9ga 3 et 6 possible. Ils contiennent seulement de l\u2019huile de Rose Musqu\u00e9e et de Bourrache de qualit\u00e9 biologique et de premi\u00e8re pression \u00e0 froid.<br \/>\nBien nourrir votre organisme avec des acides gras de grande qualit\u00e9 vous aidera dans votre prise de muscle. Plus besoin de consommer une quantit\u00e9 astronomique de poissons gras et fruits de mer quotidiennement\u00a0: la suppl\u00e9mentation est une alternative \u00e9conomique.<\/p>\n","protected":false},"excerpt":{"rendered":"<p>Le meilleur om\u00e9ga 3 pour le bien-\u00eatre Vous vous demandez quel est le meilleur om\u00e9ga 3 sur le march\u00e9? De pr\u00e9f\u00e9rence bio et vegan? Nous avons ce qu\u2019il vous faut. D\u00e9couvrez les d\u00e9tails dans cet article le meilleur om\u00e9ga 3-6 ainsi que sur le meilleur om\u00e9ga 3 pour la musculation. Meilleur om\u00e9ga 3-6 Les om\u00e9ga-3 sont des acides gras essentiels \u00e0 l\u2019organisme. On retrouve l\u2019ALA, le DHA, et enfin l\u2019EPA om\u00e9ga-3. Leurs bienfaits sur la sant\u00e9 sont bien connus, tant au niveau du cerveau, du c\u0153ur, des yeux que des cheveux et de la peau. Pour b\u00e9n\u00e9ficier de leurs bienfaits, il faut \u00e9galement faire attention aux om\u00e9ga-6. Ces deux compos\u00e9s vont de pair pour leurs effets bien-\u00eatre. En pratique, on recommande un ratio de 5 om\u00e9ga-6 pour 1 om\u00e9ga-3. Il peut \u00eatre difficile d\u2019obtenir la bonne quantit\u00e9 d\u2019om\u00e9ga-3 et 6 via l\u2019alimentation seulement. De ce fait, prendre des compl\u00e9ments alimentaires est une excellente mani\u00e8re de pallier les carences. Mais il n\u2019est pas n\u00e9cessaire d\u2019aller chercher le meilleur om\u00e9ga 3 krill ou huile de poisson sur tout internet, ni de consulter le guide ufc-que choisir sur les om\u00e9ga-3 pendant des heures pour trouver les bons produits. Des alternatives v\u00e9g\u00e9tales existent, simples et bonnes pour la sant\u00e9. Si vous \u00eates \u00e0 la recherche du meilleur om\u00e9ga-3 6 bio, vegan et en capsule liquide, nous avons ce qu\u2019il vous faut! Nos compl\u00e9ments OMEGAROSA\u00ae et OMEGAROSA\u00ae plus vous garantissent un apport optimal d\u2019om\u00e9gas 3 et 6, en proportion \u00e9lev\u00e9e et \u00e9quilibr\u00e9e (35% &#8211; 45%). Celles-ci contiennent de l\u2019huile extra vierge de Rose Musqu\u00e9e et de Bourrache biologiques. Enfin, combien de temps faire une cure d\u2019om\u00e9ga-3 pour b\u00e9n\u00e9ficier de leurs effets bien-\u00eatre et sant\u00e9? Alors, il faut id\u00e9alement r\u00e9aliser une cure de 3 mois. Celle-ci peut \u00eatre r\u00e9alis\u00e9e tout au long de l\u2019ann\u00e9e, avec des g\u00e9lules \u00e0 prendre lors du repas. Meilleur om\u00e9ga 3 pour la musculation Les om\u00e9ga-3 sont tr\u00e8s appr\u00e9ci\u00e9s par les pratiquants de musculation et bodybuildeurs. Ils fournissent de l\u2019\u00e9nergie, am\u00e9liorent la r\u00e9cup\u00e9ration musculaire, pr\u00e9viennent les inflammations\u2026 Un aliment indispensable au sportif, en somme! Mais quel est le meilleur om\u00e9ga 3 pour la musculation? Alors, nous ne pouvons que vous conseiller nos compl\u00e9ments OMEGAROSA\u00ae et OMEGAROSA\u00ae plus. Ceux-ci vous assurent le meilleur apport d\u2019om\u00e9ga 3 et 6 possible. Ils contiennent seulement de l\u2019huile de Rose Musqu\u00e9e et de Bourrache de qualit\u00e9 biologique et de premi\u00e8re pression \u00e0 froid. Bien nourrir votre organisme avec des acides gras de grande qualit\u00e9 vous aidera dans votre prise de muscle. Plus besoin de consommer une quantit\u00e9 astronomique de poissons gras et fruits de mer quotidiennement\u00a0: la suppl\u00e9mentation est une alternative \u00e9conomique.<\/p>\n","protected":false},"author":2,"featured_media":0,"parent":0,"menu_order":0,"comment_status":"closed","ping_status":"closed","template":"","meta":{"footnotes":""},"class_list":["post-4778","page","type-page","status-publish","hentry"],"blocksy_meta":[],"_links":{"self":[{"href":"https:\/\/www.mosquetas.com\/fr\/wp-json\/wp\/v2\/pages\/4778","targetHints":{"allow":["GET"]}}],"collection":[{"href":"https:\/\/www.mosquetas.com\/fr\/wp-json\/wp\/v2\/pages"}],"about":[{"href":"https:\/\/www.mosquetas.com\/fr\/wp-json\/wp\/v2\/types\/page"}],"author":[{"embeddable":true,"href":"https:\/\/www.mosquetas.com\/fr\/wp-json\/wp\/v2\/users\/2"}],"replies":[{"embeddable":true,"href":"https:\/\/www.mosquetas.com\/fr\/wp-json\/wp\/v2\/comments?post=4778"}],"version-history":[{"count":0,"href":"https:\/\/www.mosquetas.com\/fr\/wp-json\/wp\/v2\/pages\/4778\/revisions"}],"wp:attachment":[{"href":"https:\/\/www.mosquetas.com\/fr\/wp-json\/wp\/v2\/media?parent=4778"}],"curies":[{"name":"wp","href":"https:\/\/api.w.org\/{rel}","templated":true}]}}