{"id":4657,"date":"2019-06-28T07:42:25","date_gmt":"2019-06-28T05:42:25","guid":{"rendered":"https:\/\/www.mosquetas.com\/insights\/"},"modified":"2025-10-06T18:13:28","modified_gmt":"2025-10-06T16:13:28","slug":"insights","status":"publish","type":"page","link":"https:\/\/www.mosquetas.com\/fr\/insights\/","title":{"rendered":"Insights"},"content":{"rendered":"\t\t<div data-elementor-type=\"wp-page\" data-elementor-id=\"4657\" class=\"elementor elementor-4657 elementor-4013\">\n\t\t\t\t<div class=\"elementor-element elementor-element-4a4158a3 e-flex e-con-boxed wpr-particle-no wpr-jarallax-no wpr-parallax-no wpr-sticky-section-no wpr-equal-height-no e-con e-parent\" data-id=\"4a4158a3\" data-element_type=\"container\" data-e-type=\"container\">\n\t\t\t\t\t<div class=\"e-con-inner\">\n\t\t\t\t<div class=\"elementor-element elementor-element-1626eb99 elementor-widget elementor-widget-text-editor\" data-id=\"1626eb99\" data-element_type=\"widget\" data-e-type=\"widget\" data-widget_type=\"text-editor.default\">\n\t\t\t\t<div class=\"elementor-widget-container\">\n\t\t\t\t\t\t\t\t\t<p><a href=\"https:\/\/www.mosquetas.com\/en\/\">Home page EN<\/a><\/p><p><a href=\"https:\/\/www.mosquetas.com\/\">Home page IT<\/a><\/p><p><a href=\"https:\/\/www.mosquetas.com\/de\/\">Home page DE<\/a><\/p><p><a href=\"https:\/\/www.mosquetas.com\/es\/\">Home page ES<\/a><br \/>\u2014\u2014\u2014\u2014\u2014\u2014\u2014\u2014<\/p><p>Liste d\u00e9taill\u00e9e:<\/p><p><a href=\"https:\/\/www.mosquetas.com\/fr\/huile-de-rose-mosqueta\/\">huile de rose mosqueta<\/a><\/p><p><a href=\"https:\/\/www.mosquetas.com\/fr\/huile-de-rose-musquee-cheveux\/\">huile de rose musqu\u00e9e cheveux<\/a><\/p><p><a href=\"https:\/\/www.mosquetas.com\/fr\/huile-de-rose-musquee-bio-du-chili\/\">huile de rose musqu\u00e9e bio du chili<\/a><\/p><p><a href=\"https:\/\/www.mosquetas.com\/fr\/huile-de-rose-musquee-du-chili-bio-avis\/\">huile de rose musqu\u00e9e du chili bio avis<\/a><\/p><p><a href=\"https:\/\/www.mosquetas.com\/fr\/anti-age-bio\/\">anti age bio<\/a><\/p><p><a href=\"https:\/\/www.mosquetas.com\/fr\/creme-anti-age-bio-avis\/\">creme anti age bio avis<\/a><\/p><p><a href=\"https:\/\/www.mosquetas.com\/fr\/creme-bio-anti-rides-un-veritable-e-clat-de-jeunesse\/\">creme bio anti rides<\/a><\/p><p><a href=\"https:\/\/www.mosquetas.com\/fr\/anti-ride-naturel\/\">anti ride naturel<\/a><\/p><p><a href=\"https:\/\/www.mosquetas.com\/fr\/baume-bio\/\">baume bio<\/a><\/p><p><a href=\"https:\/\/www.mosquetas.com\/fr\/gommage-bio\/\">gommage bio<\/a><\/p><p><a href=\"https:\/\/www.mosquetas.com\/fr\/gommage-bio-maison\/\">gommage bio maison<\/a><\/p><p><a href=\"https:\/\/www.mosquetas.com\/fr\/bio-oil-grossesse\/\">bio oil grossesse<\/a><\/p><p><a href=\"https:\/\/www.mosquetas.com\/fr\/produits-cosmetiques-bio\/\">produits cosm\u00e9tiques bio<\/a><\/p><p><a href=\"https:\/\/www.mosquetas.com\/fr\/produits-cosmetiques-naturels\/\">produits cosm\u00e9tiques naturels<\/a><\/p><p><a href=\"https:\/\/www.mosquetas.com\/fr\/produits-de-beaute-bio\/\">produits de beaut\u00e9 bio<\/a><\/p><p><a href=\"https:\/\/www.mosquetas.com\/fr\/huile-essentielle-helichryse-bio\/\">huile essentielle h\u00e9lichryse bio<\/a><\/p><p><a href=\"https:\/\/www.mosquetas.com\/fr\/produits-biologiques-pour-les-mains\/\">produits biologiques pour les mains<\/a><\/p><p><a href=\"https:\/\/www.mosquetas.com\/fr\/savons-naturels\/\">savons naturels<\/a><\/p><p><a href=\"https:\/\/www.mosquetas.com\/fr\/supplements-bio\/\">suppl\u00e9ments bio<\/a><\/p><p><a href=\"https:\/\/www.mosquetas.com\/fr\/supplements-naturels\/\">suppl\u00e9ments naturels<\/a><\/p><p><a href=\"https:\/\/www.mosquetas.com\/fr\/huile-immortelle\/\">huile immortelle<\/a><\/p><p><a href=\"https:\/\/www.mosquetas.com\/fr\/omega-3\/\">om\u00e9ga 3<\/a><\/p><p><a href=\"https:\/\/www.mosquetas.com\/fr\/omega-3-et-6-bienfaits\/\">om\u00e9ga 3 et 6 bienfaits<\/a><\/p><p>\u2014\u2014\u2014\u2014\u2014\u2014\u2014\u2014<\/p><p><a href=\"https:\/\/www.mosquetas.com\/approfondimenti\/\">Liste IT 1<\/a><br \/><br \/><a href=\"https:\/\/www.mosquetas.com\/de\/insights\/\">Liste DE<\/a><\/p>\t\t\t\t\t\t\t\t<\/div>\n\t\t\t\t<\/div>\n\t\t\t\t\t<\/div>\n\t\t\t\t<\/div>\n\t\t\t\t<\/div>\n\t\t","protected":false},"excerpt":{"rendered":"<p>Home page EN Home page IT Home page DE Home page ES\u2014\u2014\u2014\u2014\u2014\u2014\u2014\u2014 Liste d\u00e9taill\u00e9e: huile de rose mosqueta huile de rose musqu\u00e9e cheveux huile de rose musqu\u00e9e bio du chili huile de rose musqu\u00e9e du chili bio avis anti age bio creme anti age bio avis creme bio anti rides anti ride naturel baume bio gommage bio gommage bio maison bio oil grossesse produits cosm\u00e9tiques bio produits cosm\u00e9tiques naturels produits de beaut\u00e9 bio huile essentielle h\u00e9lichryse bio produits biologiques pour les mains savons naturels suppl\u00e9ments bio suppl\u00e9ments naturels huile immortelle om\u00e9ga 3 om\u00e9ga 3 et 6 bienfaits \u2014\u2014\u2014\u2014\u2014\u2014\u2014\u2014 Liste IT 1 Liste DE<\/p>\n","protected":false},"author":1,"featured_media":0,"parent":0,"menu_order":0,"comment_status":"closed","ping_status":"closed","template":"","meta":{"footnotes":""},"class_list":["post-4657","page","type-page","status-publish","hentry"],"blocksy_meta":[],"_links":{"self":[{"href":"https:\/\/www.mosquetas.com\/fr\/wp-json\/wp\/v2\/pages\/4657","targetHints":{"allow":["GET"]}}],"collection":[{"href":"https:\/\/www.mosquetas.com\/fr\/wp-json\/wp\/v2\/pages"}],"about":[{"href":"https:\/\/www.mosquetas.com\/fr\/wp-json\/wp\/v2\/types\/page"}],"author":[{"embeddable":true,"href":"https:\/\/www.mosquetas.com\/fr\/wp-json\/wp\/v2\/users\/1"}],"replies":[{"embeddable":true,"href":"https:\/\/www.mosquetas.com\/fr\/wp-json\/wp\/v2\/comments?post=4657"}],"version-history":[{"count":0,"href":"https:\/\/www.mosquetas.com\/fr\/wp-json\/wp\/v2\/pages\/4657\/revisions"}],"wp:attachment":[{"href":"https:\/\/www.mosquetas.com\/fr\/wp-json\/wp\/v2\/media?parent=4657"}],"curies":[{"name":"wp","href":"https:\/\/api.w.org\/{rel}","templated":true}]}}