{"id":4636,"date":"2019-09-12T12:13:19","date_gmt":"2019-09-12T10:13:19","guid":{"rendered":"https:\/\/www.mosquetas.com\/huile-essentielle-helichryse-bio\/"},"modified":"2019-09-12T12:13:19","modified_gmt":"2019-09-12T10:13:19","slug":"huile-essentielle-helichryse-bio","status":"publish","type":"page","link":"https:\/\/www.mosquetas.com\/fr\/huile-essentielle-helichryse-bio\/","title":{"rendered":"Huile essentielle h\u00e9lichryse bio"},"content":{"rendered":"<div class=\"woocommerce columns-4 \"><ul class=\"products columns-4\" data-products=\"type-2\" data-hover=\"zoom-in\">\n<li class=\"product type-product post-2544 status-publish first instock product_cat-huiles has-post-thumbnail taxable shipping-taxable purchasable product-type-simple\">\n\t<a href=\"https:\/\/www.mosquetas.com\/fr\/pr\/rose-dor-huile-vierge-de-rose-musquee-immortelle-bio-30ml-bio\/\" class=\"woocommerce-LoopProduct-link woocommerce-loop-product__link\"><img loading=\"lazy\" decoding=\"async\" width=\"600\" height=\"600\" src=\"https:\/\/www.mosquetas.com\/wp-content\/uploads\/2019\/09\/base-foto-1000x1000-ror-600x600.webp\" class=\"attachment-woocommerce_thumbnail size-woocommerce_thumbnail\" alt=\"Rose d\u2019Or \u2013 Huile Vierge de Rose Musqu\u00e9e + Immortelle \u2013 30ml \u2013 Bio\" srcset=\"https:\/\/www.mosquetas.com\/wp-content\/uploads\/2019\/09\/base-foto-1000x1000-ror-600x600.webp 600w, https:\/\/www.mosquetas.com\/wp-content\/uploads\/2019\/09\/base-foto-1000x1000-ror-100x100.webp 100w, https:\/\/www.mosquetas.com\/wp-content\/uploads\/2019\/09\/base-foto-1000x1000-ror-300x300.webp 300w, https:\/\/www.mosquetas.com\/wp-content\/uploads\/2019\/09\/base-foto-1000x1000-ror-150x150.webp 150w, https:\/\/www.mosquetas.com\/wp-content\/uploads\/2019\/09\/base-foto-1000x1000-ror-768x768.webp 768w, https:\/\/www.mosquetas.com\/wp-content\/uploads\/2019\/09\/base-foto-1000x1000-ror.webp 1000w\" sizes=\"auto, (max-width: 600px) 100vw, 600px\" \/><h2 class=\"woocommerce-loop-product__title\">Rose d\u2019Or \u2013 Huile Vierge de Rose Musqu\u00e9e + Immortelle \u2013 30ml \u2013 Bio<\/h2>\n\t<span class=\"price\"><span class=\"woocommerce-Price-amount amount\"><bdi><span class=\"woocommerce-Price-currencySymbol\">&euro;<\/span>33,40<\/bdi><\/span><\/span>\n<\/a><a href=\"\/fr\/wp-json\/wp\/v2\/pages\/4636?add-to-cart=2544\" aria-describedby=\"woocommerce_loop_add_to_cart_link_describedby_2544\" data-quantity=\"1\" class=\"button product_type_simple add_to_cart_button ajax_add_to_cart\" data-product_id=\"2544\" data-product_sku=\"ROSOR\" aria-label=\"Ajouter au panier\u00a0: &ldquo;Rose d\u2019Or \u2013 Huile Vierge de Rose Musqu\u00e9e + Immortelle \u2013 30ml \u2013 Bio&rdquo;\" rel=\"nofollow\" data-success_message=\"\u00ab\u00a0Rose d\u2019Or \u2013 Huile Vierge de Rose Musqu\u00e9e + Immortelle \u2013 30ml \u2013 Bio\u00a0\u00bb a \u00e9t\u00e9 ajout\u00e9 \u00e0 votre panier\" role=\"button\">Ajouter au panier<\/a>\t<span id=\"woocommerce_loop_add_to_cart_link_describedby_2544\" class=\"screen-reader-text\">\n\t\t\t<\/span>\n<\/li>\n<li class=\"product type-product post-2479 status-publish instock product_cat-huiles has-post-thumbnail taxable shipping-taxable purchasable product-type-simple\">\n\t<a href=\"https:\/\/www.mosquetas.com\/fr\/pr\/huile-vierge-de-rose-musquee-rose-de-damas-bio\/\" class=\"woocommerce-LoopProduct-link woocommerce-loop-product__link\"><img loading=\"lazy\" decoding=\"async\" width=\"600\" height=\"600\" src=\"https:\/\/www.mosquetas.com\/wp-content\/uploads\/2015\/07\/base-foto-1000x1000-rr-completo--600x600.webp\" class=\"attachment-woocommerce_thumbnail size-woocommerce_thumbnail\" alt=\"Huile Vierge de Rose Musqu\u00e9e + Rose de Damas \u2013 Bio\" srcset=\"https:\/\/www.mosquetas.com\/wp-content\/uploads\/2015\/07\/base-foto-1000x1000-rr-completo--600x600.webp 600w, https:\/\/www.mosquetas.com\/wp-content\/uploads\/2015\/07\/base-foto-1000x1000-rr-completo--100x100.webp 100w, https:\/\/www.mosquetas.com\/wp-content\/uploads\/2015\/07\/base-foto-1000x1000-rr-completo--300x300.webp 300w, https:\/\/www.mosquetas.com\/wp-content\/uploads\/2015\/07\/base-foto-1000x1000-rr-completo--150x150.webp 150w, https:\/\/www.mosquetas.com\/wp-content\/uploads\/2015\/07\/base-foto-1000x1000-rr-completo--768x768.webp 768w, https:\/\/www.mosquetas.com\/wp-content\/uploads\/2015\/07\/base-foto-1000x1000-rr-completo-.webp 1000w\" sizes=\"auto, (max-width: 600px) 100vw, 600px\" \/><h2 class=\"woocommerce-loop-product__title\">Huile Vierge de Rose Musqu\u00e9e + Rose de Damas \u2013 Bio<\/h2>\n\t<span class=\"price\"><span class=\"woocommerce-Price-amount amount\"><bdi><span class=\"woocommerce-Price-currencySymbol\">&euro;<\/span>36,00<\/bdi><\/span><\/span>\n<\/a><a href=\"\/fr\/wp-json\/wp\/v2\/pages\/4636?add-to-cart=2479\" aria-describedby=\"woocommerce_loop_add_to_cart_link_describedby_2479\" data-quantity=\"1\" class=\"button product_type_simple add_to_cart_button ajax_add_to_cart\" data-product_id=\"2479\" data-product_sku=\"ROSAM30RR\" aria-label=\"Ajouter au panier\u00a0: &ldquo;Huile Vierge de Rose Musqu\u00e9e + Rose de Damas \u2013 Bio&rdquo;\" rel=\"nofollow\" data-success_message=\"\u00ab\u00a0Huile Vierge de Rose Musqu\u00e9e + Rose de Damas \u2013 Bio\u00a0\u00bb a \u00e9t\u00e9 ajout\u00e9 \u00e0 votre panier\" role=\"button\">Ajouter au panier<\/a>\t<span id=\"woocommerce_loop_add_to_cart_link_describedby_2479\" class=\"screen-reader-text\">\n\t\t\t<\/span>\n<\/li>\n<li class=\"product type-product post-2485 status-publish instock product_cat-huiles has-post-thumbnail featured taxable shipping-taxable purchasable product-type-simple\">\n\t<a href=\"https:\/\/www.mosquetas.com\/fr\/pr\/huile-de-rose-musquee-du-chili-50ml-bio\/\" class=\"woocommerce-LoopProduct-link woocommerce-loop-product__link\"><img loading=\"lazy\" decoding=\"async\" width=\"600\" height=\"600\" src=\"https:\/\/www.mosquetas.com\/wp-content\/uploads\/2015\/07\/base-foto-1000x1000_50ml-completo-600x600.webp\" class=\"attachment-woocommerce_thumbnail size-woocommerce_thumbnail\" alt=\"Huile de Rose Musqu\u00e9e du Chili 50ml - Bio\" srcset=\"https:\/\/www.mosquetas.com\/wp-content\/uploads\/2015\/07\/base-foto-1000x1000_50ml-completo-600x600.webp 600w, https:\/\/www.mosquetas.com\/wp-content\/uploads\/2015\/07\/base-foto-1000x1000_50ml-completo-100x100.webp 100w, https:\/\/www.mosquetas.com\/wp-content\/uploads\/2015\/07\/base-foto-1000x1000_50ml-completo-300x300.webp 300w, https:\/\/www.mosquetas.com\/wp-content\/uploads\/2015\/07\/base-foto-1000x1000_50ml-completo-150x150.webp 150w, https:\/\/www.mosquetas.com\/wp-content\/uploads\/2015\/07\/base-foto-1000x1000_50ml-completo-768x768.webp 768w, https:\/\/www.mosquetas.com\/wp-content\/uploads\/2015\/07\/base-foto-1000x1000_50ml-completo.webp 1000w\" sizes=\"auto, (max-width: 600px) 100vw, 600px\" \/><h2 class=\"woocommerce-loop-product__title\">Huile de Rose Musqu\u00e9e du Chili 50ml &#8211; Bio<\/h2>\n\t<span class=\"price\"><span class=\"woocommerce-Price-amount amount\"><bdi><span class=\"woocommerce-Price-currencySymbol\">&euro;<\/span>43,00<\/bdi><\/span><\/span>\n<\/a><a href=\"\/fr\/wp-json\/wp\/v2\/pages\/4636?add-to-cart=2485\" aria-describedby=\"woocommerce_loop_add_to_cart_link_describedby_2485\" data-quantity=\"1\" class=\"button product_type_simple add_to_cart_button ajax_add_to_cart\" data-product_id=\"2485\" data-product_sku=\"ROSAM50\" aria-label=\"Ajouter au panier\u00a0: &ldquo;Huile de Rose Musqu\u00e9e du Chili 50ml - Bio&rdquo;\" rel=\"nofollow\" data-success_message=\"\u00ab\u00a0Huile de Rose Musqu\u00e9e du Chili 50ml - Bio\u00a0\u00bb a \u00e9t\u00e9 ajout\u00e9 \u00e0 votre panier\" role=\"button\">Ajouter au panier<\/a>\t<span id=\"woocommerce_loop_add_to_cart_link_describedby_2485\" class=\"screen-reader-text\">\n\t\t\t<\/span>\n<\/li>\n<li class=\"product type-product post-2486 status-publish last instock product_cat-huiles has-post-thumbnail taxable shipping-taxable purchasable product-type-simple\">\n\t<a href=\"https:\/\/www.mosquetas.com\/fr\/pr\/huile-de-rose-musquee-du-chili-30ml-bio\/\" class=\"woocommerce-LoopProduct-link woocommerce-loop-product__link\"><img loading=\"lazy\" decoding=\"async\" width=\"600\" height=\"600\" src=\"https:\/\/www.mosquetas.com\/wp-content\/uploads\/2015\/07\/base-foto-1000x1000_30ml-completo-600x600.webp\" class=\"attachment-woocommerce_thumbnail size-woocommerce_thumbnail\" alt=\"Huile de Rose Musqu\u00e9e du Chili 30ml - Bio\" srcset=\"https:\/\/www.mosquetas.com\/wp-content\/uploads\/2015\/07\/base-foto-1000x1000_30ml-completo-600x600.webp 600w, https:\/\/www.mosquetas.com\/wp-content\/uploads\/2015\/07\/base-foto-1000x1000_30ml-completo-100x100.webp 100w, https:\/\/www.mosquetas.com\/wp-content\/uploads\/2015\/07\/base-foto-1000x1000_30ml-completo-300x300.webp 300w, https:\/\/www.mosquetas.com\/wp-content\/uploads\/2015\/07\/base-foto-1000x1000_30ml-completo-150x150.webp 150w, https:\/\/www.mosquetas.com\/wp-content\/uploads\/2015\/07\/base-foto-1000x1000_30ml-completo-768x768.webp 768w, https:\/\/www.mosquetas.com\/wp-content\/uploads\/2015\/07\/base-foto-1000x1000_30ml-completo.webp 1000w\" sizes=\"auto, (max-width: 600px) 100vw, 600px\" \/><h2 class=\"woocommerce-loop-product__title\">Huile de Rose Musqu\u00e9e du Chili 30ml &#8211; Bio<\/h2>\n\t<span class=\"price\"><span class=\"woocommerce-Price-amount amount\"><bdi><span class=\"woocommerce-Price-currencySymbol\">&euro;<\/span>32,00<\/bdi><\/span><\/span>\n<\/a><a href=\"\/fr\/wp-json\/wp\/v2\/pages\/4636?add-to-cart=2486\" aria-describedby=\"woocommerce_loop_add_to_cart_link_describedby_2486\" data-quantity=\"1\" class=\"button product_type_simple add_to_cart_button ajax_add_to_cart\" data-product_id=\"2486\" data-product_sku=\"ROSAM30\" aria-label=\"Ajouter au panier\u00a0: &ldquo;Huile de Rose Musqu\u00e9e du Chili 30ml - Bio&rdquo;\" rel=\"nofollow\" data-success_message=\"\u00ab\u00a0Huile de Rose Musqu\u00e9e du Chili 30ml - Bio\u00a0\u00bb a \u00e9t\u00e9 ajout\u00e9 \u00e0 votre panier\" role=\"button\">Ajouter au panier<\/a>\t<span id=\"woocommerce_loop_add_to_cart_link_describedby_2486\" class=\"screen-reader-text\">\n\t\t\t<\/span>\n<\/li>\n<li class=\"product type-product post-2487 status-publish first instock product_cat-huiles has-post-thumbnail taxable shipping-taxable purchasable product-type-simple\">\n\t<a href=\"https:\/\/www.mosquetas.com\/fr\/pr\/huile-de-rose-musquee-du-chili-15ml-bio\/\" class=\"woocommerce-LoopProduct-link woocommerce-loop-product__link\"><img loading=\"lazy\" decoding=\"async\" width=\"600\" height=\"600\" src=\"https:\/\/www.mosquetas.com\/wp-content\/uploads\/2015\/06\/base-foto-1000x1000-15completo-600x600.webp\" class=\"attachment-woocommerce_thumbnail size-woocommerce_thumbnail\" alt=\"Huile de Rose Musqu\u00e9e du Chili 15ml - Bio\" srcset=\"https:\/\/www.mosquetas.com\/wp-content\/uploads\/2015\/06\/base-foto-1000x1000-15completo-600x600.webp 600w, https:\/\/www.mosquetas.com\/wp-content\/uploads\/2015\/06\/base-foto-1000x1000-15completo-100x100.webp 100w, https:\/\/www.mosquetas.com\/wp-content\/uploads\/2015\/06\/base-foto-1000x1000-15completo-300x300.webp 300w, https:\/\/www.mosquetas.com\/wp-content\/uploads\/2015\/06\/base-foto-1000x1000-15completo-150x150.webp 150w, https:\/\/www.mosquetas.com\/wp-content\/uploads\/2015\/06\/base-foto-1000x1000-15completo-768x768.webp 768w, https:\/\/www.mosquetas.com\/wp-content\/uploads\/2015\/06\/base-foto-1000x1000-15completo.webp 1000w\" sizes=\"auto, (max-width: 600px) 100vw, 600px\" \/><h2 class=\"woocommerce-loop-product__title\">Huile de Rose Musqu\u00e9e du Chili 15ml &#8211; Bio<\/h2>\n\t<span class=\"price\"><span class=\"woocommerce-Price-amount amount\"><bdi><span class=\"woocommerce-Price-currencySymbol\">&euro;<\/span>21,00<\/bdi><\/span><\/span>\n<\/a><a href=\"\/fr\/wp-json\/wp\/v2\/pages\/4636?add-to-cart=2487\" aria-describedby=\"woocommerce_loop_add_to_cart_link_describedby_2487\" data-quantity=\"1\" class=\"button product_type_simple add_to_cart_button ajax_add_to_cart\" data-product_id=\"2487\" data-product_sku=\"rosam15\" aria-label=\"Ajouter au panier\u00a0: &ldquo;Huile de Rose Musqu\u00e9e du Chili 15ml - Bio&rdquo;\" rel=\"nofollow\" data-success_message=\"\u00ab\u00a0Huile de Rose Musqu\u00e9e du Chili 15ml - Bio\u00a0\u00bb a \u00e9t\u00e9 ajout\u00e9 \u00e0 votre panier\" role=\"button\">Ajouter au panier<\/a>\t<span id=\"woocommerce_loop_add_to_cart_link_describedby_2487\" class=\"screen-reader-text\">\n\t\t\t<\/span>\n<\/li>\n<\/ul>\n<\/div>\n<h2>Huile essentielle h\u00e9lichryse bio<\/h2>\n<p>L\u2019<strong>huile essentielle h\u00e9lichryse bio<\/strong> (aussi appel\u00e9e \u00abImmortelle\u00bb), est un produit aux propri\u00e9t\u00e9s exceptionnelles, provenant de la plante aromatique italienne Helichrysum italicum Roth. Son efficacit\u00e9 sur les probl\u00e8mes de peau est connue depuis l\u2019antiquit\u00e9. Gr\u00e2ce \u00e0 une longue tradition d\u2019utilisation d\u2019herbes, l\u2019Helichrysum est reconnu pour ses avantages anti-inflammatoirs, tonifiants, d\u00e9congestionnants et cicatrisants en utilisant l\u2019<strong>huile essentielle h\u00e9lichryse bio<\/strong>. Son odeur caract\u00e9risque, aromatique et \u00e9pic\u00e9e, induit \u00e9galement la spiritualit\u00e9, de par sa capacit\u00e9 \u00e0 agir sur le plan psycho-\u00e9motionnel, et favorise l\u2019adaptation aux nouvelles situations et la lutte contre le stress. L\u2019<strong>huile essentielle h\u00e9lichryse bio<\/strong> Mosqueta\u2019s est bio de r\u00e9colte sauvage, en somme une huille essentielle aux propri\u00e9t\u00e9s exceptionnelles, \u00e0 avoir absolument avec soi!<br \/>\nEn autre on peut aussi d\u00e9couvrir nos cosm\u00e9tiques bio, qui associent les propri\u00e9t\u00e9s b\u00e9n\u00e9fiques de <a href=\"https:\/\/www.mosquetas.com\/fr\/huile-de-rose-mosqueta\/\">l&rsquo;huile de Rose Musqu\u00e9e<\/a> et de l&rsquo;huile d&rsquo;H\u00e9lichrysum, parfaits pour les peaux sensibles.<\/p>\n","protected":false},"excerpt":{"rendered":"<p>Huile essentielle h\u00e9lichryse bio L\u2019huile essentielle h\u00e9lichryse bio (aussi appel\u00e9e \u00abImmortelle\u00bb), est un produit aux propri\u00e9t\u00e9s exceptionnelles, provenant de la plante aromatique italienne Helichrysum italicum Roth. Son efficacit\u00e9 sur les probl\u00e8mes de peau est connue depuis l\u2019antiquit\u00e9. Gr\u00e2ce \u00e0 une longue tradition d\u2019utilisation d\u2019herbes, l\u2019Helichrysum est reconnu pour ses avantages anti-inflammatoirs, tonifiants, d\u00e9congestionnants et cicatrisants en utilisant l\u2019huile essentielle h\u00e9lichryse bio. Son odeur caract\u00e9risque, aromatique et \u00e9pic\u00e9e, induit \u00e9galement la spiritualit\u00e9, de par sa capacit\u00e9 \u00e0 agir sur le plan psycho-\u00e9motionnel, et favorise l\u2019adaptation aux nouvelles situations et la lutte contre le stress. L\u2019huile essentielle h\u00e9lichryse bio Mosqueta\u2019s est bio de r\u00e9colte sauvage, en somme une huille essentielle aux propri\u00e9t\u00e9s exceptionnelles, \u00e0 avoir absolument avec soi! En autre on peut aussi d\u00e9couvrir nos cosm\u00e9tiques bio, qui associent les propri\u00e9t\u00e9s b\u00e9n\u00e9fiques de l&rsquo;huile de Rose Musqu\u00e9e et de l&rsquo;huile d&rsquo;H\u00e9lichrysum, parfaits pour les peaux sensibles.<\/p>\n","protected":false},"author":2,"featured_media":0,"parent":0,"menu_order":0,"comment_status":"closed","ping_status":"closed","template":"","meta":{"footnotes":""},"class_list":["post-4636","page","type-page","status-publish","hentry"],"blocksy_meta":[],"_links":{"self":[{"href":"https:\/\/www.mosquetas.com\/fr\/wp-json\/wp\/v2\/pages\/4636","targetHints":{"allow":["GET"]}}],"collection":[{"href":"https:\/\/www.mosquetas.com\/fr\/wp-json\/wp\/v2\/pages"}],"about":[{"href":"https:\/\/www.mosquetas.com\/fr\/wp-json\/wp\/v2\/types\/page"}],"author":[{"embeddable":true,"href":"https:\/\/www.mosquetas.com\/fr\/wp-json\/wp\/v2\/users\/2"}],"replies":[{"embeddable":true,"href":"https:\/\/www.mosquetas.com\/fr\/wp-json\/wp\/v2\/comments?post=4636"}],"version-history":[{"count":0,"href":"https:\/\/www.mosquetas.com\/fr\/wp-json\/wp\/v2\/pages\/4636\/revisions"}],"wp:attachment":[{"href":"https:\/\/www.mosquetas.com\/fr\/wp-json\/wp\/v2\/media?parent=4636"}],"curies":[{"name":"wp","href":"https:\/\/api.w.org\/{rel}","templated":true}]}}