{"id":4635,"date":"2019-09-12T07:31:11","date_gmt":"2019-09-12T05:31:11","guid":{"rendered":"https:\/\/www.mosquetas.com\/huile-de-rose-musquee-du-chili-bio-avis\/"},"modified":"2019-09-12T07:31:11","modified_gmt":"2019-09-12T05:31:11","slug":"huile-de-rose-musquee-du-chili-bio-avis","status":"publish","type":"page","link":"https:\/\/www.mosquetas.com\/fr\/huile-de-rose-musquee-du-chili-bio-avis\/","title":{"rendered":"Huile de rose musqu\u00e9e du chili bio avis"},"content":{"rendered":"<div class=\"woocommerce columns-4 \"><ul class=\"products columns-4\" data-products=\"type-2\" data-hover=\"zoom-in\">\n<li class=\"product type-product post-2544 status-publish first instock product_cat-huiles has-post-thumbnail taxable shipping-taxable purchasable product-type-simple\">\n\t<a href=\"https:\/\/www.mosquetas.com\/fr\/pr\/rose-dor-huile-vierge-de-rose-musquee-immortelle-bio-30ml-bio\/\" class=\"woocommerce-LoopProduct-link woocommerce-loop-product__link\"><img loading=\"lazy\" decoding=\"async\" width=\"600\" height=\"600\" src=\"https:\/\/www.mosquetas.com\/wp-content\/uploads\/2019\/09\/base-foto-1000x1000-ror-600x600.webp\" class=\"attachment-woocommerce_thumbnail size-woocommerce_thumbnail\" alt=\"Rose d\u2019Or \u2013 Huile Vierge de Rose Musqu\u00e9e + Immortelle \u2013 30ml \u2013 Bio\" srcset=\"https:\/\/www.mosquetas.com\/wp-content\/uploads\/2019\/09\/base-foto-1000x1000-ror-600x600.webp 600w, https:\/\/www.mosquetas.com\/wp-content\/uploads\/2019\/09\/base-foto-1000x1000-ror-100x100.webp 100w, https:\/\/www.mosquetas.com\/wp-content\/uploads\/2019\/09\/base-foto-1000x1000-ror-300x300.webp 300w, https:\/\/www.mosquetas.com\/wp-content\/uploads\/2019\/09\/base-foto-1000x1000-ror-150x150.webp 150w, https:\/\/www.mosquetas.com\/wp-content\/uploads\/2019\/09\/base-foto-1000x1000-ror-768x768.webp 768w, https:\/\/www.mosquetas.com\/wp-content\/uploads\/2019\/09\/base-foto-1000x1000-ror.webp 1000w\" sizes=\"auto, (max-width: 600px) 100vw, 600px\" \/><h2 class=\"woocommerce-loop-product__title\">Rose d\u2019Or \u2013 Huile Vierge de Rose Musqu\u00e9e + Immortelle \u2013 30ml \u2013 Bio<\/h2>\n\t<span class=\"price\"><span class=\"woocommerce-Price-amount amount\"><bdi><span class=\"woocommerce-Price-currencySymbol\">&euro;<\/span>33,40<\/bdi><\/span><\/span>\n<\/a><a href=\"\/fr\/wp-json\/wp\/v2\/pages\/4635?add-to-cart=2544\" aria-describedby=\"woocommerce_loop_add_to_cart_link_describedby_2544\" data-quantity=\"1\" class=\"button product_type_simple add_to_cart_button ajax_add_to_cart\" data-product_id=\"2544\" data-product_sku=\"ROSOR\" aria-label=\"Ajouter au panier\u00a0: &ldquo;Rose d\u2019Or \u2013 Huile Vierge de Rose Musqu\u00e9e + Immortelle \u2013 30ml \u2013 Bio&rdquo;\" rel=\"nofollow\" data-success_message=\"\u00ab\u00a0Rose d\u2019Or \u2013 Huile Vierge de Rose Musqu\u00e9e + Immortelle \u2013 30ml \u2013 Bio\u00a0\u00bb a \u00e9t\u00e9 ajout\u00e9 \u00e0 votre panier\" role=\"button\">Ajouter au panier<\/a>\t<span id=\"woocommerce_loop_add_to_cart_link_describedby_2544\" class=\"screen-reader-text\">\n\t\t\t<\/span>\n<\/li>\n<li class=\"product type-product post-2479 status-publish instock product_cat-huiles has-post-thumbnail taxable shipping-taxable purchasable product-type-simple\">\n\t<a href=\"https:\/\/www.mosquetas.com\/fr\/pr\/huile-vierge-de-rose-musquee-rose-de-damas-bio\/\" class=\"woocommerce-LoopProduct-link woocommerce-loop-product__link\"><img loading=\"lazy\" decoding=\"async\" width=\"600\" height=\"600\" src=\"https:\/\/www.mosquetas.com\/wp-content\/uploads\/2015\/07\/base-foto-1000x1000-rr-completo--600x600.webp\" class=\"attachment-woocommerce_thumbnail size-woocommerce_thumbnail\" alt=\"Huile Vierge de Rose Musqu\u00e9e + Rose de Damas \u2013 Bio\" srcset=\"https:\/\/www.mosquetas.com\/wp-content\/uploads\/2015\/07\/base-foto-1000x1000-rr-completo--600x600.webp 600w, https:\/\/www.mosquetas.com\/wp-content\/uploads\/2015\/07\/base-foto-1000x1000-rr-completo--100x100.webp 100w, https:\/\/www.mosquetas.com\/wp-content\/uploads\/2015\/07\/base-foto-1000x1000-rr-completo--300x300.webp 300w, https:\/\/www.mosquetas.com\/wp-content\/uploads\/2015\/07\/base-foto-1000x1000-rr-completo--150x150.webp 150w, https:\/\/www.mosquetas.com\/wp-content\/uploads\/2015\/07\/base-foto-1000x1000-rr-completo--768x768.webp 768w, https:\/\/www.mosquetas.com\/wp-content\/uploads\/2015\/07\/base-foto-1000x1000-rr-completo-.webp 1000w\" sizes=\"auto, (max-width: 600px) 100vw, 600px\" \/><h2 class=\"woocommerce-loop-product__title\">Huile Vierge de Rose Musqu\u00e9e + Rose de Damas \u2013 Bio<\/h2>\n\t<span class=\"price\"><span class=\"woocommerce-Price-amount amount\"><bdi><span class=\"woocommerce-Price-currencySymbol\">&euro;<\/span>36,00<\/bdi><\/span><\/span>\n<\/a><a href=\"\/fr\/wp-json\/wp\/v2\/pages\/4635?add-to-cart=2479\" aria-describedby=\"woocommerce_loop_add_to_cart_link_describedby_2479\" data-quantity=\"1\" class=\"button product_type_simple add_to_cart_button ajax_add_to_cart\" data-product_id=\"2479\" data-product_sku=\"ROSAM30RR\" aria-label=\"Ajouter au panier\u00a0: &ldquo;Huile Vierge de Rose Musqu\u00e9e + Rose de Damas \u2013 Bio&rdquo;\" rel=\"nofollow\" data-success_message=\"\u00ab\u00a0Huile Vierge de Rose Musqu\u00e9e + Rose de Damas \u2013 Bio\u00a0\u00bb a \u00e9t\u00e9 ajout\u00e9 \u00e0 votre panier\" role=\"button\">Ajouter au panier<\/a>\t<span id=\"woocommerce_loop_add_to_cart_link_describedby_2479\" class=\"screen-reader-text\">\n\t\t\t<\/span>\n<\/li>\n<li class=\"product type-product post-2485 status-publish instock product_cat-huiles has-post-thumbnail featured taxable shipping-taxable purchasable product-type-simple\">\n\t<a href=\"https:\/\/www.mosquetas.com\/fr\/pr\/huile-de-rose-musquee-du-chili-50ml-bio\/\" class=\"woocommerce-LoopProduct-link woocommerce-loop-product__link\"><img loading=\"lazy\" decoding=\"async\" width=\"600\" height=\"600\" src=\"https:\/\/www.mosquetas.com\/wp-content\/uploads\/2015\/07\/base-foto-1000x1000_50ml-completo-600x600.webp\" class=\"attachment-woocommerce_thumbnail size-woocommerce_thumbnail\" alt=\"Huile de Rose Musqu\u00e9e du Chili 50ml - Bio\" srcset=\"https:\/\/www.mosquetas.com\/wp-content\/uploads\/2015\/07\/base-foto-1000x1000_50ml-completo-600x600.webp 600w, https:\/\/www.mosquetas.com\/wp-content\/uploads\/2015\/07\/base-foto-1000x1000_50ml-completo-100x100.webp 100w, https:\/\/www.mosquetas.com\/wp-content\/uploads\/2015\/07\/base-foto-1000x1000_50ml-completo-300x300.webp 300w, https:\/\/www.mosquetas.com\/wp-content\/uploads\/2015\/07\/base-foto-1000x1000_50ml-completo-150x150.webp 150w, https:\/\/www.mosquetas.com\/wp-content\/uploads\/2015\/07\/base-foto-1000x1000_50ml-completo-768x768.webp 768w, https:\/\/www.mosquetas.com\/wp-content\/uploads\/2015\/07\/base-foto-1000x1000_50ml-completo.webp 1000w\" sizes=\"auto, (max-width: 600px) 100vw, 600px\" \/><h2 class=\"woocommerce-loop-product__title\">Huile de Rose Musqu\u00e9e du Chili 50ml &#8211; Bio<\/h2>\n\t<span class=\"price\"><span class=\"woocommerce-Price-amount amount\"><bdi><span class=\"woocommerce-Price-currencySymbol\">&euro;<\/span>43,00<\/bdi><\/span><\/span>\n<\/a><a href=\"\/fr\/wp-json\/wp\/v2\/pages\/4635?add-to-cart=2485\" aria-describedby=\"woocommerce_loop_add_to_cart_link_describedby_2485\" data-quantity=\"1\" class=\"button product_type_simple add_to_cart_button ajax_add_to_cart\" data-product_id=\"2485\" data-product_sku=\"ROSAM50\" aria-label=\"Ajouter au panier\u00a0: &ldquo;Huile de Rose Musqu\u00e9e du Chili 50ml - Bio&rdquo;\" rel=\"nofollow\" data-success_message=\"\u00ab\u00a0Huile de Rose Musqu\u00e9e du Chili 50ml - Bio\u00a0\u00bb a \u00e9t\u00e9 ajout\u00e9 \u00e0 votre panier\" role=\"button\">Ajouter au panier<\/a>\t<span id=\"woocommerce_loop_add_to_cart_link_describedby_2485\" class=\"screen-reader-text\">\n\t\t\t<\/span>\n<\/li>\n<li class=\"product type-product post-2486 status-publish last instock product_cat-huiles has-post-thumbnail taxable shipping-taxable purchasable product-type-simple\">\n\t<a href=\"https:\/\/www.mosquetas.com\/fr\/pr\/huile-de-rose-musquee-du-chili-30ml-bio\/\" class=\"woocommerce-LoopProduct-link woocommerce-loop-product__link\"><img loading=\"lazy\" decoding=\"async\" width=\"600\" height=\"600\" src=\"https:\/\/www.mosquetas.com\/wp-content\/uploads\/2015\/07\/base-foto-1000x1000_30ml-completo-600x600.webp\" class=\"attachment-woocommerce_thumbnail size-woocommerce_thumbnail\" alt=\"Huile de Rose Musqu\u00e9e du Chili 30ml - Bio\" srcset=\"https:\/\/www.mosquetas.com\/wp-content\/uploads\/2015\/07\/base-foto-1000x1000_30ml-completo-600x600.webp 600w, https:\/\/www.mosquetas.com\/wp-content\/uploads\/2015\/07\/base-foto-1000x1000_30ml-completo-100x100.webp 100w, https:\/\/www.mosquetas.com\/wp-content\/uploads\/2015\/07\/base-foto-1000x1000_30ml-completo-300x300.webp 300w, https:\/\/www.mosquetas.com\/wp-content\/uploads\/2015\/07\/base-foto-1000x1000_30ml-completo-150x150.webp 150w, https:\/\/www.mosquetas.com\/wp-content\/uploads\/2015\/07\/base-foto-1000x1000_30ml-completo-768x768.webp 768w, https:\/\/www.mosquetas.com\/wp-content\/uploads\/2015\/07\/base-foto-1000x1000_30ml-completo.webp 1000w\" sizes=\"auto, (max-width: 600px) 100vw, 600px\" \/><h2 class=\"woocommerce-loop-product__title\">Huile de Rose Musqu\u00e9e du Chili 30ml &#8211; Bio<\/h2>\n\t<span class=\"price\"><span class=\"woocommerce-Price-amount amount\"><bdi><span class=\"woocommerce-Price-currencySymbol\">&euro;<\/span>32,00<\/bdi><\/span><\/span>\n<\/a><a href=\"\/fr\/wp-json\/wp\/v2\/pages\/4635?add-to-cart=2486\" aria-describedby=\"woocommerce_loop_add_to_cart_link_describedby_2486\" data-quantity=\"1\" class=\"button product_type_simple add_to_cart_button ajax_add_to_cart\" data-product_id=\"2486\" data-product_sku=\"ROSAM30\" aria-label=\"Ajouter au panier\u00a0: &ldquo;Huile de Rose Musqu\u00e9e du Chili 30ml - Bio&rdquo;\" rel=\"nofollow\" data-success_message=\"\u00ab\u00a0Huile de Rose Musqu\u00e9e du Chili 30ml - Bio\u00a0\u00bb a \u00e9t\u00e9 ajout\u00e9 \u00e0 votre panier\" role=\"button\">Ajouter au panier<\/a>\t<span id=\"woocommerce_loop_add_to_cart_link_describedby_2486\" class=\"screen-reader-text\">\n\t\t\t<\/span>\n<\/li>\n<li class=\"product type-product post-2487 status-publish first instock product_cat-huiles has-post-thumbnail taxable shipping-taxable purchasable product-type-simple\">\n\t<a href=\"https:\/\/www.mosquetas.com\/fr\/pr\/huile-de-rose-musquee-du-chili-15ml-bio\/\" class=\"woocommerce-LoopProduct-link woocommerce-loop-product__link\"><img loading=\"lazy\" decoding=\"async\" width=\"600\" height=\"600\" src=\"https:\/\/www.mosquetas.com\/wp-content\/uploads\/2015\/06\/base-foto-1000x1000-15completo-600x600.webp\" class=\"attachment-woocommerce_thumbnail size-woocommerce_thumbnail\" alt=\"Huile de Rose Musqu\u00e9e du Chili 15ml - Bio\" srcset=\"https:\/\/www.mosquetas.com\/wp-content\/uploads\/2015\/06\/base-foto-1000x1000-15completo-600x600.webp 600w, https:\/\/www.mosquetas.com\/wp-content\/uploads\/2015\/06\/base-foto-1000x1000-15completo-100x100.webp 100w, https:\/\/www.mosquetas.com\/wp-content\/uploads\/2015\/06\/base-foto-1000x1000-15completo-300x300.webp 300w, https:\/\/www.mosquetas.com\/wp-content\/uploads\/2015\/06\/base-foto-1000x1000-15completo-150x150.webp 150w, https:\/\/www.mosquetas.com\/wp-content\/uploads\/2015\/06\/base-foto-1000x1000-15completo-768x768.webp 768w, https:\/\/www.mosquetas.com\/wp-content\/uploads\/2015\/06\/base-foto-1000x1000-15completo.webp 1000w\" sizes=\"auto, (max-width: 600px) 100vw, 600px\" \/><h2 class=\"woocommerce-loop-product__title\">Huile de Rose Musqu\u00e9e du Chili 15ml &#8211; Bio<\/h2>\n\t<span class=\"price\"><span class=\"woocommerce-Price-amount amount\"><bdi><span class=\"woocommerce-Price-currencySymbol\">&euro;<\/span>21,00<\/bdi><\/span><\/span>\n<\/a><a href=\"\/fr\/wp-json\/wp\/v2\/pages\/4635?add-to-cart=2487\" aria-describedby=\"woocommerce_loop_add_to_cart_link_describedby_2487\" data-quantity=\"1\" class=\"button product_type_simple add_to_cart_button ajax_add_to_cart\" data-product_id=\"2487\" data-product_sku=\"rosam15\" aria-label=\"Ajouter au panier\u00a0: &ldquo;Huile de Rose Musqu\u00e9e du Chili 15ml - Bio&rdquo;\" rel=\"nofollow\" data-success_message=\"\u00ab\u00a0Huile de Rose Musqu\u00e9e du Chili 15ml - Bio\u00a0\u00bb a \u00e9t\u00e9 ajout\u00e9 \u00e0 votre panier\" role=\"button\">Ajouter au panier<\/a>\t<span id=\"woocommerce_loop_add_to_cart_link_describedby_2487\" class=\"screen-reader-text\">\n\t\t\t<\/span>\n<\/li>\n<\/ul>\n<\/div>\n<h2>Huile de rose musqu\u00e9e acn\u00e9 avis<\/h2>\n<p>Si vous \u00eates \u00e0 la recherche d\u2019avis sur l\u2019huile de rose musqu\u00e9e, vous \u00eates au bon endroit\u00a0: <strong>les huile de rose musqu\u00e9e du chili bio avis<\/strong> sont positifs selon nos utilisateurs, gr\u00e2ce aux nombreux bienfaits de cette huile pour la peau. L\u2019<a href=\"https:\/\/www.mosquetas.com\/fr\/huile-de-rose-mosqueta\/\">huile de rose mosqueta<\/a> n\u2019est pas seulement id\u00e9ale pour pr\u00e9server la jeunesse et l\u2019\u00e9clat de votre peau : elle est \u00e9galement utile en cas d\u2019acn\u00e9 ! Bien que nous ne pouvons pas le d\u00e9clarer sur mosquetas.com parce que cela n\u2019a pas \u00e9t\u00e9 scientifiquement prouv\u00e9, certains de nos utilisateurs ont d\u00e9clar\u00e9 avoir eu des avantages en utilisant l\u2019<a href=\"https:\/\/www.mosquetas.com\/fr\/huile-de-rose-musquee-bio-du-chili\/\">huile de rose musqu\u00e9e bio du chili<\/a> sur leurs cicatrices d\u2019acn\u00e9 : au fur et \u00e0 mesure des applications, celles-ci se sont fortement att\u00e9nu\u00e9es. Les huile de rose musqu\u00e9e acn\u00e9 avis sont donc tr\u00e8s positifs selon nos utilisateurs.<\/p>\n<h2>Huile de rose musqu\u00e9e vergetures<\/h2>\n<p>En plus de r\u00e9duire les cicatrices d\u2019acn\u00e9, les <strong>huile de rose musqu\u00e9e du chili bio avis<\/strong> sont aussi positifs selon nos utilisateurs pour les vergetures. L\u2019<strong>huile de rose musqu\u00e9e vergetures<\/strong> permet d\u2019att\u00e9nuer efficacement les cicatrices dues \u00e0 la prise \/ perte de poids rapide, notamment lors de la grossesse. Les <strong>huile de rose musqu\u00e9e avis vergetures<\/strong> sont excellents d\u2019apr\u00e8s nos utilisateurs. Alors n\u2019h\u00e9sitez plus, et testez cette huile exceptionnelle pour une peau \u00e9clatante et sans cicatrices\u00a0!<\/p>\n","protected":false},"excerpt":{"rendered":"<p>Huile de rose musqu\u00e9e acn\u00e9 avis Si vous \u00eates \u00e0 la recherche d\u2019avis sur l\u2019huile de rose musqu\u00e9e, vous \u00eates au bon endroit\u00a0: les huile de rose musqu\u00e9e du chili bio avis sont positifs selon nos utilisateurs, gr\u00e2ce aux nombreux bienfaits de cette huile pour la peau. L\u2019huile de rose mosqueta n\u2019est pas seulement id\u00e9ale pour pr\u00e9server la jeunesse et l\u2019\u00e9clat de votre peau : elle est \u00e9galement utile en cas d\u2019acn\u00e9 ! Bien que nous ne pouvons pas le d\u00e9clarer sur mosquetas.com parce que cela n\u2019a pas \u00e9t\u00e9 scientifiquement prouv\u00e9, certains de nos utilisateurs ont d\u00e9clar\u00e9 avoir eu des avantages en utilisant l\u2019huile de rose musqu\u00e9e bio du chili sur leurs cicatrices d\u2019acn\u00e9 : au fur et \u00e0 mesure des applications, celles-ci se sont fortement att\u00e9nu\u00e9es. Les huile de rose musqu\u00e9e acn\u00e9 avis sont donc tr\u00e8s positifs selon nos utilisateurs. Huile de rose musqu\u00e9e vergetures En plus de r\u00e9duire les cicatrices d\u2019acn\u00e9, les huile de rose musqu\u00e9e du chili bio avis sont aussi positifs selon nos utilisateurs pour les vergetures. L\u2019huile de rose musqu\u00e9e vergetures permet d\u2019att\u00e9nuer efficacement les cicatrices dues \u00e0 la prise \/ perte de poids rapide, notamment lors de la grossesse. Les huile de rose musqu\u00e9e avis vergetures sont excellents d\u2019apr\u00e8s nos utilisateurs. Alors n\u2019h\u00e9sitez plus, et testez cette huile exceptionnelle pour une peau \u00e9clatante et sans cicatrices\u00a0!<\/p>\n","protected":false},"author":2,"featured_media":0,"parent":0,"menu_order":0,"comment_status":"closed","ping_status":"closed","template":"","meta":{"footnotes":""},"class_list":["post-4635","page","type-page","status-publish","hentry"],"blocksy_meta":[],"_links":{"self":[{"href":"https:\/\/www.mosquetas.com\/fr\/wp-json\/wp\/v2\/pages\/4635","targetHints":{"allow":["GET"]}}],"collection":[{"href":"https:\/\/www.mosquetas.com\/fr\/wp-json\/wp\/v2\/pages"}],"about":[{"href":"https:\/\/www.mosquetas.com\/fr\/wp-json\/wp\/v2\/types\/page"}],"author":[{"embeddable":true,"href":"https:\/\/www.mosquetas.com\/fr\/wp-json\/wp\/v2\/users\/2"}],"replies":[{"embeddable":true,"href":"https:\/\/www.mosquetas.com\/fr\/wp-json\/wp\/v2\/comments?post=4635"}],"version-history":[{"count":0,"href":"https:\/\/www.mosquetas.com\/fr\/wp-json\/wp\/v2\/pages\/4635\/revisions"}],"wp:attachment":[{"href":"https:\/\/www.mosquetas.com\/fr\/wp-json\/wp\/v2\/media?parent=4635"}],"curies":[{"name":"wp","href":"https:\/\/api.w.org\/{rel}","templated":true}]}}