{"id":4634,"date":"2019-08-29T07:34:55","date_gmt":"2019-08-29T05:34:55","guid":{"rendered":"https:\/\/www.mosquetas.com\/huile-de-rose-musquee-cheveux\/"},"modified":"2019-08-29T07:34:55","modified_gmt":"2019-08-29T05:34:55","slug":"huile-de-rose-musquee-cheveux","status":"publish","type":"page","link":"https:\/\/www.mosquetas.com\/fr\/huile-de-rose-musquee-cheveux\/","title":{"rendered":"Huile de rose musqu\u00e9e cheveux"},"content":{"rendered":"<div class=\"woocommerce columns-4 \"><ul class=\"products columns-4\" data-products=\"type-2\" data-hover=\"zoom-in\">\n<li class=\"product type-product post-2451 status-publish first instock product_cat-ligne-specifiques has-post-thumbnail taxable shipping-taxable purchasable product-type-simple\">\n\t<a href=\"https:\/\/www.mosquetas.com\/fr\/pr\/shampooing-doux-bio\/\" class=\"woocommerce-LoopProduct-link woocommerce-loop-product__link\"><img loading=\"lazy\" decoding=\"async\" width=\"600\" height=\"600\" src=\"https:\/\/www.mosquetas.com\/wp-content\/uploads\/2015\/07\/base-foto-1000x1000_shampoo-600x600.webp\" class=\"attachment-woocommerce_thumbnail size-woocommerce_thumbnail\" alt=\"Shampooing Doux \u2013 Bio\" srcset=\"https:\/\/www.mosquetas.com\/wp-content\/uploads\/2015\/07\/base-foto-1000x1000_shampoo-600x600.webp 600w, https:\/\/www.mosquetas.com\/wp-content\/uploads\/2015\/07\/base-foto-1000x1000_shampoo-100x100.webp 100w, https:\/\/www.mosquetas.com\/wp-content\/uploads\/2015\/07\/base-foto-1000x1000_shampoo-300x300.webp 300w, https:\/\/www.mosquetas.com\/wp-content\/uploads\/2015\/07\/base-foto-1000x1000_shampoo-150x150.webp 150w, https:\/\/www.mosquetas.com\/wp-content\/uploads\/2015\/07\/base-foto-1000x1000_shampoo-768x768.webp 768w, https:\/\/www.mosquetas.com\/wp-content\/uploads\/2015\/07\/base-foto-1000x1000_shampoo.webp 1000w\" sizes=\"auto, (max-width: 600px) 100vw, 600px\" \/><h2 class=\"woocommerce-loop-product__title\">Shampooing Doux \u2013 Bio<\/h2>\n\t<span class=\"price\"><span class=\"woocommerce-Price-amount amount\"><bdi><span class=\"woocommerce-Price-currencySymbol\">&euro;<\/span>10,80<\/bdi><\/span><\/span>\n<\/a><a href=\"\/fr\/wp-json\/wp\/v2\/pages\/4634?add-to-cart=2451\" aria-describedby=\"woocommerce_loop_add_to_cart_link_describedby_2451\" data-quantity=\"1\" class=\"button product_type_simple add_to_cart_button ajax_add_to_cart\" data-product_id=\"2451\" data-product_sku=\"SHA\" aria-label=\"Ajouter au panier\u00a0: &ldquo;Shampooing Doux \u2013 Bio&rdquo;\" rel=\"nofollow\" data-success_message=\"\u00ab\u00a0Shampooing Doux \u2013 Bio\u00a0\u00bb a \u00e9t\u00e9 ajout\u00e9 \u00e0 votre panier\" role=\"button\">Ajouter au panier<\/a>\t<span id=\"woocommerce_loop_add_to_cart_link_describedby_2451\" class=\"screen-reader-text\">\n\t\t\t<\/span>\n<\/li>\n<li class=\"product type-product post-2455 status-publish instock product_cat-ligne-specifiques has-post-thumbnail taxable shipping-taxable purchasable product-type-simple\">\n\t<a href=\"https:\/\/www.mosquetas.com\/fr\/pr\/gentle-soap-bio\/\" class=\"woocommerce-LoopProduct-link woocommerce-loop-product__link\"><img loading=\"lazy\" decoding=\"async\" width=\"600\" height=\"600\" src=\"https:\/\/www.mosquetas.com\/wp-content\/uploads\/2015\/07\/base-foto-1000x1000_sapone-600x600.webp\" class=\"attachment-woocommerce_thumbnail size-woocommerce_thumbnail\" alt=\"Savon Doux\" srcset=\"https:\/\/www.mosquetas.com\/wp-content\/uploads\/2015\/07\/base-foto-1000x1000_sapone-600x600.webp 600w, https:\/\/www.mosquetas.com\/wp-content\/uploads\/2015\/07\/base-foto-1000x1000_sapone-100x100.webp 100w, https:\/\/www.mosquetas.com\/wp-content\/uploads\/2015\/07\/base-foto-1000x1000_sapone-300x300.webp 300w, https:\/\/www.mosquetas.com\/wp-content\/uploads\/2015\/07\/base-foto-1000x1000_sapone-150x150.webp 150w, https:\/\/www.mosquetas.com\/wp-content\/uploads\/2015\/07\/base-foto-1000x1000_sapone-768x768.webp 768w, https:\/\/www.mosquetas.com\/wp-content\/uploads\/2015\/07\/base-foto-1000x1000_sapone.webp 1000w\" sizes=\"auto, (max-width: 600px) 100vw, 600px\" \/><h2 class=\"woocommerce-loop-product__title\">Savon Doux<\/h2>\n\t<span class=\"price\"><span class=\"woocommerce-Price-amount amount\"><bdi><span class=\"woocommerce-Price-currencySymbol\">&euro;<\/span>5,90<\/bdi><\/span><\/span>\n<\/a><a href=\"\/fr\/wp-json\/wp\/v2\/pages\/4634?add-to-cart=2455\" aria-describedby=\"woocommerce_loop_add_to_cart_link_describedby_2455\" data-quantity=\"1\" class=\"button product_type_simple add_to_cart_button ajax_add_to_cart\" data-product_id=\"2455\" data-product_sku=\"SAP\" aria-label=\"Ajouter au panier\u00a0: &ldquo;Savon Doux&rdquo;\" rel=\"nofollow\" data-success_message=\"\u00ab\u00a0Savon Doux\u00a0\u00bb a \u00e9t\u00e9 ajout\u00e9 \u00e0 votre panier\" role=\"button\">Ajouter au panier<\/a>\t<span id=\"woocommerce_loop_add_to_cart_link_describedby_2455\" class=\"screen-reader-text\">\n\t\t\t<\/span>\n<\/li>\n<li class=\"product type-product post-2459 status-publish outofstock product_cat-ligne-specifiques has-post-thumbnail taxable shipping-taxable purchasable product-type-simple\">\n\t<a href=\"https:\/\/www.mosquetas.com\/fr\/pr\/soin-des-levres-bio\/\" class=\"woocommerce-LoopProduct-link woocommerce-loop-product__link\"><img loading=\"lazy\" decoding=\"async\" width=\"600\" height=\"600\" src=\"https:\/\/www.mosquetas.com\/wp-content\/uploads\/2015\/07\/base-foto-1000x1000_stick-600x600.webp\" class=\"attachment-woocommerce_thumbnail size-woocommerce_thumbnail\" alt=\"Soin des L\u00e8vres \u2013 Bio\" srcset=\"https:\/\/www.mosquetas.com\/wp-content\/uploads\/2015\/07\/base-foto-1000x1000_stick-600x600.webp 600w, https:\/\/www.mosquetas.com\/wp-content\/uploads\/2015\/07\/base-foto-1000x1000_stick-100x100.webp 100w, https:\/\/www.mosquetas.com\/wp-content\/uploads\/2015\/07\/base-foto-1000x1000_stick-300x300.webp 300w, https:\/\/www.mosquetas.com\/wp-content\/uploads\/2015\/07\/base-foto-1000x1000_stick-150x150.webp 150w, https:\/\/www.mosquetas.com\/wp-content\/uploads\/2015\/07\/base-foto-1000x1000_stick-768x768.webp 768w, https:\/\/www.mosquetas.com\/wp-content\/uploads\/2015\/07\/base-foto-1000x1000_stick.webp 1000w\" sizes=\"auto, (max-width: 600px) 100vw, 600px\" \/><h2 class=\"woocommerce-loop-product__title\">Soin des L\u00e8vres \u2013 Bio<\/h2>\n\t<span class=\"price\"><span class=\"woocommerce-Price-amount amount\"><bdi><span class=\"woocommerce-Price-currencySymbol\">&euro;<\/span>9,00<\/bdi><\/span><\/span>\n<\/a><a href=\"https:\/\/www.mosquetas.com\/fr\/pr\/soin-des-levres-bio\/\" aria-describedby=\"woocommerce_loop_add_to_cart_link_describedby_2459\" data-quantity=\"1\" class=\"button product_type_simple\" data-product_id=\"2459\" data-product_sku=\"STICK\" aria-label=\"En savoir plus sur &ldquo;Soin des L\u00e8vres \u2013 Bio&rdquo;\" rel=\"nofollow\" data-success_message=\"\">Lire la suite<\/a>\t<span id=\"woocommerce_loop_add_to_cart_link_describedby_2459\" class=\"screen-reader-text\">\n\t\t\t<\/span>\n<\/li>\n<li class=\"product type-product post-2463 status-publish last outofstock product_cat-ligne-specifiques has-post-thumbnail featured taxable shipping-taxable purchasable product-type-simple\">\n\t<a href=\"https:\/\/www.mosquetas.com\/fr\/pr\/creme-mains-a-la-rose-musquee-bio\/\" class=\"woocommerce-LoopProduct-link woocommerce-loop-product__link\"><img loading=\"lazy\" decoding=\"async\" width=\"600\" height=\"600\" src=\"https:\/\/www.mosquetas.com\/wp-content\/uploads\/2015\/07\/base-foto-1000x1000_crema-mani-600x600.webp\" class=\"attachment-woocommerce_thumbnail size-woocommerce_thumbnail\" alt=\"Cr\u00e8me Mains \u00e0 la Rose Musqu\u00e9e \u2013 Bio\" srcset=\"https:\/\/www.mosquetas.com\/wp-content\/uploads\/2015\/07\/base-foto-1000x1000_crema-mani-600x600.webp 600w, https:\/\/www.mosquetas.com\/wp-content\/uploads\/2015\/07\/base-foto-1000x1000_crema-mani-100x100.webp 100w, https:\/\/www.mosquetas.com\/wp-content\/uploads\/2015\/07\/base-foto-1000x1000_crema-mani-300x300.webp 300w, https:\/\/www.mosquetas.com\/wp-content\/uploads\/2015\/07\/base-foto-1000x1000_crema-mani-150x150.webp 150w, https:\/\/www.mosquetas.com\/wp-content\/uploads\/2015\/07\/base-foto-1000x1000_crema-mani-768x768.webp 768w, https:\/\/www.mosquetas.com\/wp-content\/uploads\/2015\/07\/base-foto-1000x1000_crema-mani.webp 1000w\" sizes=\"auto, (max-width: 600px) 100vw, 600px\" \/><h2 class=\"woocommerce-loop-product__title\">Cr\u00e8me Mains \u00e0 la Rose Musqu\u00e9e \u2013 Bio<\/h2>\n\t<span class=\"price\"><span class=\"woocommerce-Price-amount amount\"><bdi><span class=\"woocommerce-Price-currencySymbol\">&euro;<\/span>14,90<\/bdi><\/span><\/span>\n<\/a><a href=\"https:\/\/www.mosquetas.com\/fr\/pr\/creme-mains-a-la-rose-musquee-bio\/\" aria-describedby=\"woocommerce_loop_add_to_cart_link_describedby_2463\" data-quantity=\"1\" class=\"button product_type_simple\" data-product_id=\"2463\" data-product_sku=\"ITCM\" aria-label=\"En savoir plus sur &ldquo;Cr\u00e8me Mains \u00e0 la Rose Musqu\u00e9e \u2013 Bio&rdquo;\" rel=\"nofollow\" data-success_message=\"\">Lire la suite<\/a>\t<span id=\"woocommerce_loop_add_to_cart_link_describedby_2463\" class=\"screen-reader-text\">\n\t\t\t<\/span>\n<\/li>\n<li class=\"product type-product post-2467 status-publish first instock product_cat-ligne-specifiques has-post-thumbnail taxable shipping-taxable purchasable product-type-simple\">\n\t<a href=\"https:\/\/www.mosquetas.com\/fr\/pr\/gel-jambes-relax-bio\/\" class=\"woocommerce-LoopProduct-link woocommerce-loop-product__link\"><img loading=\"lazy\" decoding=\"async\" width=\"600\" height=\"600\" src=\"https:\/\/www.mosquetas.com\/wp-content\/uploads\/2015\/07\/base-foto-1000x1000_gel-gambe-600x600.webp\" class=\"attachment-woocommerce_thumbnail size-woocommerce_thumbnail\" alt=\"Gel Jambes Relax \u2013 Bio\" srcset=\"https:\/\/www.mosquetas.com\/wp-content\/uploads\/2015\/07\/base-foto-1000x1000_gel-gambe-600x600.webp 600w, https:\/\/www.mosquetas.com\/wp-content\/uploads\/2015\/07\/base-foto-1000x1000_gel-gambe-100x100.webp 100w, https:\/\/www.mosquetas.com\/wp-content\/uploads\/2015\/07\/base-foto-1000x1000_gel-gambe-300x300.webp 300w, https:\/\/www.mosquetas.com\/wp-content\/uploads\/2015\/07\/base-foto-1000x1000_gel-gambe-150x150.webp 150w, https:\/\/www.mosquetas.com\/wp-content\/uploads\/2015\/07\/base-foto-1000x1000_gel-gambe-768x768.webp 768w, https:\/\/www.mosquetas.com\/wp-content\/uploads\/2015\/07\/base-foto-1000x1000_gel-gambe.webp 1000w\" sizes=\"auto, (max-width: 600px) 100vw, 600px\" \/><h2 class=\"woocommerce-loop-product__title\">Gel Jambes Relax \u2013 Bio<\/h2>\n\t<span class=\"price\"><span class=\"woocommerce-Price-amount amount\"><bdi><span class=\"woocommerce-Price-currencySymbol\">&euro;<\/span>18,00<\/bdi><\/span><\/span>\n<\/a><a href=\"\/fr\/wp-json\/wp\/v2\/pages\/4634?add-to-cart=2467\" aria-describedby=\"woocommerce_loop_add_to_cart_link_describedby_2467\" data-quantity=\"1\" class=\"button product_type_simple add_to_cart_button ajax_add_to_cart\" data-product_id=\"2467\" data-product_sku=\"ITCREL\" aria-label=\"Ajouter au panier\u00a0: &ldquo;Gel Jambes Relax \u2013 Bio&rdquo;\" rel=\"nofollow\" data-success_message=\"\u00ab\u00a0Gel Jambes Relax \u2013 Bio\u00a0\u00bb a \u00e9t\u00e9 ajout\u00e9 \u00e0 votre panier\" role=\"button\">Ajouter au panier<\/a>\t<span id=\"woocommerce_loop_add_to_cart_link_describedby_2467\" class=\"screen-reader-text\">\n\t\t\t<\/span>\n<\/li>\n<li class=\"product type-product post-2471 status-publish outofstock product_cat-ligne-specifiques has-post-thumbnail taxable shipping-taxable purchasable product-type-simple\">\n\t<a href=\"https:\/\/www.mosquetas.com\/fr\/pr\/cicabaume-bio\/\" class=\"woocommerce-LoopProduct-link woocommerce-loop-product__link\"><img loading=\"lazy\" decoding=\"async\" width=\"600\" height=\"600\" src=\"https:\/\/www.mosquetas.com\/wp-content\/uploads\/2015\/07\/base-foto-1000x1000_cicabaume-600x600.webp\" class=\"attachment-woocommerce_thumbnail size-woocommerce_thumbnail\" alt=\"Cicabaume\u00ae - Bio\" srcset=\"https:\/\/www.mosquetas.com\/wp-content\/uploads\/2015\/07\/base-foto-1000x1000_cicabaume-600x600.webp 600w, https:\/\/www.mosquetas.com\/wp-content\/uploads\/2015\/07\/base-foto-1000x1000_cicabaume-100x100.webp 100w, https:\/\/www.mosquetas.com\/wp-content\/uploads\/2015\/07\/base-foto-1000x1000_cicabaume-300x300.webp 300w, https:\/\/www.mosquetas.com\/wp-content\/uploads\/2015\/07\/base-foto-1000x1000_cicabaume-150x150.webp 150w, https:\/\/www.mosquetas.com\/wp-content\/uploads\/2015\/07\/base-foto-1000x1000_cicabaume-768x768.webp 768w, https:\/\/www.mosquetas.com\/wp-content\/uploads\/2015\/07\/base-foto-1000x1000_cicabaume.webp 1000w\" sizes=\"auto, (max-width: 600px) 100vw, 600px\" \/><h2 class=\"woocommerce-loop-product__title\">Cicabaume\u00ae &#8211; Bio<\/h2>\n\t<span class=\"price\"><span class=\"woocommerce-Price-amount amount\"><bdi><span class=\"woocommerce-Price-currencySymbol\">&euro;<\/span>23,40<\/bdi><\/span><\/span>\n<\/a><a href=\"https:\/\/www.mosquetas.com\/fr\/pr\/cicabaume-bio\/\" aria-describedby=\"woocommerce_loop_add_to_cart_link_describedby_2471\" data-quantity=\"1\" class=\"button product_type_simple\" data-product_id=\"2471\" data-product_sku=\"ITCBA\" aria-label=\"En savoir plus sur &ldquo;Cicabaume\u00ae - Bio&rdquo;\" rel=\"nofollow\" data-success_message=\"\">Lire la suite<\/a>\t<span id=\"woocommerce_loop_add_to_cart_link_describedby_2471\" class=\"screen-reader-text\">\n\t\t\t<\/span>\n<\/li>\n<li class=\"product type-product post-2475 status-publish outofstock product_cat-ligne-specifiques has-post-thumbnail taxable shipping-taxable purchasable product-type-simple\">\n\t<a href=\"https:\/\/www.mosquetas.com\/fr\/pr\/huile-seche-de-rose-musquee-bio\/\" class=\"woocommerce-LoopProduct-link woocommerce-loop-product__link\"><img loading=\"lazy\" decoding=\"async\" width=\"600\" height=\"600\" src=\"https:\/\/www.mosquetas.com\/wp-content\/uploads\/2015\/07\/base-foto-1000x1000_jolie-maman-600x600.webp\" class=\"attachment-woocommerce_thumbnail size-woocommerce_thumbnail\" alt=\"Huile S\u00e8che de Rose Musqu\u00e9e \u2013 Bio\" srcset=\"https:\/\/www.mosquetas.com\/wp-content\/uploads\/2015\/07\/base-foto-1000x1000_jolie-maman-600x600.webp 600w, https:\/\/www.mosquetas.com\/wp-content\/uploads\/2015\/07\/base-foto-1000x1000_jolie-maman-100x100.webp 100w, https:\/\/www.mosquetas.com\/wp-content\/uploads\/2015\/07\/base-foto-1000x1000_jolie-maman-300x300.webp 300w, https:\/\/www.mosquetas.com\/wp-content\/uploads\/2015\/07\/base-foto-1000x1000_jolie-maman-150x150.webp 150w, https:\/\/www.mosquetas.com\/wp-content\/uploads\/2015\/07\/base-foto-1000x1000_jolie-maman-768x768.webp 768w, https:\/\/www.mosquetas.com\/wp-content\/uploads\/2015\/07\/base-foto-1000x1000_jolie-maman.webp 1000w\" sizes=\"auto, (max-width: 600px) 100vw, 600px\" \/><h2 class=\"woocommerce-loop-product__title\">Huile S\u00e8che de Rose Musqu\u00e9e \u2013 Bio<\/h2>\n\t<span class=\"price\"><span class=\"woocommerce-Price-amount amount\"><bdi><span class=\"woocommerce-Price-currencySymbol\">&euro;<\/span>30,00<\/bdi><\/span><\/span>\n<\/a><a href=\"https:\/\/www.mosquetas.com\/fr\/pr\/huile-seche-de-rose-musquee-bio\/\" aria-describedby=\"woocommerce_loop_add_to_cart_link_describedby_2475\" data-quantity=\"1\" class=\"button product_type_simple\" data-product_id=\"2475\" data-product_sku=\"ITCOL\" aria-label=\"En savoir plus sur &ldquo;Huile S\u00e8che de Rose Musqu\u00e9e \u2013 Bio&rdquo;\" rel=\"nofollow\" data-success_message=\"\">Lire la suite<\/a>\t<span id=\"woocommerce_loop_add_to_cart_link_describedby_2475\" class=\"screen-reader-text\">\n\t\t\t<\/span>\n<\/li>\n<\/ul>\n<\/div>\n<h2>Huile de rose musqu\u00e9e cheveux: avis<\/h2>\n<p><strong>L\u2019huile de rose musqu\u00e9e cheveux<\/strong> est excellente pour traiter les cheveux abim\u00e9s, le cuir chevelu irrit\u00e9 et les pointes fourchues. Sa composition riche en acides gras, vitamine E et b\u00eata-carot\u00e8ne, favorise la r\u00e9g\u00e9n\u00e9ration des cheveux.<br \/>\nLes avis concernant l\u2019<a href=\"https:\/\/www.mosquetas.com\/fr\/huile-de-rose-mosqueta\/\">huile de rose mosqueta<\/a> pour les cheveux sont unanimes : cette huile v\u00e9g\u00e9tale est id\u00e9ale pour les cheveux secs, cassants et ternes. L\u2019<strong>huile de rose musqu\u00e9e cheveux avis<\/strong> sont tr\u00e8s positifs.<br \/>\nEn bain d\u2019huile avant le shampoing, l\u2019<strong>huile de rose musqu\u00e9e cheveux<\/strong> permet d\u2019adoucir les cheveux secs et de les fortifier, pour une chevelure \u00e9clatante de sant\u00e9 !<br \/>\nPour de meilleurs r\u00e9sultats, appliquez l\u2019huile de rose musqu\u00e9e sur vos cheveux le soir avant d\u2019aller<br \/>\ndormir. Laisser agir l\u2019huile toute la nuit permettra de r\u00e9g\u00e9n\u00e9rer vos cheveux en profondeur, et de<br \/>\ndire adieu au cuir chevelu sec et aux pointes fourchues !<br \/>\nN\u2019h\u00e9sitez pas \u00e0 tester et \u00e0 vous faire votre propre avis sur l\u2019huile de rose musqu\u00e9e pour les cheveux, nous sommes s\u00fbrs que vous obtiendrez d\u2019excellents r\u00e9sultats.<\/p>\n","protected":false},"excerpt":{"rendered":"<p>Huile de rose musqu\u00e9e cheveux: avis L\u2019huile de rose musqu\u00e9e cheveux est excellente pour traiter les cheveux abim\u00e9s, le cuir chevelu irrit\u00e9 et les pointes fourchues. Sa composition riche en acides gras, vitamine E et b\u00eata-carot\u00e8ne, favorise la r\u00e9g\u00e9n\u00e9ration des cheveux. Les avis concernant l\u2019huile de rose mosqueta pour les cheveux sont unanimes : cette huile v\u00e9g\u00e9tale est id\u00e9ale pour les cheveux secs, cassants et ternes. L\u2019huile de rose musqu\u00e9e cheveux avis sont tr\u00e8s positifs. En bain d\u2019huile avant le shampoing, l\u2019huile de rose musqu\u00e9e cheveux permet d\u2019adoucir les cheveux secs et de les fortifier, pour une chevelure \u00e9clatante de sant\u00e9 ! Pour de meilleurs r\u00e9sultats, appliquez l\u2019huile de rose musqu\u00e9e sur vos cheveux le soir avant d\u2019aller dormir. Laisser agir l\u2019huile toute la nuit permettra de r\u00e9g\u00e9n\u00e9rer vos cheveux en profondeur, et de dire adieu au cuir chevelu sec et aux pointes fourchues ! N\u2019h\u00e9sitez pas \u00e0 tester et \u00e0 vous faire votre propre avis sur l\u2019huile de rose musqu\u00e9e pour les cheveux, nous sommes s\u00fbrs que vous obtiendrez d\u2019excellents r\u00e9sultats.<\/p>\n","protected":false},"author":2,"featured_media":0,"parent":0,"menu_order":0,"comment_status":"closed","ping_status":"closed","template":"","meta":{"footnotes":""},"class_list":["post-4634","page","type-page","status-publish","hentry"],"blocksy_meta":[],"_links":{"self":[{"href":"https:\/\/www.mosquetas.com\/fr\/wp-json\/wp\/v2\/pages\/4634","targetHints":{"allow":["GET"]}}],"collection":[{"href":"https:\/\/www.mosquetas.com\/fr\/wp-json\/wp\/v2\/pages"}],"about":[{"href":"https:\/\/www.mosquetas.com\/fr\/wp-json\/wp\/v2\/types\/page"}],"author":[{"embeddable":true,"href":"https:\/\/www.mosquetas.com\/fr\/wp-json\/wp\/v2\/users\/2"}],"replies":[{"embeddable":true,"href":"https:\/\/www.mosquetas.com\/fr\/wp-json\/wp\/v2\/comments?post=4634"}],"version-history":[{"count":0,"href":"https:\/\/www.mosquetas.com\/fr\/wp-json\/wp\/v2\/pages\/4634\/revisions"}],"wp:attachment":[{"href":"https:\/\/www.mosquetas.com\/fr\/wp-json\/wp\/v2\/media?parent=4634"}],"curies":[{"name":"wp","href":"https:\/\/api.w.org\/{rel}","templated":true}]}}