{"id":4633,"date":"2019-08-29T07:16:43","date_gmt":"2019-08-29T05:16:43","guid":{"rendered":"https:\/\/www.mosquetas.com\/huile-de-rose-musquee-bio-du-chili\/"},"modified":"2019-08-29T07:16:43","modified_gmt":"2019-08-29T05:16:43","slug":"huile-de-rose-musquee-bio-du-chili","status":"publish","type":"page","link":"https:\/\/www.mosquetas.com\/fr\/huile-de-rose-musquee-bio-du-chili\/","title":{"rendered":"Huile de rose musqu\u00e9e bio du chili"},"content":{"rendered":"<div class=\"woocommerce columns-4 \"><ul class=\"products columns-4\" data-products=\"type-2\" data-hover=\"zoom-in\">\n<li class=\"product type-product post-2544 status-publish first instock product_cat-huiles has-post-thumbnail taxable shipping-taxable purchasable product-type-simple\">\n\t<a href=\"https:\/\/www.mosquetas.com\/fr\/pr\/rose-dor-huile-vierge-de-rose-musquee-immortelle-bio-30ml-bio\/\" class=\"woocommerce-LoopProduct-link woocommerce-loop-product__link\"><img loading=\"lazy\" decoding=\"async\" width=\"600\" height=\"600\" src=\"https:\/\/www.mosquetas.com\/wp-content\/uploads\/2019\/09\/base-foto-1000x1000-ror-600x600.webp\" class=\"attachment-woocommerce_thumbnail size-woocommerce_thumbnail\" alt=\"Rose d\u2019Or \u2013 Huile Vierge de Rose Musqu\u00e9e + Immortelle \u2013 30ml \u2013 Bio\" srcset=\"https:\/\/www.mosquetas.com\/wp-content\/uploads\/2019\/09\/base-foto-1000x1000-ror-600x600.webp 600w, https:\/\/www.mosquetas.com\/wp-content\/uploads\/2019\/09\/base-foto-1000x1000-ror-100x100.webp 100w, https:\/\/www.mosquetas.com\/wp-content\/uploads\/2019\/09\/base-foto-1000x1000-ror-300x300.webp 300w, https:\/\/www.mosquetas.com\/wp-content\/uploads\/2019\/09\/base-foto-1000x1000-ror-150x150.webp 150w, https:\/\/www.mosquetas.com\/wp-content\/uploads\/2019\/09\/base-foto-1000x1000-ror-768x768.webp 768w, https:\/\/www.mosquetas.com\/wp-content\/uploads\/2019\/09\/base-foto-1000x1000-ror.webp 1000w\" sizes=\"auto, (max-width: 600px) 100vw, 600px\" \/><h2 class=\"woocommerce-loop-product__title\">Rose d\u2019Or \u2013 Huile Vierge de Rose Musqu\u00e9e + Immortelle \u2013 30ml \u2013 Bio<\/h2>\n\t<span class=\"price\"><span class=\"woocommerce-Price-amount amount\"><bdi><span class=\"woocommerce-Price-currencySymbol\">&euro;<\/span>33,40<\/bdi><\/span><\/span>\n<\/a><a href=\"\/fr\/wp-json\/wp\/v2\/pages\/4633?add-to-cart=2544\" aria-describedby=\"woocommerce_loop_add_to_cart_link_describedby_2544\" data-quantity=\"1\" class=\"button product_type_simple add_to_cart_button ajax_add_to_cart\" data-product_id=\"2544\" data-product_sku=\"ROSOR\" aria-label=\"Ajouter au panier\u00a0: &ldquo;Rose d\u2019Or \u2013 Huile Vierge de Rose Musqu\u00e9e + Immortelle \u2013 30ml \u2013 Bio&rdquo;\" rel=\"nofollow\" data-success_message=\"\u00ab\u00a0Rose d\u2019Or \u2013 Huile Vierge de Rose Musqu\u00e9e + Immortelle \u2013 30ml \u2013 Bio\u00a0\u00bb a \u00e9t\u00e9 ajout\u00e9 \u00e0 votre panier\" role=\"button\">Ajouter au panier<\/a>\t<span id=\"woocommerce_loop_add_to_cart_link_describedby_2544\" class=\"screen-reader-text\">\n\t\t\t<\/span>\n<\/li>\n<li class=\"product type-product post-2479 status-publish instock product_cat-huiles has-post-thumbnail taxable shipping-taxable purchasable product-type-simple\">\n\t<a href=\"https:\/\/www.mosquetas.com\/fr\/pr\/huile-vierge-de-rose-musquee-rose-de-damas-bio\/\" class=\"woocommerce-LoopProduct-link woocommerce-loop-product__link\"><img loading=\"lazy\" decoding=\"async\" width=\"600\" height=\"600\" src=\"https:\/\/www.mosquetas.com\/wp-content\/uploads\/2015\/07\/base-foto-1000x1000-rr-completo--600x600.webp\" class=\"attachment-woocommerce_thumbnail size-woocommerce_thumbnail\" alt=\"Huile Vierge de Rose Musqu\u00e9e + Rose de Damas \u2013 Bio\" srcset=\"https:\/\/www.mosquetas.com\/wp-content\/uploads\/2015\/07\/base-foto-1000x1000-rr-completo--600x600.webp 600w, https:\/\/www.mosquetas.com\/wp-content\/uploads\/2015\/07\/base-foto-1000x1000-rr-completo--100x100.webp 100w, https:\/\/www.mosquetas.com\/wp-content\/uploads\/2015\/07\/base-foto-1000x1000-rr-completo--300x300.webp 300w, https:\/\/www.mosquetas.com\/wp-content\/uploads\/2015\/07\/base-foto-1000x1000-rr-completo--150x150.webp 150w, https:\/\/www.mosquetas.com\/wp-content\/uploads\/2015\/07\/base-foto-1000x1000-rr-completo--768x768.webp 768w, https:\/\/www.mosquetas.com\/wp-content\/uploads\/2015\/07\/base-foto-1000x1000-rr-completo-.webp 1000w\" sizes=\"auto, (max-width: 600px) 100vw, 600px\" \/><h2 class=\"woocommerce-loop-product__title\">Huile Vierge de Rose Musqu\u00e9e + Rose de Damas \u2013 Bio<\/h2>\n\t<span class=\"price\"><span class=\"woocommerce-Price-amount amount\"><bdi><span class=\"woocommerce-Price-currencySymbol\">&euro;<\/span>36,00<\/bdi><\/span><\/span>\n<\/a><a href=\"\/fr\/wp-json\/wp\/v2\/pages\/4633?add-to-cart=2479\" aria-describedby=\"woocommerce_loop_add_to_cart_link_describedby_2479\" data-quantity=\"1\" class=\"button product_type_simple add_to_cart_button ajax_add_to_cart\" data-product_id=\"2479\" data-product_sku=\"ROSAM30RR\" aria-label=\"Ajouter au panier\u00a0: &ldquo;Huile Vierge de Rose Musqu\u00e9e + Rose de Damas \u2013 Bio&rdquo;\" rel=\"nofollow\" data-success_message=\"\u00ab\u00a0Huile Vierge de Rose Musqu\u00e9e + Rose de Damas \u2013 Bio\u00a0\u00bb a \u00e9t\u00e9 ajout\u00e9 \u00e0 votre panier\" role=\"button\">Ajouter au panier<\/a>\t<span id=\"woocommerce_loop_add_to_cart_link_describedby_2479\" class=\"screen-reader-text\">\n\t\t\t<\/span>\n<\/li>\n<li class=\"product type-product post-2485 status-publish instock product_cat-huiles has-post-thumbnail featured taxable shipping-taxable purchasable product-type-simple\">\n\t<a href=\"https:\/\/www.mosquetas.com\/fr\/pr\/huile-de-rose-musquee-du-chili-50ml-bio\/\" class=\"woocommerce-LoopProduct-link woocommerce-loop-product__link\"><img loading=\"lazy\" decoding=\"async\" width=\"600\" height=\"600\" src=\"https:\/\/www.mosquetas.com\/wp-content\/uploads\/2015\/07\/base-foto-1000x1000_50ml-completo-600x600.webp\" class=\"attachment-woocommerce_thumbnail size-woocommerce_thumbnail\" alt=\"Huile de Rose Musqu\u00e9e du Chili 50ml - Bio\" srcset=\"https:\/\/www.mosquetas.com\/wp-content\/uploads\/2015\/07\/base-foto-1000x1000_50ml-completo-600x600.webp 600w, https:\/\/www.mosquetas.com\/wp-content\/uploads\/2015\/07\/base-foto-1000x1000_50ml-completo-100x100.webp 100w, https:\/\/www.mosquetas.com\/wp-content\/uploads\/2015\/07\/base-foto-1000x1000_50ml-completo-300x300.webp 300w, https:\/\/www.mosquetas.com\/wp-content\/uploads\/2015\/07\/base-foto-1000x1000_50ml-completo-150x150.webp 150w, https:\/\/www.mosquetas.com\/wp-content\/uploads\/2015\/07\/base-foto-1000x1000_50ml-completo-768x768.webp 768w, https:\/\/www.mosquetas.com\/wp-content\/uploads\/2015\/07\/base-foto-1000x1000_50ml-completo.webp 1000w\" sizes=\"auto, (max-width: 600px) 100vw, 600px\" \/><h2 class=\"woocommerce-loop-product__title\">Huile de Rose Musqu\u00e9e du Chili 50ml &#8211; Bio<\/h2>\n\t<span class=\"price\"><span class=\"woocommerce-Price-amount amount\"><bdi><span class=\"woocommerce-Price-currencySymbol\">&euro;<\/span>43,00<\/bdi><\/span><\/span>\n<\/a><a href=\"\/fr\/wp-json\/wp\/v2\/pages\/4633?add-to-cart=2485\" aria-describedby=\"woocommerce_loop_add_to_cart_link_describedby_2485\" data-quantity=\"1\" class=\"button product_type_simple add_to_cart_button ajax_add_to_cart\" data-product_id=\"2485\" data-product_sku=\"ROSAM50\" aria-label=\"Ajouter au panier\u00a0: &ldquo;Huile de Rose Musqu\u00e9e du Chili 50ml - Bio&rdquo;\" rel=\"nofollow\" data-success_message=\"\u00ab\u00a0Huile de Rose Musqu\u00e9e du Chili 50ml - Bio\u00a0\u00bb a \u00e9t\u00e9 ajout\u00e9 \u00e0 votre panier\" role=\"button\">Ajouter au panier<\/a>\t<span id=\"woocommerce_loop_add_to_cart_link_describedby_2485\" class=\"screen-reader-text\">\n\t\t\t<\/span>\n<\/li>\n<li class=\"product type-product post-2486 status-publish last instock product_cat-huiles has-post-thumbnail taxable shipping-taxable purchasable product-type-simple\">\n\t<a href=\"https:\/\/www.mosquetas.com\/fr\/pr\/huile-de-rose-musquee-du-chili-30ml-bio\/\" class=\"woocommerce-LoopProduct-link woocommerce-loop-product__link\"><img loading=\"lazy\" decoding=\"async\" width=\"600\" height=\"600\" src=\"https:\/\/www.mosquetas.com\/wp-content\/uploads\/2015\/07\/base-foto-1000x1000_30ml-completo-600x600.webp\" class=\"attachment-woocommerce_thumbnail size-woocommerce_thumbnail\" alt=\"Huile de Rose Musqu\u00e9e du Chili 30ml - Bio\" srcset=\"https:\/\/www.mosquetas.com\/wp-content\/uploads\/2015\/07\/base-foto-1000x1000_30ml-completo-600x600.webp 600w, https:\/\/www.mosquetas.com\/wp-content\/uploads\/2015\/07\/base-foto-1000x1000_30ml-completo-100x100.webp 100w, https:\/\/www.mosquetas.com\/wp-content\/uploads\/2015\/07\/base-foto-1000x1000_30ml-completo-300x300.webp 300w, https:\/\/www.mosquetas.com\/wp-content\/uploads\/2015\/07\/base-foto-1000x1000_30ml-completo-150x150.webp 150w, https:\/\/www.mosquetas.com\/wp-content\/uploads\/2015\/07\/base-foto-1000x1000_30ml-completo-768x768.webp 768w, https:\/\/www.mosquetas.com\/wp-content\/uploads\/2015\/07\/base-foto-1000x1000_30ml-completo.webp 1000w\" sizes=\"auto, (max-width: 600px) 100vw, 600px\" \/><h2 class=\"woocommerce-loop-product__title\">Huile de Rose Musqu\u00e9e du Chili 30ml &#8211; Bio<\/h2>\n\t<span class=\"price\"><span class=\"woocommerce-Price-amount amount\"><bdi><span class=\"woocommerce-Price-currencySymbol\">&euro;<\/span>32,00<\/bdi><\/span><\/span>\n<\/a><a href=\"\/fr\/wp-json\/wp\/v2\/pages\/4633?add-to-cart=2486\" aria-describedby=\"woocommerce_loop_add_to_cart_link_describedby_2486\" data-quantity=\"1\" class=\"button product_type_simple add_to_cart_button ajax_add_to_cart\" data-product_id=\"2486\" data-product_sku=\"ROSAM30\" aria-label=\"Ajouter au panier\u00a0: &ldquo;Huile de Rose Musqu\u00e9e du Chili 30ml - Bio&rdquo;\" rel=\"nofollow\" data-success_message=\"\u00ab\u00a0Huile de Rose Musqu\u00e9e du Chili 30ml - Bio\u00a0\u00bb a \u00e9t\u00e9 ajout\u00e9 \u00e0 votre panier\" role=\"button\">Ajouter au panier<\/a>\t<span id=\"woocommerce_loop_add_to_cart_link_describedby_2486\" class=\"screen-reader-text\">\n\t\t\t<\/span>\n<\/li>\n<li class=\"product type-product post-2487 status-publish first instock product_cat-huiles has-post-thumbnail taxable shipping-taxable purchasable product-type-simple\">\n\t<a href=\"https:\/\/www.mosquetas.com\/fr\/pr\/huile-de-rose-musquee-du-chili-15ml-bio\/\" class=\"woocommerce-LoopProduct-link woocommerce-loop-product__link\"><img loading=\"lazy\" decoding=\"async\" width=\"600\" height=\"600\" src=\"https:\/\/www.mosquetas.com\/wp-content\/uploads\/2015\/06\/base-foto-1000x1000-15completo-600x600.webp\" class=\"attachment-woocommerce_thumbnail size-woocommerce_thumbnail\" alt=\"Huile de Rose Musqu\u00e9e du Chili 15ml - Bio\" srcset=\"https:\/\/www.mosquetas.com\/wp-content\/uploads\/2015\/06\/base-foto-1000x1000-15completo-600x600.webp 600w, https:\/\/www.mosquetas.com\/wp-content\/uploads\/2015\/06\/base-foto-1000x1000-15completo-100x100.webp 100w, https:\/\/www.mosquetas.com\/wp-content\/uploads\/2015\/06\/base-foto-1000x1000-15completo-300x300.webp 300w, https:\/\/www.mosquetas.com\/wp-content\/uploads\/2015\/06\/base-foto-1000x1000-15completo-150x150.webp 150w, https:\/\/www.mosquetas.com\/wp-content\/uploads\/2015\/06\/base-foto-1000x1000-15completo-768x768.webp 768w, https:\/\/www.mosquetas.com\/wp-content\/uploads\/2015\/06\/base-foto-1000x1000-15completo.webp 1000w\" sizes=\"auto, (max-width: 600px) 100vw, 600px\" \/><h2 class=\"woocommerce-loop-product__title\">Huile de Rose Musqu\u00e9e du Chili 15ml &#8211; Bio<\/h2>\n\t<span class=\"price\"><span class=\"woocommerce-Price-amount amount\"><bdi><span class=\"woocommerce-Price-currencySymbol\">&euro;<\/span>21,00<\/bdi><\/span><\/span>\n<\/a><a href=\"\/fr\/wp-json\/wp\/v2\/pages\/4633?add-to-cart=2487\" aria-describedby=\"woocommerce_loop_add_to_cart_link_describedby_2487\" data-quantity=\"1\" class=\"button product_type_simple add_to_cart_button ajax_add_to_cart\" data-product_id=\"2487\" data-product_sku=\"rosam15\" aria-label=\"Ajouter au panier\u00a0: &ldquo;Huile de Rose Musqu\u00e9e du Chili 15ml - Bio&rdquo;\" rel=\"nofollow\" data-success_message=\"\u00ab\u00a0Huile de Rose Musqu\u00e9e du Chili 15ml - Bio\u00a0\u00bb a \u00e9t\u00e9 ajout\u00e9 \u00e0 votre panier\" role=\"button\">Ajouter au panier<\/a>\t<span id=\"woocommerce_loop_add_to_cart_link_describedby_2487\" class=\"screen-reader-text\">\n\t\t\t<\/span>\n<\/li>\n<\/ul>\n<\/div>\n<h2>Huile de rose musqu\u00e9e du chili bio : avis<\/h2>\n<p>Huile de beaut\u00e9 par excellence, l\u2019<strong>huile de rose musqu\u00e9e bio du chili<\/strong> regorge de bienfaits pour le<br \/>\nvisage et le corps ! Gr\u00e2ce \u00e0 sa grande concentration en carot\u00e9no\u00efdes et en acides gras, l\u2019<strong>huile de rose musqu\u00e9e du chili bio<\/strong> r\u00e9g\u00e9n\u00e8re la peau, ralentit le vieillissement et favorise la cicatrisation.<\/p>\n<p>Les avis concernant l\u2019<strong>huile v\u00e9g\u00e9tale de rose musqu\u00e9e bio<\/strong> sont excellents, notamment pour le soin<br \/>\ndes peaux s\u00e8ches et matures. En effet, l\u2019<strong>huile v\u00e9g\u00e9tale de rose musqu\u00e9e du chili bio<\/strong> permet de<br \/>\nr\u00e9g\u00e9n\u00e9rer la peau en profondeur, mais aussi de la raffermir et de l\u2019assouplir, gr\u00e2ce \u00e0 sa composition<br \/>\nriche en principes actifs et antioxydants (acides gras essentiels, vitamines E et K et b\u00eata-carot\u00e8ne). L\u2019<strong>huile de rose musqu\u00e9e du chili bio avis<\/strong> sont donc tr\u00e8s positifs.<br \/>\nDe plus, l\u2019<strong>huile v\u00e9g\u00e9tale rose musqu\u00e9e bio<\/strong> peut \u00eatre appliqu\u00e9e sur tout le corps (cheveux compris),<br \/>\net est particuli\u00e8rement recommand\u00e9e aux changements de saisons, pour garder une peau \u00e9clatante \u00e9t\u00e9 comme hiver. Pour lutter contre le vieillissement, vous pouvez appliquer l\u2019<strong>huile v\u00e9g\u00e9tale rose musqu\u00e9e du chili bio<\/strong> comme une cr\u00e8me hydratante, matin et soir, seule ou associ\u00e9e \u00e0 des huiles essentielles. Pour att\u00e9nuer les cicatrices ou vergetures, appliquez l\u2019<strong>huile de rose musqu\u00e9e bio du chili<\/strong> pendant 1 mois matin et soir, sur la zone concern\u00e9e.<\/p>\n<p>Les personnes ayant test\u00e9 l\u2019<strong>huile v\u00e9g\u00e9tale de rose musqu\u00e9e du chili bio<\/strong> ont constat\u00e9 :<\/p>\n<p>\u2022 une meilleure hydratation et souplesse de leur peau<br \/>\n\u2022 une r\u00e9duction des rides, taches brunes et cicatrices (acn\u00e9, vergetures, m\u00eames anciennes !)<br \/>\n\u2022 des cheveux nourris et brillants<\/p>\n<p>Les avis concernant l\u2019<strong>huile v\u00e9g\u00e9tale rose musqu\u00e9e du chili bio<\/strong> sont particuli\u00e8rement bons pour les<br \/>\npeaux s\u00e8ches et matures, mais l\u2019<strong>huile de rose musqu\u00e9e du chili bio<\/strong> convient \u00e9galement aux peaux<br \/>\nsensibles, fragiles et d\u00e9vitalis\u00e9es. Ses applications sont innombrables, et l\u2019<strong>huile v\u00e9g\u00e9tale de rose<\/strong><br \/>\n<strong>musqu\u00e9e bio<\/strong> convient aussi aux peaux sujettes \u00e0 l\u2019ecz\u00e9ma, au psoriasis et \u00e0 la couperose. L\u2019<strong>huile<\/strong><br \/>\n<strong>v\u00e9g\u00e9tale rose musqu\u00e9e bio<\/strong> convient \u00e9galement aux femmes enceintes, et peut \u00eatre appliqu\u00e9e en<br \/>\npr\u00e9vention des vergetures li\u00e9es \u00e0 la grossesse.<\/p>\n","protected":false},"excerpt":{"rendered":"<p>Huile de rose musqu\u00e9e du chili bio : avis Huile de beaut\u00e9 par excellence, l\u2019huile de rose musqu\u00e9e bio du chili regorge de bienfaits pour le visage et le corps ! Gr\u00e2ce \u00e0 sa grande concentration en carot\u00e9no\u00efdes et en acides gras, l\u2019huile de rose musqu\u00e9e du chili bio r\u00e9g\u00e9n\u00e8re la peau, ralentit le vieillissement et favorise la cicatrisation. Les avis concernant l\u2019huile v\u00e9g\u00e9tale de rose musqu\u00e9e bio sont excellents, notamment pour le soin des peaux s\u00e8ches et matures. En effet, l\u2019huile v\u00e9g\u00e9tale de rose musqu\u00e9e du chili bio permet de r\u00e9g\u00e9n\u00e9rer la peau en profondeur, mais aussi de la raffermir et de l\u2019assouplir, gr\u00e2ce \u00e0 sa composition riche en principes actifs et antioxydants (acides gras essentiels, vitamines E et K et b\u00eata-carot\u00e8ne). L\u2019huile de rose musqu\u00e9e du chili bio avis sont donc tr\u00e8s positifs. De plus, l\u2019huile v\u00e9g\u00e9tale rose musqu\u00e9e bio peut \u00eatre appliqu\u00e9e sur tout le corps (cheveux compris), et est particuli\u00e8rement recommand\u00e9e aux changements de saisons, pour garder une peau \u00e9clatante \u00e9t\u00e9 comme hiver. Pour lutter contre le vieillissement, vous pouvez appliquer l\u2019huile v\u00e9g\u00e9tale rose musqu\u00e9e du chili bio comme une cr\u00e8me hydratante, matin et soir, seule ou associ\u00e9e \u00e0 des huiles essentielles. Pour att\u00e9nuer les cicatrices ou vergetures, appliquez l\u2019huile de rose musqu\u00e9e bio du chili pendant 1 mois matin et soir, sur la zone concern\u00e9e. Les personnes ayant test\u00e9 l\u2019huile v\u00e9g\u00e9tale de rose musqu\u00e9e du chili bio ont constat\u00e9 : \u2022 une meilleure hydratation et souplesse de leur peau \u2022 une r\u00e9duction des rides, taches brunes et cicatrices (acn\u00e9, vergetures, m\u00eames anciennes !) \u2022 des cheveux nourris et brillants Les avis concernant l\u2019huile v\u00e9g\u00e9tale rose musqu\u00e9e du chili bio sont particuli\u00e8rement bons pour les peaux s\u00e8ches et matures, mais l\u2019huile de rose musqu\u00e9e du chili bio convient \u00e9galement aux peaux sensibles, fragiles et d\u00e9vitalis\u00e9es. Ses applications sont innombrables, et l\u2019huile v\u00e9g\u00e9tale de rose musqu\u00e9e bio convient aussi aux peaux sujettes \u00e0 l\u2019ecz\u00e9ma, au psoriasis et \u00e0 la couperose. L\u2019huile v\u00e9g\u00e9tale rose musqu\u00e9e bio convient \u00e9galement aux femmes enceintes, et peut \u00eatre appliqu\u00e9e en pr\u00e9vention des vergetures li\u00e9es \u00e0 la grossesse.<\/p>\n","protected":false},"author":2,"featured_media":0,"parent":0,"menu_order":0,"comment_status":"closed","ping_status":"closed","template":"","meta":{"footnotes":""},"class_list":["post-4633","page","type-page","status-publish","hentry"],"blocksy_meta":[],"_links":{"self":[{"href":"https:\/\/www.mosquetas.com\/fr\/wp-json\/wp\/v2\/pages\/4633","targetHints":{"allow":["GET"]}}],"collection":[{"href":"https:\/\/www.mosquetas.com\/fr\/wp-json\/wp\/v2\/pages"}],"about":[{"href":"https:\/\/www.mosquetas.com\/fr\/wp-json\/wp\/v2\/types\/page"}],"author":[{"embeddable":true,"href":"https:\/\/www.mosquetas.com\/fr\/wp-json\/wp\/v2\/users\/2"}],"replies":[{"embeddable":true,"href":"https:\/\/www.mosquetas.com\/fr\/wp-json\/wp\/v2\/comments?post=4633"}],"version-history":[{"count":0,"href":"https:\/\/www.mosquetas.com\/fr\/wp-json\/wp\/v2\/pages\/4633\/revisions"}],"wp:attachment":[{"href":"https:\/\/www.mosquetas.com\/fr\/wp-json\/wp\/v2\/media?parent=4633"}],"curies":[{"name":"wp","href":"https:\/\/api.w.org\/{rel}","templated":true}]}}