{"id":4604,"date":"2022-02-16T08:46:01","date_gmt":"2022-02-16T07:46:01","guid":{"rendered":"https:\/\/www.mosquetas.com\/dha-omega-3\/"},"modified":"2022-02-16T08:46:01","modified_gmt":"2022-02-16T07:46:01","slug":"dha-omega-3","status":"publish","type":"page","link":"https:\/\/www.mosquetas.com\/fr\/dha-omega-3\/","title":{"rendered":"DHA om\u00e9ga 3"},"content":{"rendered":"<h2>Effets b\u00e9n\u00e9fiques des om\u00e9ga 3 DHA<\/h2>\n<p>Les om\u00e9ga 3 participent \u00e0 la synth\u00e8se des acides gras EPA-DHA dans le corps humain. Chacun d\u2019entre eux a diff\u00e9rents avantages pour la sant\u00e9. D\u00e9couvrez tous les <strong>bienfaits du DHA <a href=\"https:\/\/www.mosquetas.com\/fr\/omega-3\/\">des om\u00e9ga 3<\/a>\u00a0<\/strong>dans cet article.<br \/>\n\u200b\u200b<\/p>\n<div class=\"woocommerce columns-3 \"><ul class=\"products columns-3\" data-products=\"type-2\" data-hover=\"zoom-in\">\n<li class=\"product type-product post-2559 status-publish first instock product_cat-complements-alimentaires product_cat-livres product_cat-promos has-post-thumbnail taxable shipping-taxable purchasable product-type-simple\">\n\t<a href=\"https:\/\/www.mosquetas.com\/fr\/pr\/omegarosa-copia-2\/\" class=\"woocommerce-LoopProduct-link woocommerce-loop-product__link\"><img loading=\"lazy\" decoding=\"async\" width=\"600\" height=\"600\" src=\"https:\/\/www.mosquetas.com\/wp-content\/uploads\/2022\/03\/base-foto-1000x1000_omega-libro-600x600.webp\" class=\"attachment-woocommerce_thumbnail size-woocommerce_thumbnail\" alt=\"OMEGAROSA\u00ae X2 + Livre GRATUIT\" srcset=\"https:\/\/www.mosquetas.com\/wp-content\/uploads\/2022\/03\/base-foto-1000x1000_omega-libro-600x600.webp 600w, https:\/\/www.mosquetas.com\/wp-content\/uploads\/2022\/03\/base-foto-1000x1000_omega-libro-100x100.webp 100w, https:\/\/www.mosquetas.com\/wp-content\/uploads\/2022\/03\/base-foto-1000x1000_omega-libro-300x300.webp 300w, https:\/\/www.mosquetas.com\/wp-content\/uploads\/2022\/03\/base-foto-1000x1000_omega-libro-150x150.webp 150w, https:\/\/www.mosquetas.com\/wp-content\/uploads\/2022\/03\/base-foto-1000x1000_omega-libro-768x768.webp 768w, https:\/\/www.mosquetas.com\/wp-content\/uploads\/2022\/03\/base-foto-1000x1000_omega-libro.webp 1000w\" sizes=\"auto, (max-width: 600px) 100vw, 600px\" \/><h2 class=\"woocommerce-loop-product__title\">OMEGAROSA\u00ae X2 + Livre GRATUIT<\/h2>\n\t<span class=\"price\"><span class=\"woocommerce-Price-amount amount\"><bdi><span class=\"woocommerce-Price-currencySymbol\">&euro;<\/span>63,00<\/bdi><\/span><\/span>\n<\/a><a href=\"\/fr\/wp-json\/wp\/v2\/pages\/4604?add-to-cart=2559\" aria-describedby=\"woocommerce_loop_add_to_cart_link_describedby_2559\" data-quantity=\"1\" class=\"button product_type_simple add_to_cart_button ajax_add_to_cart\" data-product_id=\"2559\" data-product_sku=\"OMEGA-LIBRO\" aria-label=\"Ajouter au panier\u00a0: &ldquo;OMEGAROSA\u00ae X2 + Livre GRATUIT&rdquo;\" rel=\"nofollow\" data-success_message=\"\u00ab\u00a0OMEGAROSA\u00ae X2 + Livre GRATUIT\u00a0\u00bb a \u00e9t\u00e9 ajout\u00e9 \u00e0 votre panier\" role=\"button\">Ajouter au panier<\/a>\t<span id=\"woocommerce_loop_add_to_cart_link_describedby_2559\" class=\"screen-reader-text\">\n\t\t\t<\/span>\n<\/li>\n<li class=\"product type-product post-2554 status-publish instock product_cat-complements-alimentaires product_cat-livres product_cat-promos has-post-thumbnail taxable shipping-taxable purchasable product-type-simple\">\n\t<a href=\"https:\/\/www.mosquetas.com\/fr\/pr\/omegarosa-plus-copia-2\/\" class=\"woocommerce-LoopProduct-link woocommerce-loop-product__link\"><img loading=\"lazy\" decoding=\"async\" width=\"600\" height=\"600\" src=\"https:\/\/www.mosquetas.com\/wp-content\/uploads\/2022\/03\/base-foto-1000x1000_omegaplus-libro-600x600.webp\" class=\"attachment-woocommerce_thumbnail size-woocommerce_thumbnail\" alt=\"OMEGAROSA\u00ae plus 2X + Livre GRATUIT\" srcset=\"https:\/\/www.mosquetas.com\/wp-content\/uploads\/2022\/03\/base-foto-1000x1000_omegaplus-libro-600x600.webp 600w, https:\/\/www.mosquetas.com\/wp-content\/uploads\/2022\/03\/base-foto-1000x1000_omegaplus-libro-100x100.webp 100w, https:\/\/www.mosquetas.com\/wp-content\/uploads\/2022\/03\/base-foto-1000x1000_omegaplus-libro-300x300.webp 300w, https:\/\/www.mosquetas.com\/wp-content\/uploads\/2022\/03\/base-foto-1000x1000_omegaplus-libro-150x150.webp 150w, https:\/\/www.mosquetas.com\/wp-content\/uploads\/2022\/03\/base-foto-1000x1000_omegaplus-libro-768x768.webp 768w, https:\/\/www.mosquetas.com\/wp-content\/uploads\/2022\/03\/base-foto-1000x1000_omegaplus-libro.webp 1000w\" sizes=\"auto, (max-width: 600px) 100vw, 600px\" \/><h2 class=\"woocommerce-loop-product__title\">OMEGAROSA\u00ae plus 2X + Livre GRATUIT<\/h2>\n\t<span class=\"price\"><span class=\"woocommerce-Price-amount amount\"><bdi><span class=\"woocommerce-Price-currencySymbol\">&euro;<\/span>63,00<\/bdi><\/span><\/span>\n<\/a><a href=\"\/fr\/wp-json\/wp\/v2\/pages\/4604?add-to-cart=2554\" aria-describedby=\"woocommerce_loop_add_to_cart_link_describedby_2554\" data-quantity=\"1\" class=\"button product_type_simple add_to_cart_button ajax_add_to_cart\" data-product_id=\"2554\" data-product_sku=\"OMEGAPLUS+LIBRO\" aria-label=\"Ajouter au panier\u00a0: &ldquo;OMEGAROSA\u00ae plus 2X + Livre GRATUIT&rdquo;\" rel=\"nofollow\" data-success_message=\"\u00ab\u00a0OMEGAROSA\u00ae plus 2X + Livre GRATUIT\u00a0\u00bb a \u00e9t\u00e9 ajout\u00e9 \u00e0 votre panier\" role=\"button\">Ajouter au panier<\/a>\t<span id=\"woocommerce_loop_add_to_cart_link_describedby_2554\" class=\"screen-reader-text\">\n\t\t\t<\/span>\n<\/li>\n<li class=\"product type-product post-2375 status-publish last instock product_cat-complements-alimentaires has-post-thumbnail featured taxable shipping-taxable purchasable product-type-simple\">\n\t<a href=\"https:\/\/www.mosquetas.com\/fr\/pr\/omegarosa-plus\/\" class=\"woocommerce-LoopProduct-link woocommerce-loop-product__link\"><img loading=\"lazy\" decoding=\"async\" width=\"600\" height=\"600\" src=\"https:\/\/www.mosquetas.com\/wp-content\/uploads\/2015\/07\/base-foto-1000x1000_omegaplus-600x600.webp\" class=\"attachment-woocommerce_thumbnail size-woocommerce_thumbnail\" alt=\"OMEGAROSA\u00ae plus\" srcset=\"https:\/\/www.mosquetas.com\/wp-content\/uploads\/2015\/07\/base-foto-1000x1000_omegaplus-600x600.webp 600w, https:\/\/www.mosquetas.com\/wp-content\/uploads\/2015\/07\/base-foto-1000x1000_omegaplus-100x100.webp 100w, https:\/\/www.mosquetas.com\/wp-content\/uploads\/2015\/07\/base-foto-1000x1000_omegaplus-300x300.webp 300w, https:\/\/www.mosquetas.com\/wp-content\/uploads\/2015\/07\/base-foto-1000x1000_omegaplus-150x150.webp 150w, https:\/\/www.mosquetas.com\/wp-content\/uploads\/2015\/07\/base-foto-1000x1000_omegaplus-768x768.webp 768w, https:\/\/www.mosquetas.com\/wp-content\/uploads\/2015\/07\/base-foto-1000x1000_omegaplus.webp 1000w\" sizes=\"auto, (max-width: 600px) 100vw, 600px\" \/><h2 class=\"woocommerce-loop-product__title\">OMEGAROSA\u00ae plus<\/h2>\n\t<span class=\"price\"><span class=\"woocommerce-Price-amount amount\"><bdi><span class=\"woocommerce-Price-currencySymbol\">&euro;<\/span>31,50<\/bdi><\/span><\/span>\n<\/a><a href=\"\/fr\/wp-json\/wp\/v2\/pages\/4604?add-to-cart=2375\" aria-describedby=\"woocommerce_loop_add_to_cart_link_describedby_2375\" data-quantity=\"1\" class=\"button product_type_simple add_to_cart_button ajax_add_to_cart\" data-product_id=\"2375\" data-product_sku=\"OMEGAPLUS\" aria-label=\"Ajouter au panier\u00a0: &ldquo;OMEGAROSA\u00ae plus&rdquo;\" rel=\"nofollow\" data-success_message=\"\u00ab\u00a0OMEGAROSA\u00ae plus\u00a0\u00bb a \u00e9t\u00e9 ajout\u00e9 \u00e0 votre panier\" role=\"button\">Ajouter au panier<\/a>\t<span id=\"woocommerce_loop_add_to_cart_link_describedby_2375\" class=\"screen-reader-text\">\n\t\t\t<\/span>\n<\/li>\n<li class=\"product type-product post-2379 status-publish first instock product_cat-promos product_cat-complements-alimentaires has-post-thumbnail taxable shipping-taxable purchasable product-type-simple\">\n\t<a href=\"https:\/\/www.mosquetas.com\/fr\/pr\/omegarosa\/\" class=\"woocommerce-LoopProduct-link woocommerce-loop-product__link\"><img loading=\"lazy\" decoding=\"async\" width=\"600\" height=\"600\" src=\"https:\/\/www.mosquetas.com\/wp-content\/uploads\/2015\/07\/base-foto-1000x1000_omega-600x600.webp\" class=\"attachment-woocommerce_thumbnail size-woocommerce_thumbnail\" alt=\"OMEGAROSA\u00ae\" srcset=\"https:\/\/www.mosquetas.com\/wp-content\/uploads\/2015\/07\/base-foto-1000x1000_omega-600x600.webp 600w, https:\/\/www.mosquetas.com\/wp-content\/uploads\/2015\/07\/base-foto-1000x1000_omega-100x100.webp 100w, https:\/\/www.mosquetas.com\/wp-content\/uploads\/2015\/07\/base-foto-1000x1000_omega-300x300.webp 300w, https:\/\/www.mosquetas.com\/wp-content\/uploads\/2015\/07\/base-foto-1000x1000_omega-150x150.webp 150w, https:\/\/www.mosquetas.com\/wp-content\/uploads\/2015\/07\/base-foto-1000x1000_omega-768x768.webp 768w, https:\/\/www.mosquetas.com\/wp-content\/uploads\/2015\/07\/base-foto-1000x1000_omega.webp 1000w\" sizes=\"auto, (max-width: 600px) 100vw, 600px\" \/><h2 class=\"woocommerce-loop-product__title\">OMEGAROSA\u00ae<\/h2>\n\t<span class=\"price\"><span class=\"woocommerce-Price-amount amount\"><bdi><span class=\"woocommerce-Price-currencySymbol\">&euro;<\/span>31,50<\/bdi><\/span><\/span>\n<\/a><a href=\"\/fr\/wp-json\/wp\/v2\/pages\/4604?add-to-cart=2379\" aria-describedby=\"woocommerce_loop_add_to_cart_link_describedby_2379\" data-quantity=\"1\" class=\"button product_type_simple add_to_cart_button ajax_add_to_cart\" data-product_id=\"2379\" data-product_sku=\"OMEGA\" aria-label=\"Ajouter au panier\u00a0: &ldquo;OMEGAROSA\u00ae&rdquo;\" rel=\"nofollow\" data-success_message=\"\u00ab\u00a0OMEGAROSA\u00ae\u00a0\u00bb a \u00e9t\u00e9 ajout\u00e9 \u00e0 votre panier\" role=\"button\">Ajouter au panier<\/a>\t<span id=\"woocommerce_loop_add_to_cart_link_describedby_2379\" class=\"screen-reader-text\">\n\t\t\t<\/span>\n<\/li>\n<\/ul>\n<\/div>\n<h2>Om\u00e9ga 3\u00a0DHA : bienfaits<\/h2>\n<p><strong>DHA, c\u2019est quoi<\/strong>? Alors, il s\u2019agit de l\u2019acide docosahexa\u00e9no\u00efque, un acide gras polyinsatur\u00e9 synth\u00e9tis\u00e9 \u00e0 partir des om\u00e9ga-3. Tout comme l\u2019<strong>EPA om\u00e9ga-3<\/strong>, le <strong>DHA om\u00e9ga-3 a des bienfaits<\/strong> (benefits) multiples sur le cerveau.<br \/>\nEn effet, le <strong>DHA om\u00e9ga-3<\/strong> est impliqu\u00e9 dans:<br \/>\n\u2022 L\u2019activit\u00e9 c\u00e9r\u00e9brale;<br \/>\n\u2022 La capacit\u00e9 d\u2019apprentissage;<br \/>\n\u2022 Les fonctions de m\u00e9morisation;<br \/>\n\u2022 Le temps de r\u00e9action;<br \/>\n\u2022 Le d\u00e9veloppement c\u00e9r\u00e9bral du f\u0153tus.<br \/>\nDe plus, il permet aussi de pr\u00e9server le c\u0153ur et la vision, en aidant \u00e0 limiter certaines pathologies (accident cardiovasculaire, DMLA, cataractes\u2026). Par ailleurs, le DHA om\u00e9ga-3 aurait un effet pr\u00e9ventif contre le <strong>cancer<\/strong>, et serait associ\u00e9 \u00e0 une diminution de l\u2019incidence des tumeurs.<br \/>\nLa carence en DHA om\u00e9ga favorise le risque de d\u00e9velopper une <strong>maladie<\/strong> neurod\u00e9g\u00e9n\u00e9rative (Alzheimer), des maladies cardiovasculaires et ophtalmiques, mais aussi des troubles de l\u2019humeur (pouvant aller jusqu\u2019\u00e0 une d\u00e9pression), Il est donc essentiel de consommer suffisamment d\u2019<strong>aliments<\/strong> (foods) <strong>riches en DHA<\/strong> <strong>om\u00e9ga-3<\/strong>. Comme le corps ne peut pas synth\u00e9tiser de lui-m\u00eame ces acides gras essentiels, il est indispensable d\u2019avoir une alimentation \u00e9quilibr\u00e9e.<br \/>\n<strong>O\u00f9 trouver de la DHA<\/strong>? Il est seulement possible d\u2019en trouver dans les produits de la mer. Voici les principaux aliments qui en contiennent:<br \/>\n\u2022 Huiles de foie de morue;<br \/>\n\u2022 Foies de morue;<br \/>\n\u2022 Maquereaux;<br \/>\n\u2022 Sardines;<br \/>\n\u2022 Saumons;<br \/>\n\u2022 Thons;<br \/>\n\u2022 Huitres;<br \/>\n\u2022 \u0152ufs de poisson.<br \/>\nLes besoins quotidiens recommand\u00e9s en DHA sont de 250 mg\/jour pour les adolescents et adultes. Si votre alimentation n\u2019est pas suffisante (par exemple si vous \u00eates <strong>vegan<\/strong> ou v\u00e9g\u00e9tarien), vous pouvez \u00e9galement recourir \u00e0 un <strong>suppl\u00e9ment DHA om\u00e9ga 3.<\/strong> Les compl\u00e9ments alimentaires <strong>om\u00e9ga-3 ne sont pas dangereux<\/strong> et le <strong>DHA ne pr\u00e9sente pas d\u2019effets secondaires<\/strong>, \u00e0 condition de respecter la posologie conseill\u00e9e.<br \/>\nL\u2019id\u00e9al est de prendre un compl\u00e9ment <strong>om\u00e9ga-3 DHA EPA<\/strong>, car l\u2019EPA agit de pair avec le DHA sur la sant\u00e9.<\/p>\n","protected":false},"excerpt":{"rendered":"<p>Effets b\u00e9n\u00e9fiques des om\u00e9ga 3 DHA Les om\u00e9ga 3 participent \u00e0 la synth\u00e8se des acides gras EPA-DHA dans le corps humain. Chacun d\u2019entre eux a diff\u00e9rents avantages pour la sant\u00e9. D\u00e9couvrez tous les bienfaits du DHA des om\u00e9ga 3\u00a0dans cet article. \u200b\u200b Om\u00e9ga 3\u00a0DHA : bienfaits DHA, c\u2019est quoi? Alors, il s\u2019agit de l\u2019acide docosahexa\u00e9no\u00efque, un acide gras polyinsatur\u00e9 synth\u00e9tis\u00e9 \u00e0 partir des om\u00e9ga-3. Tout comme l\u2019EPA om\u00e9ga-3, le DHA om\u00e9ga-3 a des bienfaits (benefits) multiples sur le cerveau. En effet, le DHA om\u00e9ga-3 est impliqu\u00e9 dans: \u2022 L\u2019activit\u00e9 c\u00e9r\u00e9brale; \u2022 La capacit\u00e9 d\u2019apprentissage; \u2022 Les fonctions de m\u00e9morisation; \u2022 Le temps de r\u00e9action; \u2022 Le d\u00e9veloppement c\u00e9r\u00e9bral du f\u0153tus. De plus, il permet aussi de pr\u00e9server le c\u0153ur et la vision, en aidant \u00e0 limiter certaines pathologies (accident cardiovasculaire, DMLA, cataractes\u2026). Par ailleurs, le DHA om\u00e9ga-3 aurait un effet pr\u00e9ventif contre le cancer, et serait associ\u00e9 \u00e0 une diminution de l\u2019incidence des tumeurs. La carence en DHA om\u00e9ga favorise le risque de d\u00e9velopper une maladie neurod\u00e9g\u00e9n\u00e9rative (Alzheimer), des maladies cardiovasculaires et ophtalmiques, mais aussi des troubles de l\u2019humeur (pouvant aller jusqu\u2019\u00e0 une d\u00e9pression), Il est donc essentiel de consommer suffisamment d\u2019aliments (foods) riches en DHA om\u00e9ga-3. Comme le corps ne peut pas synth\u00e9tiser de lui-m\u00eame ces acides gras essentiels, il est indispensable d\u2019avoir une alimentation \u00e9quilibr\u00e9e. O\u00f9 trouver de la DHA? Il est seulement possible d\u2019en trouver dans les produits de la mer. Voici les principaux aliments qui en contiennent: \u2022 Huiles de foie de morue; \u2022 Foies de morue; \u2022 Maquereaux; \u2022 Sardines; \u2022 Saumons; \u2022 Thons; \u2022 Huitres; \u2022 \u0152ufs de poisson. Les besoins quotidiens recommand\u00e9s en DHA sont de 250 mg\/jour pour les adolescents et adultes. Si votre alimentation n\u2019est pas suffisante (par exemple si vous \u00eates vegan ou v\u00e9g\u00e9tarien), vous pouvez \u00e9galement recourir \u00e0 un suppl\u00e9ment DHA om\u00e9ga 3. Les compl\u00e9ments alimentaires om\u00e9ga-3 ne sont pas dangereux et le DHA ne pr\u00e9sente pas d\u2019effets secondaires, \u00e0 condition de respecter la posologie conseill\u00e9e. L\u2019id\u00e9al est de prendre un compl\u00e9ment om\u00e9ga-3 DHA EPA, car l\u2019EPA agit de pair avec le DHA sur la sant\u00e9.<\/p>\n","protected":false},"author":2,"featured_media":0,"parent":0,"menu_order":0,"comment_status":"closed","ping_status":"closed","template":"","meta":{"footnotes":""},"class_list":["post-4604","page","type-page","status-publish","hentry"],"blocksy_meta":[],"_links":{"self":[{"href":"https:\/\/www.mosquetas.com\/fr\/wp-json\/wp\/v2\/pages\/4604","targetHints":{"allow":["GET"]}}],"collection":[{"href":"https:\/\/www.mosquetas.com\/fr\/wp-json\/wp\/v2\/pages"}],"about":[{"href":"https:\/\/www.mosquetas.com\/fr\/wp-json\/wp\/v2\/types\/page"}],"author":[{"embeddable":true,"href":"https:\/\/www.mosquetas.com\/fr\/wp-json\/wp\/v2\/users\/2"}],"replies":[{"embeddable":true,"href":"https:\/\/www.mosquetas.com\/fr\/wp-json\/wp\/v2\/comments?post=4604"}],"version-history":[{"count":0,"href":"https:\/\/www.mosquetas.com\/fr\/wp-json\/wp\/v2\/pages\/4604\/revisions"}],"wp:attachment":[{"href":"https:\/\/www.mosquetas.com\/fr\/wp-json\/wp\/v2\/media?parent=4604"}],"curies":[{"name":"wp","href":"https:\/\/api.w.org\/{rel}","templated":true}]}}