{"id":4000,"date":"2019-09-12T07:48:21","date_gmt":"2019-09-12T05:48:21","guid":{"rendered":"https:\/\/www.mosquetas.com\/anti-age-bio\/"},"modified":"2019-09-12T07:48:21","modified_gmt":"2019-09-12T05:48:21","slug":"anti-age-bio","status":"publish","type":"page","link":"https:\/\/www.mosquetas.com\/fr\/anti-age-bio\/","title":{"rendered":"Anti \u00e2ge bio"},"content":{"rendered":"<h2>Cr\u00e8me bio anti \u00e2ge<\/h2>\n<p>Pour un visage\u00a0\u00e9clatant de jeunesse, il est essentiel d\u2019appliquer un <strong>anti \u00e2ge bio<\/strong> quotidiennement. Les bienfaits de la <strong>cr\u00e8me bio anti \u00e2ge<\/strong> Mosqueta\u2019s pour le visage ne sont plus \u00e0 d\u00e9montrer\u00a0: r\u00e9g\u00e9n\u00e9ration cellulaire, gommage des rides, fermet\u00e9\u2026 Le <strong>bio anti \u00e2ge<\/strong> est un <a href=\"https:\/\/www.mosquetas.com\/fr\/huile-de-rose-musquee-bio-du-chili\/\">soin naturel<\/a> \u00e0 s\u2019offrir absolument\u00a0!<\/p>\n<h2>Soin anti \u00e2ge bio<\/h2>\n<p>Appliquez un <strong>soin anti \u00e2ge bio<\/strong> vous permettra de pr\u00e9venir le vieillissement, d\u2019att\u00e9nuer les rides et de conserver un visage jeune le plus longtemps possible. Pour de meilleurs r\u00e9sultats, appliquez l\u2019<strong>anti \u00e2ge bio<\/strong> chaque jour, matin et soir. Le <strong>bio anti \u00e2ge<\/strong> est un v\u00e9ritable \u00e9lixir de jouvence\u00a0!<\/p>\n<h2>Cr\u00e8me anti \u00e2ge bio avis<\/h2>\n<p>Les <strong>cr\u00e8me anti \u00e2ge bio avis<\/strong> sont unanimes\u00a0: appliquez quotidiennement, l\u2019<strong>anti \u00e2ge bio<\/strong> permet de garder un visage jeune en favorisant la r\u00e9g\u00e9n\u00e9ration de la peau. Le <strong>bio anti \u00e2ge<\/strong> est la garantie d\u2019une peau plus lisse et \u00e9clatante au quotidien, \u00e0 inclure absolument dans sa routine beaut\u00e9\u00a0!<\/p>\n","protected":false},"excerpt":{"rendered":"<p>Cr\u00e8me bio anti \u00e2ge Pour un visage\u00a0\u00e9clatant de jeunesse, il est essentiel d\u2019appliquer un anti \u00e2ge bio quotidiennement. Les bienfaits de la cr\u00e8me bio anti \u00e2ge Mosqueta\u2019s pour le visage ne sont plus \u00e0 d\u00e9montrer\u00a0: r\u00e9g\u00e9n\u00e9ration cellulaire, gommage des rides, fermet\u00e9\u2026 Le bio anti \u00e2ge est un soin naturel \u00e0 s\u2019offrir absolument\u00a0! Soin anti \u00e2ge bio Appliquez un soin anti \u00e2ge bio vous permettra de pr\u00e9venir le vieillissement, d\u2019att\u00e9nuer les rides et de conserver un visage jeune le plus longtemps possible. Pour de meilleurs r\u00e9sultats, appliquez l\u2019anti \u00e2ge bio chaque jour, matin et soir. Le bio anti \u00e2ge est un v\u00e9ritable \u00e9lixir de jouvence\u00a0! Cr\u00e8me anti \u00e2ge bio avis Les cr\u00e8me anti \u00e2ge bio avis sont unanimes\u00a0: appliquez quotidiennement, l\u2019anti \u00e2ge bio permet de garder un visage jeune en favorisant la r\u00e9g\u00e9n\u00e9ration de la peau. Le bio anti \u00e2ge est la garantie d\u2019une peau plus lisse et \u00e9clatante au quotidien, \u00e0 inclure absolument dans sa routine beaut\u00e9\u00a0!<\/p>\n","protected":false},"author":2,"featured_media":0,"parent":0,"menu_order":0,"comment_status":"closed","ping_status":"closed","template":"","meta":{"footnotes":""},"class_list":["post-4000","page","type-page","status-publish","hentry"],"blocksy_meta":[],"_links":{"self":[{"href":"https:\/\/www.mosquetas.com\/fr\/wp-json\/wp\/v2\/pages\/4000","targetHints":{"allow":["GET"]}}],"collection":[{"href":"https:\/\/www.mosquetas.com\/fr\/wp-json\/wp\/v2\/pages"}],"about":[{"href":"https:\/\/www.mosquetas.com\/fr\/wp-json\/wp\/v2\/types\/page"}],"author":[{"embeddable":true,"href":"https:\/\/www.mosquetas.com\/fr\/wp-json\/wp\/v2\/users\/2"}],"replies":[{"embeddable":true,"href":"https:\/\/www.mosquetas.com\/fr\/wp-json\/wp\/v2\/comments?post=4000"}],"version-history":[{"count":0,"href":"https:\/\/www.mosquetas.com\/fr\/wp-json\/wp\/v2\/pages\/4000\/revisions"}],"wp:attachment":[{"href":"https:\/\/www.mosquetas.com\/fr\/wp-json\/wp\/v2\/media?parent=4000"}],"curies":[{"name":"wp","href":"https:\/\/api.w.org\/{rel}","templated":true}]}}