{"id":3317,"date":"2023-07-19T19:59:09","date_gmt":"2023-07-19T17:59:09","guid":{"rendered":"https:\/\/www.mosquetas.com\/?page_id=3317"},"modified":"2023-08-30T15:58:47","modified_gmt":"2023-08-30T13:58:47","slug":"huile-de-rose-musquee","status":"publish","type":"page","link":"https:\/\/www.mosquetas.com\/fr\/huile-de-rose-musquee\/","title":{"rendered":"Huile de Rose Musqu\u00e9e"},"content":{"rendered":"<h1>Huile de Rose Musqu\u00e9e<\/h1>\n<p><strong><img loading=\"lazy\" decoding=\"async\" src=\"https:\/\/www.mosquetas.com\/wp-content\/uploads\/2023\/08\/Rosa_rubiginosa-e1436802320724-300x265.jpg.webp\" alt=\"\" width=\"159\" height=\"140\" \/><\/strong><\/p>\n<p>La\u00a0Rose Musqu\u00e9e\u00a0(<em>Rosa affinis rubiginosa<\/em>) est un arbuste sauvage de la famille des Rosac\u00e9es,\u00a0semblable sous divers aspects \u00e0 l\u2019\u00e9glantier, qui pousse spontan\u00e9ment dans la zone centre-sud du Chili dans un climat temp\u00e9r\u00e9 et pluvieux. Les tiges et les branches sont couvertes d\u2019\u00e9pines et les fleurs sont de couleur rose ou blanche.<\/p>\n<p>Cet arbuste fleurit entre les mois d\u2019octobre et d\u00e9cembre, produisant un fruit de couleur rouge contenant de nombreuses graines.<\/p>\n<p>C\u2019est des\u00a0graines\u00a0que l\u2019on obtient l\u2019\u00e9l\u00e9ment le plus pr\u00e9cieux: une huile qui met en \u00e9vidence la pr\u00e9sence \u00e9quilibr\u00e9e et simultan\u00e9e des\u00a0deux acides gras polyinsatur\u00e9s essentiels: l\u2019acide Linol\u00e9ique\u00a045%\u00a0(Omega 6) et l\u2019acide\u00a0Alphalinolenique\u00a035%\u00a0(Omega 3), accompagn\u00e9s et prot\u00e9g\u00e9s par une concentration importante d\u2019antioxydants naturels,\u00a0Tocoph\u00e9rols\u00a0\u00a0(Vitamine E) et\u00a0Carot\u00e9no\u00efdes,\u00a0ainsi que de nombreux\u00a0Phytost\u00e9rols.<br \/>Ces acides gras sont des compos\u00e9s importants des\u00a0membranes cellulaires\u00a0et\u00a0 pr\u00e9curseurs de prostaglandines\u00a0(compos\u00e9s \u00e0 l\u2019activit\u00e9 hormono-similaire qui activent la r\u00e9g\u00e9n\u00e9ration des membranes).<\/p>\n<p>Ils contribuent au maintien de la\u00a0fonctionnalit\u00e9 cellulaire\u00a0et des\u00a0m\u00e9canismes de d\u00e9fense\u00a0favorisant ainsi la\u00a0r\u00e9g\u00e9n\u00e9ration des tissus.<\/p>\n<p>L\u2019Huile de\u00a0Rose Musqu\u00e9e\u00a0est esth\u00e9tiquement efficace dans le traitement des:<\/p>\n<ul>\n<li>cicatrices<\/li>\n<li>ch\u00e9lo\u00efdes<\/li>\n<li>vergetures<\/li>\n<li>vieillissement pr\u00e9matur\u00e9 des tissus cutan\u00e9s<\/li>\n<li>att\u00e9nuation des rides d\u2019expression<\/li>\n<li>br\u00fblures<\/li>\n<li>dommages d\u00fbs \u00e0 l\u2019exposition au soleil<\/li>\n<\/ul>\n<p>Mosqueta\u2019s\u00ae\u00a0\u00a0d\u2019ITALCHILE a \u00e9t\u00e9\u00a0la premi\u00e8re\u00a0huile de\u00a0Rose Musqu\u00e9e\u00a0du Chili obtenue par\u00a0pression \u00e0 froid\u00a0,\u00a0la premi\u00e8re\u00a0certifi\u00e9e\u00a0biologique.<\/p>\n<p>L\u2019huile\u00a0Mosqueta\u2019s\u00ae\u00a0est \u00e9galement un pr\u00e9cieux compl\u00e9ment nutritionnel naturel\u00a0gr\u00e2ce \u00e0 son contenu \u00e9lev\u00e9 en Om\u00e9ga 3, qui aide \u00e0 maintenir les taux normaux du cholest\u00e9rol dans le sang.<\/p>\n<p><strong>\u00a0<\/strong><\/p>\n","protected":false},"excerpt":{"rendered":"<p>Huile de Rose Musqu\u00e9e La\u00a0Rose Musqu\u00e9e\u00a0(Rosa affinis rubiginosa) est un arbuste sauvage de la famille des Rosac\u00e9es,\u00a0semblable sous divers aspects \u00e0 l\u2019\u00e9glantier, qui pousse spontan\u00e9ment dans la zone centre-sud du Chili dans un climat temp\u00e9r\u00e9 et pluvieux. Les tiges et les branches sont couvertes d\u2019\u00e9pines et les fleurs sont de couleur rose ou blanche. Cet arbuste fleurit entre les mois d\u2019octobre et d\u00e9cembre, produisant un fruit de couleur rouge contenant de nombreuses graines. C\u2019est des\u00a0graines\u00a0que l\u2019on obtient l\u2019\u00e9l\u00e9ment le plus pr\u00e9cieux: une huile qui met en \u00e9vidence la pr\u00e9sence \u00e9quilibr\u00e9e et simultan\u00e9e des\u00a0deux acides gras polyinsatur\u00e9s essentiels: l\u2019acide Linol\u00e9ique\u00a045%\u00a0(Omega 6) et l\u2019acide\u00a0Alphalinolenique\u00a035%\u00a0(Omega 3), accompagn\u00e9s et prot\u00e9g\u00e9s par une concentration importante d\u2019antioxydants naturels,\u00a0Tocoph\u00e9rols\u00a0\u00a0(Vitamine E) et\u00a0Carot\u00e9no\u00efdes,\u00a0ainsi que de nombreux\u00a0Phytost\u00e9rols.Ces acides gras sont des compos\u00e9s importants des\u00a0membranes cellulaires\u00a0et\u00a0 pr\u00e9curseurs de prostaglandines\u00a0(compos\u00e9s \u00e0 l\u2019activit\u00e9 hormono-similaire qui activent la r\u00e9g\u00e9n\u00e9ration des membranes). Ils contribuent au maintien de la\u00a0fonctionnalit\u00e9 cellulaire\u00a0et des\u00a0m\u00e9canismes de d\u00e9fense\u00a0favorisant ainsi la\u00a0r\u00e9g\u00e9n\u00e9ration des tissus. L\u2019Huile de\u00a0Rose Musqu\u00e9e\u00a0est esth\u00e9tiquement efficace dans le traitement des: cicatrices ch\u00e9lo\u00efdes vergetures vieillissement pr\u00e9matur\u00e9 des tissus cutan\u00e9s att\u00e9nuation des rides d\u2019expression br\u00fblures dommages d\u00fbs \u00e0 l\u2019exposition au soleil Mosqueta\u2019s\u00ae\u00a0\u00a0d\u2019ITALCHILE a \u00e9t\u00e9\u00a0la premi\u00e8re\u00a0huile de\u00a0Rose Musqu\u00e9e\u00a0du Chili obtenue par\u00a0pression \u00e0 froid\u00a0,\u00a0la premi\u00e8re\u00a0certifi\u00e9e\u00a0biologique. L\u2019huile\u00a0Mosqueta\u2019s\u00ae\u00a0est \u00e9galement un pr\u00e9cieux compl\u00e9ment nutritionnel naturel\u00a0gr\u00e2ce \u00e0 son contenu \u00e9lev\u00e9 en Om\u00e9ga 3, qui aide \u00e0 maintenir les taux normaux du cholest\u00e9rol dans le sang. \u00a0<\/p>\n","protected":false},"author":1,"featured_media":0,"parent":0,"menu_order":0,"comment_status":"closed","ping_status":"closed","template":"","meta":{"footnotes":""},"class_list":["post-3317","page","type-page","status-publish","hentry"],"blocksy_meta":{"styles_descriptor":{"styles":{"desktop":"","tablet":"","mobile":""},"google_fonts":[],"version":6},"page_title_panel":"","has_hero_section":"disabled","1d15b7934ff424ab25737f2d764de13a":"","hero_section":"type-1","hero_elements":[{"id":"custom_title","enabled":true,"heading_tag":"h1","title":"Home"},{"id":"custom_description","enabled":true,"description_visibility":{"desktop":true,"tablet":true,"mobile":false}},{"id":"custom_meta","enabled":false,"meta_elements":[{"id":"author","enabled":true,"label":"By","has_author_avatar":"yes","avatar_size":25},{"id":"post_date","enabled":true,"label":"On","date_format_source":"default","date_format":"M j, Y"},{"id":"updated_date","enabled":false,"label":"On","date_format_source":"default","date_format":"M j, Y"},{"id":"categories","enabled":false,"label":"In","style":"simple"},{"id":"comments","enabled":true}],"page_meta_elements":{"joined":true,"articles_count":true,"comments":true}},{"id":"breadcrumbs","enabled":false}],"e377139f0e48a4cb5a64798ea8d651b9":"","hero_alignment1":"CT_CSS_SKIP_RULE","hero_margin":40,"hero_alignment2":"center","hero_vertical_alignment":"center","af09189de71c08c18e1cd076aeaad8fe":"","hero_structure":"narrow","4241a204ae10e70836b130f646a7f2d5":"","page_title_bg_type":"featured_image","custom_hero_background":{"attachment_id":null},"page_title_image_size":"full","parallax":{"desktop":false,"tablet":false,"mobile":false},"37c6846e78051bc32791c6958664507d":"","hero_height":"250px","pageTitleFont":{"family":"Default","variation":"Default","size":"30px","line-height":"CT_CSS_SKIP_RULE","letter-spacing":"CT_CSS_SKIP_RULE","text-transform":"CT_CSS_SKIP_RULE","text-decoration":"CT_CSS_SKIP_RULE"},"pageTitleFontColor":{"default":{"color":"CT_CSS_SKIP_RULEDEFAULT"}},"pageMetaFont":{"family":"Default","variation":"n6","size":"12px","line-height":"1.3","letter-spacing":"CT_CSS_SKIP_RULE","text-transform":"uppercase","text-decoration":"CT_CSS_SKIP_RULE"},"pageMetaFontColor":{"default":{"color":"CT_CSS_SKIP_RULEDEFAULT"},"hover":{"color":"CT_CSS_SKIP_RULEDEFAULT"}},"page_meta_button_type_font_colors":{"default":{"color":"CT_CSS_SKIP_RULEDEFAULT"},"hover":{"color":"CT_CSS_SKIP_RULEDEFAULT"}},"page_meta_button_type_background_colors":{"default":{"color":"CT_CSS_SKIP_RULEDEFAULT"},"hover":{"color":"CT_CSS_SKIP_RULEDEFAULT"}},"pageExcerptFont":{"family":"Default","variation":"Default","size":"CT_CSS_SKIP_RULE","line-height":"CT_CSS_SKIP_RULE","letter-spacing":"CT_CSS_SKIP_RULE","text-transform":"CT_CSS_SKIP_RULE","text-decoration":"CT_CSS_SKIP_RULE"},"pageExcerptColor":{"default":{"color":"CT_CSS_SKIP_RULEDEFAULT"}},"breadcrumbsFont":{"family":"Default","variation":"Default","size":"CT_CSS_SKIP_RULE","line-height":"CT_CSS_SKIP_RULE","letter-spacing":"CT_CSS_SKIP_RULE","text-transform":"CT_CSS_SKIP_RULE","text-decoration":"CT_CSS_SKIP_RULE"},"breadcrumbsFontColor":{"default":{"color":"CT_CSS_SKIP_RULEDEFAULT"},"initial":{"color":"CT_CSS_SKIP_RULEDEFAULT"},"hover":{"color":"CT_CSS_SKIP_RULEDEFAULT"}},"pageTitleOverlay":{"background_type":"color","background_pattern":"type-1","background_image":{"attachment_id":null,"x":0,"y":0},"gradient":"linear-gradient(135deg,rgba(6,147,227,1) 0%,rgb(155,81,224) 100%)","background_repeat":"repeat","background_size":"auto","background_attachment":"scroll","patternColor":{"default":{"color":"#e5e7ea"}},"overlayColor":{"default":{"color":"CT_CSS_SKIP_RULE"}},"backgroundColor":{"default":{"color":"CT_CSS_SKIP_RULE"}}},"pageTitleBackground":{"background_type":"color","background_pattern":"type-1","background_image":{"attachment_id":null,"x":0,"y":0},"gradient":"linear-gradient(135deg,rgba(6,147,227,1) 0%,rgb(155,81,224) 100%)","background_repeat":"repeat","background_size":"auto","background_attachment":"scroll","patternColor":{"default":{"color":"#e5e7ea"}},"overlayColor":{"default":{"color":"CT_CSS_SKIP_RULE"}},"backgroundColor":{"default":{"color":"var(--theme-palette-color-6)"}}},"pageTitlePadding":{"top":"50px","bottom":"50px","left":"auto","right":"auto","linked":true},"a8fa859ceafab67cbfce97e380ccc088":"","page_structure_type":"default","2c44625e200027fb7003d1deb510aed8":"","content_style_source":"inherit","content_style":"wide","vertical_spacing_source":"custom","content_area_spacing":"none","background":{"background_type":"color","background_pattern":"type-1","background_image":{"attachment_id":null,"x":0,"y":0},"gradient":"linear-gradient(135deg,rgba(6,147,227,1) 0%,rgb(155,81,224) 100%)","background_repeat":"repeat","background_size":"auto","background_attachment":"scroll","patternColor":{"default":{"color":"#e5e7ea"}},"overlayColor":{"default":{"color":"CT_CSS_SKIP_RULE"}},"backgroundColor":{"default":{"color":"CT_CSS_SKIP_RULE"}}},"content_background":{"background_type":"color","background_pattern":"type-1","background_image":{"attachment_id":null,"x":0,"y":0},"gradient":"linear-gradient(135deg,rgba(6,147,227,1) 0%,rgb(155,81,224) 100%)","background_repeat":"repeat","background_size":"auto","background_attachment":"scroll","patternColor":{"default":{"color":"#e5e7ea"}},"overlayColor":{"default":{"color":"CT_CSS_SKIP_RULE"}},"backgroundColor":{"default":{"color":"var(--theme-palette-color-8)"}}},"content_boxed_shadow":{"inherit":false,"blur":18,"spread":-6,"v_offset":12,"h_offset":0,"inset":false,"enable":true,"color":{"color":"rgba(34, 56, 101, 0.04)"}},"content_boxed_border":{"width":1,"style":"none","color":{"color":"rgba(44,62,80,0.2)"}},"content_boxed_radius":{"top":"3px","bottom":"3px","left":"3px","right":"3px","linked":true},"boxed_content_spacing":{"desktop":{"top":"40px","bottom":"40px","left":"40px","right":"40px","linked":true},"tablet":{"top":"35px","bottom":"35px","left":"35px","right":"35px","linked":true},"mobile":{"top":"20px","bottom":"20px","left":"20px","right":"20px","linked":true}},"b6a9da5a132a1b76f66ef374aa22372c":"","disable_featured_image":"no","disable_share_box":"no","disable_header":"no","disable_footer":"no"},"_links":{"self":[{"href":"https:\/\/www.mosquetas.com\/fr\/wp-json\/wp\/v2\/pages\/3317","targetHints":{"allow":["GET"]}}],"collection":[{"href":"https:\/\/www.mosquetas.com\/fr\/wp-json\/wp\/v2\/pages"}],"about":[{"href":"https:\/\/www.mosquetas.com\/fr\/wp-json\/wp\/v2\/types\/page"}],"author":[{"embeddable":true,"href":"https:\/\/www.mosquetas.com\/fr\/wp-json\/wp\/v2\/users\/1"}],"replies":[{"embeddable":true,"href":"https:\/\/www.mosquetas.com\/fr\/wp-json\/wp\/v2\/comments?post=3317"}],"version-history":[{"count":0,"href":"https:\/\/www.mosquetas.com\/fr\/wp-json\/wp\/v2\/pages\/3317\/revisions"}],"wp:attachment":[{"href":"https:\/\/www.mosquetas.com\/fr\/wp-json\/wp\/v2\/media?parent=3317"}],"curies":[{"name":"wp","href":"https:\/\/api.w.org\/{rel}","templated":true}]}}