{"id":2558,"date":"2022-03-22T09:39:53","date_gmt":"2022-03-22T08:39:53","guid":{"rendered":"https:\/\/www.mosquetas.com\/prodotto\/omegarosa-copia-2\/"},"modified":"2023-09-14T10:31:41","modified_gmt":"2023-09-14T08:31:41","slug":"omegarosa-copia-2","status":"publish","type":"product","link":"https:\/\/www.mosquetas.com\/es\/pr\/omegarosa-copia-2\/","title":{"rendered":"OMEGAROSA\u00ae X2 + Libro GRATIS"},"content":{"rendered":"<p>C\u00e1psulas de aceite extra virgen dinamizado de Rosa Mosqueta biol\u00f3gico, una de las pocas fuentes vegetales de los dos \u00e1cidos grasos esenciales Omega 3 \u2013 Omega 6 en proporci\u00f3n alta y equilibrada (35% \u2013 45%).<\/p>\n<p>90 c\u00e1psulas X2 + Libro GRATIS (edici\u00f3n italiana)<\/p>\n","protected":false},"excerpt":{"rendered":"<p>C\u00e1psulas de aceite extra virgen dinamizado de Rosa Mosqueta biol\u00f3gico<\/p>\n","protected":false},"featured_media":2596,"template":"","meta":[],"product_brand":[],"product_cat":[244,416,241],"product_tag":[],"class_list":{"0":"post-2558","1":"product","2":"type-product","3":"status-publish","4":"has-post-thumbnail","6":"product_cat-libros","7":"product_cat-promociones","8":"product_cat-suplementos","10":"first","11":"instock","12":"taxable","13":"shipping-taxable","14":"purchasable","15":"product-type-simple"},"_links":{"self":[{"href":"https:\/\/www.mosquetas.com\/es\/wp-json\/wp\/v2\/product\/2558","targetHints":{"allow":["GET"]}}],"collection":[{"href":"https:\/\/www.mosquetas.com\/es\/wp-json\/wp\/v2\/product"}],"about":[{"href":"https:\/\/www.mosquetas.com\/es\/wp-json\/wp\/v2\/types\/product"}],"wp:featuredmedia":[{"embeddable":true,"href":"https:\/\/www.mosquetas.com\/es\/wp-json\/wp\/v2\/media\/2596"}],"wp:attachment":[{"href":"https:\/\/www.mosquetas.com\/es\/wp-json\/wp\/v2\/media?parent=2558"}],"wp:term":[{"taxonomy":"product_brand","embeddable":true,"href":"https:\/\/www.mosquetas.com\/es\/wp-json\/wp\/v2\/product_brand?post=2558"},{"taxonomy":"product_cat","embeddable":true,"href":"https:\/\/www.mosquetas.com\/es\/wp-json\/wp\/v2\/product_cat?post=2558"},{"taxonomy":"product_tag","embeddable":true,"href":"https:\/\/www.mosquetas.com\/es\/wp-json\/wp\/v2\/product_tag?post=2558"}],"curies":[{"name":"wp","href":"https:\/\/api.w.org\/{rel}","templated":true}]}}