{"id":2543,"date":"2019-09-06T13:00:05","date_gmt":"2019-09-06T11:00:05","guid":{"rendered":"https:\/\/www.mosquetas.com\/prodotto\/rose-dor-aceite-virgen-bio-rosa-mosqueta-elicriso-30ml-bio\/"},"modified":"2023-09-14T10:31:39","modified_gmt":"2023-09-14T08:31:39","slug":"rose-dor-aceite-virgen-bio-rosa-mosqueta-elicriso-30ml-bio","status":"publish","type":"product","link":"https:\/\/www.mosquetas.com\/es\/pr\/rose-dor-aceite-virgen-bio-rosa-mosqueta-elicriso-30ml-bio\/","title":{"rendered":"Rose d\u2019Or \u2013 Aceite Extra Virgen Bio Rosa Mosqueta + Elicriso 30ml  \u2013  Bio"},"content":{"rendered":"<h3>HELICRISO + ROSA MOSQUETA\u00a0 \u00a0 La uni\u00f3n que hace fuerza<\/h3>\n<h4>2 plantas, s\u00edmbolo de la historia de Mosqueta\u2019s, combinan la magia de los Andes de Chile con la encantadora luz del sol Mediterr\u00e1neo.<\/h4>\n<p>&nbsp;<\/p>\n<p>El aceite Mosqueta&#8217;s, es el primer aceite de Rosa Mosqueta de Chile obtenido por presi\u00f3n en fr\u00edo, portador de propiedades \u00fanicas anti-edad.<\/p>\n<p>Helichrysum, flor de color amarillo dorado con un aroma embriagador, es reconocida por su acci\u00f3n beneficiosa en numerosos problemas de la piel.<\/p>\n<p>&nbsp;<\/p>\n<h3>ROSE D\u2019OR<\/h3>\n<p>gracias a la sinergia de estas dos plantas con cualidades excepcionales, ofrece un amplio espectro de acci\u00f3n y eficacia:<\/p>\n<ul>\n<li>Mejora visiblemente la piel fr\u00e1gil (cuperosis, eritema)<\/li>\n<li>Protege la piel dej\u00e1ndola suave y tersa<\/li>\n<li>Unifica el cutis<\/li>\n<\/ul>\n","protected":false},"excerpt":{"rendered":"<p>2 plantas, s\u00edmbolo de la historia de Mosqueta\u2019s, combinan la magia de los Andes de Chile con la encantadora luz del sol Mediterr\u00e1neo.<\/p>\n","protected":false},"featured_media":2622,"template":"","meta":[],"product_brand":[],"product_cat":[263],"product_tag":[],"class_list":{"0":"post-2543","1":"product","2":"type-product","3":"status-publish","4":"has-post-thumbnail","6":"product_cat-aceite","8":"first","9":"instock","10":"taxable","11":"shipping-taxable","12":"purchasable","13":"product-type-simple"},"_links":{"self":[{"href":"https:\/\/www.mosquetas.com\/es\/wp-json\/wp\/v2\/product\/2543","targetHints":{"allow":["GET"]}}],"collection":[{"href":"https:\/\/www.mosquetas.com\/es\/wp-json\/wp\/v2\/product"}],"about":[{"href":"https:\/\/www.mosquetas.com\/es\/wp-json\/wp\/v2\/types\/product"}],"wp:featuredmedia":[{"embeddable":true,"href":"https:\/\/www.mosquetas.com\/es\/wp-json\/wp\/v2\/media\/2622"}],"wp:attachment":[{"href":"https:\/\/www.mosquetas.com\/es\/wp-json\/wp\/v2\/media?parent=2543"}],"wp:term":[{"taxonomy":"product_brand","embeddable":true,"href":"https:\/\/www.mosquetas.com\/es\/wp-json\/wp\/v2\/product_brand?post=2543"},{"taxonomy":"product_cat","embeddable":true,"href":"https:\/\/www.mosquetas.com\/es\/wp-json\/wp\/v2\/product_cat?post=2543"},{"taxonomy":"product_tag","embeddable":true,"href":"https:\/\/www.mosquetas.com\/es\/wp-json\/wp\/v2\/product_tag?post=2543"}],"curies":[{"name":"wp","href":"https:\/\/api.w.org\/{rel}","templated":true}]}}