{"id":2529,"date":"2015-07-29T08:48:03","date_gmt":"2015-07-29T06:48:03","guid":{"rendered":"https:\/\/www.mosquetas.com\/prodotto\/exfoliante-suave-bio\/"},"modified":"2023-09-14T10:31:35","modified_gmt":"2023-09-14T08:31:35","slug":"exfoliante-suave-bio","status":"publish","type":"product","link":"https:\/\/www.mosquetas.com\/es\/pr\/exfoliante-suave-bio\/","title":{"rendered":"EXFOLIANTE SUAVE \u2013 BIO"},"content":{"rendered":"<p>Esencial para la regeneraci\u00f3n de la epidermis. Elimina las impurezas y las c\u00e9lulas muertas y recupera la piel. La exfoliaci\u00f3n es muy suave (gracias al polvo de arroz), asociado a la acci\u00f3n del aceite de Rosa Mosqueta* (regenerador) y S\u00e9samo* (emoliente) deja la piel suave sin irritar.<\/p>\n<p>75ml<\/p>\n<p>* de cultivo ecol\u00f3gico<\/p>\n","protected":false},"excerpt":{"rendered":"<p>Esencial para la regeneraci\u00f3n de la epidermis. Elimina las impurezas y las c\u00e9lulas muertas y recupera la piel<\/p>\n","protected":false},"featured_media":2863,"template":"","meta":[],"product_brand":[],"product_cat":[409,220],"product_tag":[],"class_list":{"0":"post-2529","1":"product","2":"type-product","3":"status-publish","4":"has-post-thumbnail","6":"product_cat-limpieza-y-tratamiento","7":"product_cat-linea-rosa-es","9":"first","10":"outofstock","11":"taxable","12":"shipping-taxable","13":"purchasable","14":"product-type-simple"},"_links":{"self":[{"href":"https:\/\/www.mosquetas.com\/es\/wp-json\/wp\/v2\/product\/2529","targetHints":{"allow":["GET"]}}],"collection":[{"href":"https:\/\/www.mosquetas.com\/es\/wp-json\/wp\/v2\/product"}],"about":[{"href":"https:\/\/www.mosquetas.com\/es\/wp-json\/wp\/v2\/types\/product"}],"wp:featuredmedia":[{"embeddable":true,"href":"https:\/\/www.mosquetas.com\/es\/wp-json\/wp\/v2\/media\/2863"}],"wp:attachment":[{"href":"https:\/\/www.mosquetas.com\/es\/wp-json\/wp\/v2\/media?parent=2529"}],"wp:term":[{"taxonomy":"product_brand","embeddable":true,"href":"https:\/\/www.mosquetas.com\/es\/wp-json\/wp\/v2\/product_brand?post=2529"},{"taxonomy":"product_cat","embeddable":true,"href":"https:\/\/www.mosquetas.com\/es\/wp-json\/wp\/v2\/product_cat?post=2529"},{"taxonomy":"product_tag","embeddable":true,"href":"https:\/\/www.mosquetas.com\/es\/wp-json\/wp\/v2\/product_tag?post=2529"}],"curies":[{"name":"wp","href":"https:\/\/api.w.org\/{rel}","templated":true}]}}