{"id":2521,"date":"2015-07-29T09:01:30","date_gmt":"2015-07-29T07:01:30","guid":{"rendered":"https:\/\/www.mosquetas.com\/prodotto\/crema-nutritiva-super-hidratante-bio\/"},"modified":"2023-09-14T10:31:33","modified_gmt":"2023-09-14T08:31:33","slug":"crema-nutritiva-super-hidratante-bio","status":"publish","type":"product","link":"https:\/\/www.mosquetas.com\/es\/pr\/crema-nutritiva-super-hidratante-bio\/","title":{"rendered":"CREMA NUTRITIVA SUPER HIDRATANTE \u2013 BIO"},"content":{"rendered":"<p>Crema para el rostro muy concentrada en agentes nutritivos (20% de aceites preciosos: Rosa Mosqueta*, Jojoba*, Aguacate*, Karit\u00e9*, S\u00e9samo*) y no grasa, asegura una r\u00e1pida y \u00f3ptima hidrataci\u00f3n. La riqueza de sus activos (extractos de Malva *, Lirio Blanco, Olivo* , Rosa Damascena*, Aloe Vera*) garantizan el bienestar y la protecci\u00f3n de la epidermis durante todo el d\u00eda. El \u00e1cido hialur\u00f3nico refuerza la acci\u00f3n hidratante.<\/p>\n<p>50ml<\/p>\n<p>* de cultivo ecol\u00f3gico<\/p>\n","protected":false},"excerpt":{"rendered":"<p>Crema para el rostro muy concentrada en agentes nutritivos y no grasa, asegura una r\u00e1pida y \u00f3ptima hidrataci\u00f3n<\/p>\n","protected":false},"featured_media":2853,"template":"","meta":[],"product_brand":[],"product_cat":[405,220],"product_tag":[],"class_list":{"0":"post-2521","1":"product","2":"type-product","3":"status-publish","4":"has-post-thumbnail","6":"product_cat-cremas-faciales","7":"product_cat-linea-rosa-es","9":"first","10":"instock","11":"taxable","12":"shipping-taxable","13":"purchasable","14":"product-type-simple"},"_links":{"self":[{"href":"https:\/\/www.mosquetas.com\/es\/wp-json\/wp\/v2\/product\/2521","targetHints":{"allow":["GET"]}}],"collection":[{"href":"https:\/\/www.mosquetas.com\/es\/wp-json\/wp\/v2\/product"}],"about":[{"href":"https:\/\/www.mosquetas.com\/es\/wp-json\/wp\/v2\/types\/product"}],"wp:featuredmedia":[{"embeddable":true,"href":"https:\/\/www.mosquetas.com\/es\/wp-json\/wp\/v2\/media\/2853"}],"wp:attachment":[{"href":"https:\/\/www.mosquetas.com\/es\/wp-json\/wp\/v2\/media?parent=2521"}],"wp:term":[{"taxonomy":"product_brand","embeddable":true,"href":"https:\/\/www.mosquetas.com\/es\/wp-json\/wp\/v2\/product_brand?post=2521"},{"taxonomy":"product_cat","embeddable":true,"href":"https:\/\/www.mosquetas.com\/es\/wp-json\/wp\/v2\/product_cat?post=2521"},{"taxonomy":"product_tag","embeddable":true,"href":"https:\/\/www.mosquetas.com\/es\/wp-json\/wp\/v2\/product_tag?post=2521"}],"curies":[{"name":"wp","href":"https:\/\/api.w.org\/{rel}","templated":true}]}}