{"id":2514,"date":"2015-07-29T09:04:18","date_gmt":"2015-07-29T07:04:18","guid":{"rendered":"https:\/\/www.mosquetas.com\/prodotto\/crema-energia-antiarrugas-bio\/"},"modified":"2023-09-14T10:31:31","modified_gmt":"2023-09-14T08:31:31","slug":"crema-energia-antiarrugas-bio","status":"publish","type":"product","link":"https:\/\/www.mosquetas.com\/es\/pr\/crema-energia-antiarrugas-bio\/","title":{"rendered":"CREMA ENERGIA ANTIARRUGAS \u2013 BIO"},"content":{"rendered":"<p>Crema para el rostro antiedad muy rica en ingredientes preciosos: el aceite de Rosa Mosqueta* (regenerador) asociado con los aceites de Jojoba* y S\u00e9samo* (suavizantes, hidratantes), el Tepezcohuite y Ginseng* (estimulantes), el \u00e1cido Hialur\u00f3nico (mejora la hidrataci\u00f3n) aportan brillo, elasticidad y tonicidad a las epidermis cansadas. La piel se vuelve suave y agradablemente sedosa al tacto.<\/p>\n<p>50ml<\/p>\n<p>* de cultivo ecol\u00f3gico<\/p>\n","protected":false},"excerpt":{"rendered":"<p>Crema para el rostro antiedad muy rica en ingredientes preciosos<\/p>\n","protected":false},"featured_media":2848,"template":"","meta":[],"product_brand":[],"product_cat":[405,220],"product_tag":[],"class_list":{"0":"post-2514","1":"product","2":"type-product","3":"status-publish","4":"has-post-thumbnail","6":"product_cat-cremas-faciales","7":"product_cat-linea-rosa-es","9":"first","10":"instock","11":"taxable","12":"shipping-taxable","13":"purchasable","14":"product-type-simple"},"_links":{"self":[{"href":"https:\/\/www.mosquetas.com\/es\/wp-json\/wp\/v2\/product\/2514","targetHints":{"allow":["GET"]}}],"collection":[{"href":"https:\/\/www.mosquetas.com\/es\/wp-json\/wp\/v2\/product"}],"about":[{"href":"https:\/\/www.mosquetas.com\/es\/wp-json\/wp\/v2\/types\/product"}],"wp:featuredmedia":[{"embeddable":true,"href":"https:\/\/www.mosquetas.com\/es\/wp-json\/wp\/v2\/media\/2848"}],"wp:attachment":[{"href":"https:\/\/www.mosquetas.com\/es\/wp-json\/wp\/v2\/media?parent=2514"}],"wp:term":[{"taxonomy":"product_brand","embeddable":true,"href":"https:\/\/www.mosquetas.com\/es\/wp-json\/wp\/v2\/product_brand?post=2514"},{"taxonomy":"product_cat","embeddable":true,"href":"https:\/\/www.mosquetas.com\/es\/wp-json\/wp\/v2\/product_cat?post=2514"},{"taxonomy":"product_tag","embeddable":true,"href":"https:\/\/www.mosquetas.com\/es\/wp-json\/wp\/v2\/product_tag?post=2514"}],"curies":[{"name":"wp","href":"https:\/\/api.w.org\/{rel}","templated":true}]}}