{"id":2505,"date":"2015-07-29T09:14:31","date_gmt":"2015-07-29T07:14:31","guid":{"rendered":"https:\/\/www.mosquetas.com\/prodotto\/crema-fluida-corporal-bio\/"},"modified":"2023-09-14T10:31:27","modified_gmt":"2023-09-14T08:31:27","slug":"crema-fluida-corporal-bio","status":"publish","type":"product","link":"https:\/\/www.mosquetas.com\/es\/pr\/crema-fluida-corporal-bio\/","title":{"rendered":"CREMA FLUIDA CORPORAL \u2013 BIO"},"content":{"rendered":"<p>Crema fluida muy concentrada en Aceite de Rosa Mosqueta* (20 ml) esencial para la elasticidad de la piel. La Manteca de Karit\u00e9*, extractos de Cal\u00e9ndula*, Centella* y \u00e1cido Hialur\u00f3nico refuerzan la acci\u00f3n hidratante y reafirmante. Utilizada cada d\u00eda, recupera la suavidad y el aspecto satinado y sedoso de la piel.<\/p>\n<p>200ml<\/p>\n<p>* de cultivo ecol\u00f3gico<\/p>\n","protected":false},"excerpt":{"rendered":"<p>Crema fluida muy concentrada en Aceite de Rosa Mosqueta* (20 ml) esencial para la elasticidad de la piel<\/p>\n","protected":false},"featured_media":2833,"template":"","meta":[],"product_brand":[],"product_cat":[401,220],"product_tag":[],"class_list":{"0":"post-2505","1":"product","2":"type-product","3":"status-publish","4":"has-post-thumbnail","6":"product_cat-cremas-corporales","7":"product_cat-linea-rosa-es","9":"first","10":"instock","11":"taxable","12":"shipping-taxable","13":"purchasable","14":"product-type-simple"},"_links":{"self":[{"href":"https:\/\/www.mosquetas.com\/es\/wp-json\/wp\/v2\/product\/2505","targetHints":{"allow":["GET"]}}],"collection":[{"href":"https:\/\/www.mosquetas.com\/es\/wp-json\/wp\/v2\/product"}],"about":[{"href":"https:\/\/www.mosquetas.com\/es\/wp-json\/wp\/v2\/types\/product"}],"wp:featuredmedia":[{"embeddable":true,"href":"https:\/\/www.mosquetas.com\/es\/wp-json\/wp\/v2\/media\/2833"}],"wp:attachment":[{"href":"https:\/\/www.mosquetas.com\/es\/wp-json\/wp\/v2\/media?parent=2505"}],"wp:term":[{"taxonomy":"product_brand","embeddable":true,"href":"https:\/\/www.mosquetas.com\/es\/wp-json\/wp\/v2\/product_brand?post=2505"},{"taxonomy":"product_cat","embeddable":true,"href":"https:\/\/www.mosquetas.com\/es\/wp-json\/wp\/v2\/product_cat?post=2505"},{"taxonomy":"product_tag","embeddable":true,"href":"https:\/\/www.mosquetas.com\/es\/wp-json\/wp\/v2\/product_tag?post=2505"}],"curies":[{"name":"wp","href":"https:\/\/api.w.org\/{rel}","templated":true}]}}