{"id":2500,"date":"2015-07-29T09:16:55","date_gmt":"2015-07-29T07:16:55","guid":{"rendered":"https:\/\/www.mosquetas.com\/prodotto\/emulsion-40-bio\/"},"modified":"2023-12-21T10:31:10","modified_gmt":"2023-12-21T09:31:10","slug":"emulsion-40-bio","status":"publish","type":"product","link":"https:\/\/www.mosquetas.com\/es\/pr\/emulsion-40-bio\/","title":{"rendered":"EMULSION 40 &#8211; BIO"},"content":{"rendered":"<p>Tratamiento reparador espec\u00edfico para la noche, excepcionalmente rica en aceite de Rosa Mosqueta* (40%), regeneradora y reafirmante, asociado al hidrolato de Rosa Damascena* nutre e hidrata, es ideal para pieles maduras, cansadas y deshidratadas. Aporta una sensaci\u00f3n inmediata de bienestar. La piel aparece m\u00e1s firme y m\u00e1s brillante.<\/p>\n<p>50ml<\/p>\n<p>* de cultivo ecol\u00f3gico<\/p>\n","protected":false},"excerpt":{"rendered":"<p>Tratamiento reparador espec\u00edfico para la noche, excepcionalmente rica en aceite de Rosa Mosqueta* (40%)<\/p>\n","protected":false},"featured_media":2828,"template":"","meta":[],"product_brand":[],"product_cat":[405,220],"product_tag":[],"class_list":{"0":"post-2500","1":"product","2":"type-product","3":"status-publish","4":"has-post-thumbnail","6":"product_cat-cremas-faciales","7":"product_cat-linea-rosa-es","9":"first","10":"instock","11":"taxable","12":"shipping-taxable","13":"purchasable","14":"product-type-simple"},"_links":{"self":[{"href":"https:\/\/www.mosquetas.com\/es\/wp-json\/wp\/v2\/product\/2500","targetHints":{"allow":["GET"]}}],"collection":[{"href":"https:\/\/www.mosquetas.com\/es\/wp-json\/wp\/v2\/product"}],"about":[{"href":"https:\/\/www.mosquetas.com\/es\/wp-json\/wp\/v2\/types\/product"}],"wp:featuredmedia":[{"embeddable":true,"href":"https:\/\/www.mosquetas.com\/es\/wp-json\/wp\/v2\/media\/2828"}],"wp:attachment":[{"href":"https:\/\/www.mosquetas.com\/es\/wp-json\/wp\/v2\/media?parent=2500"}],"wp:term":[{"taxonomy":"product_brand","embeddable":true,"href":"https:\/\/www.mosquetas.com\/es\/wp-json\/wp\/v2\/product_brand?post=2500"},{"taxonomy":"product_cat","embeddable":true,"href":"https:\/\/www.mosquetas.com\/es\/wp-json\/wp\/v2\/product_cat?post=2500"},{"taxonomy":"product_tag","embeddable":true,"href":"https:\/\/www.mosquetas.com\/es\/wp-json\/wp\/v2\/product_tag?post=2500"}],"curies":[{"name":"wp","href":"https:\/\/api.w.org\/{rel}","templated":true}]}}