{"id":2484,"date":"2015-06-04T09:04:49","date_gmt":"2015-06-04T07:04:49","guid":{"rendered":"https:\/\/www.mosquetas.com\/prodotto\/aceite-de-rosa-mosqueta-del-chile-15ml-bio\/"},"modified":"2023-09-14T10:31:17","modified_gmt":"2023-09-14T08:31:17","slug":"aceite-de-rosa-mosqueta-del-chile-15ml-bio","status":"publish","type":"product","link":"https:\/\/www.mosquetas.com\/es\/pr\/aceite-de-rosa-mosqueta-del-chile-15ml-bio\/","title":{"rendered":"ACEITE DE ROSA MOSQUETA DEL CHILE 15ML &#8211; BIO"},"content":{"rendered":"<h3>Aceite de Rosa Mosqueta del Chile 15ml<\/h3>\n<p>Mosqueta\u2019s es el primer aceite de Rosa Mosqueta obtenido por presi\u00f3n en fr\u00edo con certificaci\u00f3n biol\u00f3gica y dinamizado.<\/p>\n<p>Las propiedades de este aceite son realmente \u00fanicas.<\/p>\n<p>Mosqueta\u2019s cl\u00e1sico: Aceite de Rosa Mosqueta virgen ecol\u00f3gico y dinamizado.<\/p>\n<p>Es un producto cosm\u00e9tico activo:<\/p>\n<ul>\n<li>para la regeneraci\u00f3n del tejido de la piel<\/li>\n<li>para la atenuaci\u00f3n de las manchas causadas por cicatrices y estr\u00edas<\/li>\n<li>para mantener la elasticidad de la piel-contra el envejecimiento prematuro de la piel<\/li>\n<li>contra piel seca<\/li>\n<li>contra las arrugas de expresi\u00f3n<\/li>\n<li>Contra el da\u00f1o causado por el sol<\/li>\n<\/ul>\n<p><strong>15 ml<\/strong><\/p>\n","protected":false},"excerpt":{"rendered":"<p>Aceite de Rosa Mosqueta obtenido por presi\u00f3n en fr\u00edo con certificaci\u00f3n biol\u00f3gica y dinamizado. 15 ml<\/p>\n","protected":false},"featured_media":2888,"template":"","meta":[],"product_brand":[],"product_cat":[263],"product_tag":[],"class_list":{"0":"post-2484","1":"product","2":"type-product","3":"status-publish","4":"has-post-thumbnail","6":"product_cat-aceite","8":"first","9":"instock","10":"taxable","11":"shipping-taxable","12":"purchasable","13":"product-type-simple"},"_links":{"self":[{"href":"https:\/\/www.mosquetas.com\/es\/wp-json\/wp\/v2\/product\/2484","targetHints":{"allow":["GET"]}}],"collection":[{"href":"https:\/\/www.mosquetas.com\/es\/wp-json\/wp\/v2\/product"}],"about":[{"href":"https:\/\/www.mosquetas.com\/es\/wp-json\/wp\/v2\/types\/product"}],"wp:featuredmedia":[{"embeddable":true,"href":"https:\/\/www.mosquetas.com\/es\/wp-json\/wp\/v2\/media\/2888"}],"wp:attachment":[{"href":"https:\/\/www.mosquetas.com\/es\/wp-json\/wp\/v2\/media?parent=2484"}],"wp:term":[{"taxonomy":"product_brand","embeddable":true,"href":"https:\/\/www.mosquetas.com\/es\/wp-json\/wp\/v2\/product_brand?post=2484"},{"taxonomy":"product_cat","embeddable":true,"href":"https:\/\/www.mosquetas.com\/es\/wp-json\/wp\/v2\/product_cat?post=2484"},{"taxonomy":"product_tag","embeddable":true,"href":"https:\/\/www.mosquetas.com\/es\/wp-json\/wp\/v2\/product_tag?post=2484"}],"curies":[{"name":"wp","href":"https:\/\/api.w.org\/{rel}","templated":true}]}}